{"id":2471,"date":"2014-12-17T21:49:41","date_gmt":"2014-12-17T21:49:41","guid":{"rendered":"https:\/\/monita.es\/politica-de-privacidad\/"},"modified":"2019-05-14T14:02:14","modified_gmt":"2019-05-14T14:02:14","slug":"politica-de-privacidad","status":"publish","type":"page","link":"https:\/\/monita.es\/fr\/politica-de-privacidad\/","title":{"rendered":"Politique de confidentialit\u00e9"},"content":{"rendered":"<p>1. UTILISATION ET TRAITEMENT DES DONN\u00c9ES \u00c0 CARACT\u00c8RE PERSONNEL<br \/>\n<strong>MO\u00d1ITA<\/strong> vous informe que les donn\u00e9es personnelles qui peuvent \u00eatre fournies, \u00e0 travers le site web, ainsi que celles qui pourraient \u00eatre fournies \u00e0 l&rsquo;avenir dans le cadre de votre relation juridique avec cette entit\u00e9, seront incorpor\u00e9es dans les fichiers appartenant \u00e0 <strong>MO\u00d1ITA<\/strong>, dont les coordonn\u00e9es figurent dans l&rsquo;en-t\u00eate.<\/p>\n<p>Ces fichiers sont destin\u00e9s \u00e0 g\u00e9rer, administrer, fournir des services ou fournir les produits que vous demandez, et le cas \u00e9ch\u00e9ant, pour l&rsquo;ex\u00e9cution des contrats que vous pouvez conclure, mieux conna\u00eetre vos go\u00fbts, adapter les services \u00e0 vos pr\u00e9f\u00e9rences, ainsi que pour offrir de nouveaux services ou produits et vous envoyer des informations relatives aux activit\u00e9s de <strong>MO\u00d1ITA<\/strong>, par tout moyen, y compris \u00e9lectronique. Les destinataires de l&rsquo;information recueillie seront principalement les employ\u00e9s de <strong>MO\u00d1ITA<\/strong>.<\/p>\n<p>Sauf pour les champs o\u00f9 le contraire est clairement d\u00e9fini \u00e0 l&rsquo;aide d&rsquo;un ast\u00e9risque (*), les r\u00e9ponses aux questions sur les donn\u00e9es personnelles sont volontaires, sans que le manque de r\u00e9ponse \u00e0 ces questions implique une r\u00e9duction de la qualit\u00e9 des services que vous sollicitez. Le fait de ne pas remplir les champs d\u00e9finis comme obligatoires ou de fournir des donn\u00e9es incorrectes emp\u00eachera <strong>MO\u00d1ITA<\/strong> de vous proposer les services ou les produits que vous sollicitez.<\/p>\n<p>Le consentement conf\u00e9r\u00e9 pour le traitement de vos donn\u00e9es personnelles peut \u00eatre r\u00e9voqu\u00e9 \u00e0 tout moment, en vous adressant \u00e0 <strong>MO\u00d1ITA<\/strong> par courrier ou par e-mail \u00e0 <a href=\"mailto:info@toldosmonita.com\">info@toldosmonita.com<\/a>.<\/p>\n<p>Les utilisateurs garantissent et affirment, dans tous les cas, de l&rsquo;exactitude, de la vigueur et de l&rsquo;authenticit\u00e9 des donn\u00e9es personnelles fournies et s&rsquo;engagent \u00e0 les maintenir \u00e0 jour.<\/p>\n<p>2. EXERCICE DES DROITS : ACC\u00c8S, RECTIFICATION, ANNULATION ET OPPOSITION<br \/>\nLes personnes physiques ayant fourni leurs donn\u00e9es personnelles \u00e0 <strong>MO\u00d1ITA<\/strong> pourront exercer gratuitement leur droit d&rsquo;acc\u00e8s, de correction, d&rsquo;annulation et d&rsquo;opposition concernant les donn\u00e9es enregistr\u00e9es dans les fichiers de <strong>MO\u00d1ITA<\/strong>.<\/p>\n<p>\u00c9tant donn\u00e9 le caract\u00e8re confidentiel de l&rsquo;information, vous ne pourrez pas exercer vos droits par t\u00e9l\u00e9phone. Vous pouvez uniquement le demander par tout moyen permettant de laisser une preuve d&rsquo;envoi et de r\u00e9ception et remettre une copie de votre carte d&rsquo;identit\u00e9 ou document \u00e9quivalent.<\/p>\n<p>L&rsquo;int\u00e9ress\u00e9 pourra exercer ses droits en s&rsquo;adressant par \u00e9crit \u00e0 MO\u00d1ITA \u00e0 l&rsquo;adresse inscrite sur la page d&rsquo;accueil ou \u00e0 l&rsquo;adresse \u00e9lectronique suivante : <a href=\"mailto:info@toldosmonita.com\">info@toldosmonita.com<\/a>.<\/p>\n<p>3. MESURES DE S\u00c9CURIT\u00c9<br \/>\n<strong>MO\u00d1ITA<\/strong> vous informe que les mesures de s\u00e9curit\u00e9 de nature techniques et organisationnelles n\u00e9cessaires pour garantir la s\u00e9curit\u00e9 de vos donn\u00e9es \u00e0 caract\u00e8re personnel ont \u00e9t\u00e9 mises en place. Elles permettent ainsi d&rsquo;\u00e9viter l&rsquo;alt\u00e9ration, la perte et le traitement et\/ou l&rsquo;acc\u00e8s non-autoris\u00e9, en prenant en compte l&rsquo;\u00e9tat de la technologie, la nature des donn\u00e9es sauvegard\u00e9es et les risques auxquels elles sont expos\u00e9es, provenant de l&rsquo;action humaine ou du milieu physique ou naturel.<\/p>\n<p>L&rsquo;utilisateur doit \u00eatre conscient que les mesures de s\u00e9curit\u00e9 d&rsquo;Internet ne sont pas totalement incontournables et compl\u00e8tement fiables et que <strong>MO\u00d1ITA<\/strong> ne peut garantir l&rsquo;inexistence de virus ou autres \u00e9l\u00e9ments qui pourraient provoquer des alt\u00e9rations sur les syst\u00e8mes informatiques (logiciels et mat\u00e9riel informatique) de l&rsquo;utilisateur.<\/p>\n<p>4. UTILISATION DE COOKIES<br \/>\nLes \u00ab\u00a0cookies\u00a0\u00bb sont un outil employ\u00e9 par les serveurs web pour stocker et r\u00e9cup\u00e9rer des informations au sujet des utilisateurs.<\/p>\n<p>Les \u00ab\u00a0cookies\u00a0\u00bb constituent des messages envoy\u00e9s par le serveur \u00e0 l&rsquo;ordinateur de l&rsquo;utilisateur, sous forme de fichiers textes qui se sauvegardent dans la m\u00e9moire de l&rsquo;ordinateur et qui r\u00e9cup\u00e8rent l&rsquo;information relative aux pages visit\u00e9es par l&rsquo;utilisateur, le temps de connexion \u00e0 Internet, etc. Les \u00ab\u00a0cookies\u00a0\u00bb sont de nouveau envoy\u00e9s au serveur \u00e0 chaque fois que l&rsquo;utilisateur ouvre cette page.<\/p>\n<p>L&rsquo;utilisation des \u00ab\u00a0cookies\u00a0\u00bb par <strong>MO\u00d1ITA<\/strong> vise \u00e0 personnaliser les services que nous vous offrons, en vous proposant toute l&rsquo;information pouvant vous int\u00e9resser. Si vous ne souhaitez pas que ces cookies s&rsquo;installent sur votre disque dur, vous pouvez configurer le navigateur internet de votre ordinateur pour ne plus les recevoir. Cependant, laissez nous vous faire remarquer que, dans ce cas, la qualit\u00e9 du fonctionnement du site Internet peut \u00eatre r\u00e9duite.<\/p>\n<p>Les \u00ab\u00a0cookies\u00a0\u00bb s&rsquo;associent uniquement \u00e0 un utilisateur anonyme et son ordinateur, et ne fournissent uniquement les donn\u00e9es du client. Ils ne peuvent en aucun cas lire les donn\u00e9es de votre disque dur, ou lire les archives cookie cr\u00e9\u00e9es pour d&rsquo;autres fournisseurs.<\/p>\n<p>Les \u00ab\u00a0logs\u00a0\u00bb sont des archives sauvegard\u00e9es dans le serveur de <strong>MO\u00d1ITA<\/strong> qui enregistre des donn\u00e9es sur votre navigation et nous permet de vous suivre en vous offrant les services que vous sollicitez. Ils nous aident \u00e9galement \u00e0 analyser le fonctionnement du syst\u00e8me, \u00e0 localiser les incidents et probl\u00e8mes pouvant surgir et les r\u00e9soudre le plus rapidement possible.<\/p>\n<p>5. MINEURS<br \/>\nEn supposant qu&rsquo;un des services ou produits soit adress\u00e9 \u00e0 des mineurs de moins de 14 ans. <strong>MO\u00d1ITA<\/strong> demandera le consentement des parents ou tuteurs pour recueillir les donn\u00e9es personnelles du mineur.<\/p>\n<p><strong>MO\u00d1ITA<\/strong> ne sera en aucun cas tenue responsable des donn\u00e9es de mineurs qui, sans l&rsquo;autorisation des parents ou tuteurs, ont \u00e9t\u00e9 fournies \u00e0 travers le site web de <strong>MO\u00d1ITA<\/strong>.<\/p>\n<p>6. MODIFICATION DE LA POLITIQUE DE CONFIDENTIALIT\u00c9<br \/>\n<strong>MO\u00d1ITA<\/strong> se r\u00e9serve le droit de modifier sa politique de confidentialit\u00e9, selon ses propres crit\u00e8res, ou motiv\u00e9e par un changement doctrinal de l&rsquo;autorit\u00e9 comp\u00e9tente en mati\u00e8re de protection des donn\u00e9es, l\u00e9gislatives ou jurisprudentielles. Toute modification de la politique de confidentialit\u00e9 sera publi\u00e9e avant la mise \u00e0 effet de son application. L&rsquo;utilisation du site web apr\u00e8s ces changements implique leur acceptation.<\/p>\n<p>7. L\u00c9GISLATION APPLICABLE<br \/>\nToute controverse d\u00e9coulant de l&rsquo;utilisation de ce site, sera r\u00e9gie, interpr\u00e9t\u00e9e et soumise conform\u00e9ment aux lois de l&rsquo;Espagne.<\/p>\n","protected":false},"excerpt":{"rendered":"<p>1. UTILISATION ET TRAITEMENT DES DONN\u00c9ES \u00c0 CARACT\u00c8RE PERSONNEL MO\u00d1ITA vous informe que les donn\u00e9es personnelles qui peuvent \u00eatre fournies, \u00e0 travers le site web, ainsi que celles qui pourraient \u00eatre fournies \u00e0 l&rsquo;avenir dans le cadre de votre relation juridique avec cette entit\u00e9, seront incorpor\u00e9es dans les fichiers appartenant \u00e0 MO\u00d1ITA, dont les coordonn\u00e9es &#8230; <a title=\"Politique de confidentialit\u00e9\" class=\"read-more\" href=\"https:\/\/monita.es\/fr\/politica-de-privacidad\/\" aria-label=\"En savoir plus sur Politique de confidentialit\u00e9\">Leer m\u00e1s<\/a><\/p>\n","protected":false},"author":2,"featured_media":0,"parent":0,"menu_order":21,"comment_status":"closed","ping_status":"closed","template":"","meta":{"footnotes":""},"class_list":["post-2471","page","type-page","status-publish"],"yoast_head":"<!-- This site is optimized with the Yoast SEO plugin v24.7 - https:\/\/yoast.com\/wordpress\/plugins\/seo\/ -->\n<title>Politique de confidentialit\u00e9 - MO\u00d1ITA<\/title>\n<meta name=\"description\" content=\"Politique de confidentialit\u00e9 de MO\u00d1ITA, une entreprise avec plus de 70 ans d&#039;exp\u00e9rience dans les tentes, les auvents, les v\u00eatements de travail et les toiles\" \/>\n<meta name=\"robots\" content=\"noindex, nofollow\" \/>\n<meta property=\"og:locale\" content=\"fr_FR\" \/>\n<meta property=\"og:type\" content=\"article\" \/>\n<meta property=\"og:title\" content=\"Politique de confidentialit\u00e9 - MO\u00d1ITA\" \/>\n<meta property=\"og:description\" content=\"Politique de confidentialit\u00e9 de MO\u00d1ITA, une entreprise avec plus de 70 ans d&#039;exp\u00e9rience dans les tentes, les auvents, les v\u00eatements de travail et les toiles\" \/>\n<meta property=\"og:url\" content=\"https:\/\/monita.es\/fr\/politica-de-privacidad\/\" \/>\n<meta property=\"og:site_name\" content=\"Venta de carpas en Madrid - MO\u00d1ITA\" \/>\n<meta property=\"article:modified_time\" content=\"2019-05-14T14:02:14+00:00\" \/>\n<meta name=\"twitter:label1\" content=\"Dur\u00e9e de lecture estim\u00e9e\" \/>\n\t<meta name=\"twitter:data1\" content=\"5 minutes\" \/>\n<script type=\"application\/ld+json\" class=\"yoast-schema-graph\">{\"@context\":\"https:\/\/schema.org\",\"@graph\":[{\"@type\":\"WebPage\",\"@id\":\"https:\/\/monita.es\/fr\/politica-de-privacidad\/\",\"url\":\"https:\/\/monita.es\/fr\/politica-de-privacidad\/\",\"name\":\"Politique de confidentialit\u00e9 - MO\u00d1ITA\",\"isPartOf\":{\"@id\":\"https:\/\/monita.es\/fr\/#website\"},\"datePublished\":\"2014-12-17T21:49:41+00:00\",\"dateModified\":\"2019-05-14T14:02:14+00:00\",\"description\":\"Politique de confidentialit\u00e9 de MO\u00d1ITA, une entreprise avec plus de 70 ans d'exp\u00e9rience dans les tentes, les auvents, les v\u00eatements de travail et les toiles\",\"breadcrumb\":{\"@id\":\"https:\/\/monita.es\/fr\/politica-de-privacidad\/#breadcrumb\"},\"inLanguage\":\"fr-FR\",\"potentialAction\":[{\"@type\":\"ReadAction\",\"target\":[\"https:\/\/monita.es\/fr\/politica-de-privacidad\/\"]}]},{\"@type\":\"BreadcrumbList\",\"@id\":\"https:\/\/monita.es\/fr\/politica-de-privacidad\/#breadcrumb\",\"itemListElement\":[{\"@type\":\"ListItem\",\"position\":1,\"name\":\"Mo\u00f1ita\",\"item\":\"https:\/\/monita.es\/fr\/accueil-entreprise\/\"},{\"@type\":\"ListItem\",\"position\":2,\"name\":\"Politique de confidentialit\u00e9\"}]},{\"@type\":\"WebSite\",\"@id\":\"https:\/\/monita.es\/fr\/#website\",\"url\":\"https:\/\/monita.es\/fr\/\",\"name\":\"Venta de carpas en Madrid - MO\u00d1ITA\",\"description\":\"MO\u00d1ITA es carpas, confecci\u00f3n de lonas para usos industriales, fachada textil, arquitectura textil y toldos. Dise\u00f1amos, proyectamos y creamos tu proyecto.\",\"publisher\":{\"@id\":\"https:\/\/monita.es\/fr\/#organization\"},\"potentialAction\":[{\"@type\":\"SearchAction\",\"target\":{\"@type\":\"EntryPoint\",\"urlTemplate\":\"https:\/\/monita.es\/fr\/?s={search_term_string}\"},\"query-input\":{\"@type\":\"PropertyValueSpecification\",\"valueRequired\":true,\"valueName\":\"search_term_string\"}}],\"inLanguage\":\"fr-FR\"},{\"@type\":\"Organization\",\"@id\":\"https:\/\/monita.es\/fr\/#organization\",\"name\":\"Mo\u00f1ita\",\"url\":\"https:\/\/monita.es\/fr\/\",\"logo\":{\"@type\":\"ImageObject\",\"inLanguage\":\"fr-FR\",\"@id\":\"https:\/\/monita.es\/fr\/#\/schema\/logo\/image\/\",\"url\":\"https:\/\/monita.es\/wp-content\/uploads\/cropped-cropped-logo-monita-1-neg.png\",\"contentUrl\":\"https:\/\/monita.es\/wp-content\/uploads\/cropped-cropped-logo-monita-1-neg.png\",\"width\":785,\"height\":666,\"caption\":\"Mo\u00f1ita\"},\"image\":{\"@id\":\"https:\/\/monita.es\/fr\/#\/schema\/logo\/image\/\"}}]}<\/script>\n<!-- \/ Yoast SEO plugin. -->","yoast_head_json":{"title":"Politique de confidentialit\u00e9 - MO\u00d1ITA","description":"Politique de confidentialit\u00e9 de MO\u00d1ITA, une entreprise avec plus de 70 ans d'exp\u00e9rience dans les tentes, les auvents, les v\u00eatements de travail et les toiles","robots":{"index":"noindex","follow":"nofollow"},"og_locale":"fr_FR","og_type":"article","og_title":"Politique de confidentialit\u00e9 - MO\u00d1ITA","og_description":"Politique de confidentialit\u00e9 de MO\u00d1ITA, une entreprise avec plus de 70 ans d'exp\u00e9rience dans les tentes, les auvents, les v\u00eatements de travail et les toiles","og_url":"https:\/\/monita.es\/fr\/politica-de-privacidad\/","og_site_name":"Venta de carpas en Madrid - MO\u00d1ITA","article_modified_time":"2019-05-14T14:02:14+00:00","twitter_misc":{"Dur\u00e9e de lecture estim\u00e9e":"5 minutes"},"schema":{"@context":"https:\/\/schema.org","@graph":[{"@type":"WebPage","@id":"https:\/\/monita.es\/fr\/politica-de-privacidad\/","url":"https:\/\/monita.es\/fr\/politica-de-privacidad\/","name":"Politique de confidentialit\u00e9 - MO\u00d1ITA","isPartOf":{"@id":"https:\/\/monita.es\/fr\/#website"},"datePublished":"2014-12-17T21:49:41+00:00","dateModified":"2019-05-14T14:02:14+00:00","description":"Politique de confidentialit\u00e9 de MO\u00d1ITA, une entreprise avec plus de 70 ans d'exp\u00e9rience dans les tentes, les auvents, les v\u00eatements de travail et les toiles","breadcrumb":{"@id":"https:\/\/monita.es\/fr\/politica-de-privacidad\/#breadcrumb"},"inLanguage":"fr-FR","potentialAction":[{"@type":"ReadAction","target":["https:\/\/monita.es\/fr\/politica-de-privacidad\/"]}]},{"@type":"BreadcrumbList","@id":"https:\/\/monita.es\/fr\/politica-de-privacidad\/#breadcrumb","itemListElement":[{"@type":"ListItem","position":1,"name":"Mo\u00f1ita","item":"https:\/\/monita.es\/fr\/accueil-entreprise\/"},{"@type":"ListItem","position":2,"name":"Politique de confidentialit\u00e9"}]},{"@type":"WebSite","@id":"https:\/\/monita.es\/fr\/#website","url":"https:\/\/monita.es\/fr\/","name":"Venta de carpas en Madrid - MO\u00d1ITA","description":"MO\u00d1ITA es carpas, confecci\u00f3n de lonas para usos industriales, fachada textil, arquitectura textil y toldos. Dise\u00f1amos, proyectamos y creamos tu proyecto.","publisher":{"@id":"https:\/\/monita.es\/fr\/#organization"},"potentialAction":[{"@type":"SearchAction","target":{"@type":"EntryPoint","urlTemplate":"https:\/\/monita.es\/fr\/?s={search_term_string}"},"query-input":{"@type":"PropertyValueSpecification","valueRequired":true,"valueName":"search_term_string"}}],"inLanguage":"fr-FR"},{"@type":"Organization","@id":"https:\/\/monita.es\/fr\/#organization","name":"Mo\u00f1ita","url":"https:\/\/monita.es\/fr\/","logo":{"@type":"ImageObject","inLanguage":"fr-FR","@id":"https:\/\/monita.es\/fr\/#\/schema\/logo\/image\/","url":"https:\/\/monita.es\/wp-content\/uploads\/cropped-cropped-logo-monita-1-neg.png","contentUrl":"https:\/\/monita.es\/wp-content\/uploads\/cropped-cropped-logo-monita-1-neg.png","width":785,"height":666,"caption":"Mo\u00f1ita"},"image":{"@id":"https:\/\/monita.es\/fr\/#\/schema\/logo\/image\/"}}]}},"_links":{"self":[{"href":"https:\/\/monita.es\/fr\/wp-json\/wp\/v2\/pages\/2471","targetHints":{"allow":["GET"]}}],"collection":[{"href":"https:\/\/monita.es\/fr\/wp-json\/wp\/v2\/pages"}],"about":[{"href":"https:\/\/monita.es\/fr\/wp-json\/wp\/v2\/types\/page"}],"author":[{"embeddable":true,"href":"https:\/\/monita.es\/fr\/wp-json\/wp\/v2\/users\/2"}],"replies":[{"embeddable":true,"href":"https:\/\/monita.es\/fr\/wp-json\/wp\/v2\/comments?post=2471"}],"version-history":[{"count":0,"href":"https:\/\/monita.es\/fr\/wp-json\/wp\/v2\/pages\/2471\/revisions"}],"wp:attachment":[{"href":"https:\/\/monita.es\/fr\/wp-json\/wp\/v2\/media?parent=2471"}],"curies":[{"name":"wp","href":"https:\/\/api.w.org\/{rel}","templated":true}]}}