{"id":2469,"date":"2014-12-17T21:49:28","date_gmt":"2014-12-17T20:49:28","guid":{"rendered":"https:\/\/monita.es\/aviso-legal\/"},"modified":"2019-06-20T13:57:35","modified_gmt":"2019-06-20T13:57:35","slug":"aviso-legal","status":"publish","type":"page","link":"https:\/\/monita.es\/fr\/aviso-legal\/","title":{"rendered":"Mentions l\u00e9gales"},"content":{"rendered":"<p>Le propri\u00e9taire de ce site est <strong>MO\u00d1ITA<\/strong>, titulaire du N.I.F. A28242808, et domicili\u00e9e \u00e0 <strong>c\/ Austria, 15. 28820 C.T. Coslada (Madrid).<\/strong><\/p>\n<p>L&rsquo;acc\u00e8s au site de <strong>MO\u00d1ITA <\/strong> est gratuit. Tout le contenu est la propri\u00e9t\u00e9 intellectuelle de <strong>MO\u00d1ITA<\/strong>. Toute utilisation des contenus contraire aux normes en mati\u00e8re de propri\u00e9t\u00e9 intellectuelle fera l\u2019objet de poursuites en accord avec la l\u00e9gislation en vigueur.<\/p>\n","protected":false},"excerpt":{"rendered":"<p>Le propri\u00e9taire de ce site est MO\u00d1ITA, titulaire du N.I.F. A28242808, et domicili\u00e9e \u00e0 c\/ Austria, 15. 28820 C.T. Coslada (Madrid). L&rsquo;acc\u00e8s au site de MO\u00d1ITA est gratuit. Tout le contenu est la propri\u00e9t\u00e9 intellectuelle de MO\u00d1ITA. Toute utilisation des contenus contraire aux normes en mati\u00e8re de propri\u00e9t\u00e9 intellectuelle fera l\u2019objet de poursuites en accord &#8230; <a title=\"Mentions l\u00e9gales\" class=\"read-more\" href=\"https:\/\/monita.es\/fr\/aviso-legal\/\" aria-label=\"En savoir plus sur Mentions l\u00e9gales\">Leer m\u00e1s<\/a><\/p>\n","protected":false},"author":2,"featured_media":0,"parent":0,"menu_order":20,"comment_status":"closed","ping_status":"closed","template":"","meta":{"footnotes":""},"class_list":["post-2469","page","type-page","status-publish"],"yoast_head":"<!-- This site is optimized with the Yoast SEO plugin v24.7 - https:\/\/yoast.com\/wordpress\/plugins\/seo\/ -->\n<title>Mentions l\u00e9gales - Notice l\u00e9gale de Mo\u00f1ita<\/title>\n<meta name=\"description\" content=\"Notice l\u00e9gale de Mo\u00f1ita, soci\u00e9t\u00e9 sp\u00e9cialis\u00e9e dans les tentes, b\u00c3\u00a2ches et auvents qui compte \u00e9galement les meilleurs professionnels.\" \/>\n<meta name=\"robots\" content=\"noindex, follow\" \/>\n<meta property=\"og:locale\" content=\"fr_FR\" \/>\n<meta property=\"og:type\" content=\"article\" \/>\n<meta property=\"og:title\" content=\"Mentions l\u00e9gales - Notice l\u00e9gale de Mo\u00f1ita\" \/>\n<meta property=\"og:description\" content=\"Notice l\u00e9gale de Mo\u00f1ita, soci\u00e9t\u00e9 sp\u00e9cialis\u00e9e dans les tentes, b\u00c3\u00a2ches et auvents qui compte \u00e9galement les meilleurs professionnels.\" \/>\n<meta property=\"og:url\" content=\"https:\/\/monita.es\/fr\/aviso-legal\/\" \/>\n<meta property=\"og:site_name\" content=\"Venta de carpas en Madrid - MO\u00d1ITA\" \/>\n<meta property=\"article:modified_time\" content=\"2019-06-20T13:57:35+00:00\" \/>\n<script type=\"application\/ld+json\" class=\"yoast-schema-graph\">{\"@context\":\"https:\/\/schema.org\",\"@graph\":[{\"@type\":\"WebPage\",\"@id\":\"https:\/\/monita.es\/fr\/aviso-legal\/\",\"url\":\"https:\/\/monita.es\/fr\/aviso-legal\/\",\"name\":\"Mentions l\u00e9gales - Notice l\u00e9gale de Mo\u00f1ita\",\"isPartOf\":{\"@id\":\"https:\/\/monita.es\/fr\/#website\"},\"datePublished\":\"2014-12-17T20:49:28+00:00\",\"dateModified\":\"2019-06-20T13:57:35+00:00\",\"description\":\"Notice l\u00e9gale de Mo\u00f1ita, soci\u00e9t\u00e9 sp\u00e9cialis\u00e9e dans les tentes, b\u00c3\u00a2ches et auvents qui compte \u00e9galement les meilleurs professionnels.\",\"breadcrumb\":{\"@id\":\"https:\/\/monita.es\/fr\/aviso-legal\/#breadcrumb\"},\"inLanguage\":\"fr-FR\",\"potentialAction\":[{\"@type\":\"ReadAction\",\"target\":[\"https:\/\/monita.es\/fr\/aviso-legal\/\"]}]},{\"@type\":\"BreadcrumbList\",\"@id\":\"https:\/\/monita.es\/fr\/aviso-legal\/#breadcrumb\",\"itemListElement\":[{\"@type\":\"ListItem\",\"position\":1,\"name\":\"Mo\u00f1ita\",\"item\":\"https:\/\/monita.es\/fr\/accueil-entreprise\/\"},{\"@type\":\"ListItem\",\"position\":2,\"name\":\"Mentions l\u00e9gales\"}]},{\"@type\":\"WebSite\",\"@id\":\"https:\/\/monita.es\/fr\/#website\",\"url\":\"https:\/\/monita.es\/fr\/\",\"name\":\"Venta de carpas en Madrid - MO\u00d1ITA\",\"description\":\"MO\u00d1ITA es carpas, confecci\u00f3n de lonas para usos industriales, fachada textil, arquitectura textil y toldos. Dise\u00f1amos, proyectamos y creamos tu proyecto.\",\"publisher\":{\"@id\":\"https:\/\/monita.es\/fr\/#organization\"},\"potentialAction\":[{\"@type\":\"SearchAction\",\"target\":{\"@type\":\"EntryPoint\",\"urlTemplate\":\"https:\/\/monita.es\/fr\/?s={search_term_string}\"},\"query-input\":{\"@type\":\"PropertyValueSpecification\",\"valueRequired\":true,\"valueName\":\"search_term_string\"}}],\"inLanguage\":\"fr-FR\"},{\"@type\":\"Organization\",\"@id\":\"https:\/\/monita.es\/fr\/#organization\",\"name\":\"Mo\u00f1ita\",\"url\":\"https:\/\/monita.es\/fr\/\",\"logo\":{\"@type\":\"ImageObject\",\"inLanguage\":\"fr-FR\",\"@id\":\"https:\/\/monita.es\/fr\/#\/schema\/logo\/image\/\",\"url\":\"https:\/\/monita.es\/wp-content\/uploads\/cropped-cropped-logo-monita-1-neg.png\",\"contentUrl\":\"https:\/\/monita.es\/wp-content\/uploads\/cropped-cropped-logo-monita-1-neg.png\",\"width\":785,\"height\":666,\"caption\":\"Mo\u00f1ita\"},\"image\":{\"@id\":\"https:\/\/monita.es\/fr\/#\/schema\/logo\/image\/\"}}]}<\/script>\n<!-- \/ Yoast SEO plugin. -->","yoast_head_json":{"title":"Mentions l\u00e9gales - Notice l\u00e9gale de Mo\u00f1ita","description":"Notice l\u00e9gale de Mo\u00f1ita, soci\u00e9t\u00e9 sp\u00e9cialis\u00e9e dans les tentes, b\u00c3\u00a2ches et auvents qui compte \u00e9galement les meilleurs professionnels.","robots":{"index":"noindex","follow":"follow"},"og_locale":"fr_FR","og_type":"article","og_title":"Mentions l\u00e9gales - Notice l\u00e9gale de Mo\u00f1ita","og_description":"Notice l\u00e9gale de Mo\u00f1ita, soci\u00e9t\u00e9 sp\u00e9cialis\u00e9e dans les tentes, b\u00c3\u00a2ches et auvents qui compte \u00e9galement les meilleurs professionnels.","og_url":"https:\/\/monita.es\/fr\/aviso-legal\/","og_site_name":"Venta de carpas en Madrid - MO\u00d1ITA","article_modified_time":"2019-06-20T13:57:35+00:00","schema":{"@context":"https:\/\/schema.org","@graph":[{"@type":"WebPage","@id":"https:\/\/monita.es\/fr\/aviso-legal\/","url":"https:\/\/monita.es\/fr\/aviso-legal\/","name":"Mentions l\u00e9gales - Notice l\u00e9gale de Mo\u00f1ita","isPartOf":{"@id":"https:\/\/monita.es\/fr\/#website"},"datePublished":"2014-12-17T20:49:28+00:00","dateModified":"2019-06-20T13:57:35+00:00","description":"Notice l\u00e9gale de Mo\u00f1ita, soci\u00e9t\u00e9 sp\u00e9cialis\u00e9e dans les tentes, b\u00c3\u00a2ches et auvents qui compte \u00e9galement les meilleurs professionnels.","breadcrumb":{"@id":"https:\/\/monita.es\/fr\/aviso-legal\/#breadcrumb"},"inLanguage":"fr-FR","potentialAction":[{"@type":"ReadAction","target":["https:\/\/monita.es\/fr\/aviso-legal\/"]}]},{"@type":"BreadcrumbList","@id":"https:\/\/monita.es\/fr\/aviso-legal\/#breadcrumb","itemListElement":[{"@type":"ListItem","position":1,"name":"Mo\u00f1ita","item":"https:\/\/monita.es\/fr\/accueil-entreprise\/"},{"@type":"ListItem","position":2,"name":"Mentions l\u00e9gales"}]},{"@type":"WebSite","@id":"https:\/\/monita.es\/fr\/#website","url":"https:\/\/monita.es\/fr\/","name":"Venta de carpas en Madrid - MO\u00d1ITA","description":"MO\u00d1ITA es carpas, confecci\u00f3n de lonas para usos industriales, fachada textil, arquitectura textil y toldos. Dise\u00f1amos, proyectamos y creamos tu proyecto.","publisher":{"@id":"https:\/\/monita.es\/fr\/#organization"},"potentialAction":[{"@type":"SearchAction","target":{"@type":"EntryPoint","urlTemplate":"https:\/\/monita.es\/fr\/?s={search_term_string}"},"query-input":{"@type":"PropertyValueSpecification","valueRequired":true,"valueName":"search_term_string"}}],"inLanguage":"fr-FR"},{"@type":"Organization","@id":"https:\/\/monita.es\/fr\/#organization","name":"Mo\u00f1ita","url":"https:\/\/monita.es\/fr\/","logo":{"@type":"ImageObject","inLanguage":"fr-FR","@id":"https:\/\/monita.es\/fr\/#\/schema\/logo\/image\/","url":"https:\/\/monita.es\/wp-content\/uploads\/cropped-cropped-logo-monita-1-neg.png","contentUrl":"https:\/\/monita.es\/wp-content\/uploads\/cropped-cropped-logo-monita-1-neg.png","width":785,"height":666,"caption":"Mo\u00f1ita"},"image":{"@id":"https:\/\/monita.es\/fr\/#\/schema\/logo\/image\/"}}]}},"_links":{"self":[{"href":"https:\/\/monita.es\/fr\/wp-json\/wp\/v2\/pages\/2469","targetHints":{"allow":["GET"]}}],"collection":[{"href":"https:\/\/monita.es\/fr\/wp-json\/wp\/v2\/pages"}],"about":[{"href":"https:\/\/monita.es\/fr\/wp-json\/wp\/v2\/types\/page"}],"author":[{"embeddable":true,"href":"https:\/\/monita.es\/fr\/wp-json\/wp\/v2\/users\/2"}],"replies":[{"embeddable":true,"href":"https:\/\/monita.es\/fr\/wp-json\/wp\/v2\/comments?post=2469"}],"version-history":[{"count":0,"href":"https:\/\/monita.es\/fr\/wp-json\/wp\/v2\/pages\/2469\/revisions"}],"wp:attachment":[{"href":"https:\/\/monita.es\/fr\/wp-json\/wp\/v2\/media?parent=2469"}],"curies":[{"name":"wp","href":"https:\/\/api.w.org\/{rel}","templated":true}]}}