{"id":2465,"date":"2016-12-26T19:14:01","date_gmt":"2016-12-26T19:14:01","guid":{"rendered":"https:\/\/monita.es\/toldos-madrid\/"},"modified":"2019-06-06T15:07:41","modified_gmt":"2019-06-06T15:07:41","slug":"toldos-madrid","status":"publish","type":"page","link":"https:\/\/monita.es\/fr\/toldos-madrid\/","title":{"rendered":"Stores Madrid"},"content":{"rendered":"<p>L&rsquo;id\u00e9e des <strong>stores<\/strong> vient du besoin de se prot\u00e9ger du soleil ou de la pluie, aidant \u00e0 att\u00e9nuer l&rsquo;impact des conditions m\u00e9t\u00e9orologiques. Petit \u00e0 petit, selon les besoins des personnes, divers mod\u00e8les ont \u00e9t\u00e9 cr\u00e9\u00e9s et offrent aujourd\u2019hui un large choix.<\/p>\n<h2><strong>Exp\u00e9rience dans les stores \u00e0 Madrid<\/strong><\/h2>\n<p>Mo\u00f1ita est une entreprise sp\u00e9cialis\u00e9e dans la conception et la fabrication de <strong>stores<\/strong> \u00e0 <strong>Madrid<\/strong>.\u00a0Nous op\u00e9rons dans le secteur depuis plus de 7 d\u00e9cennies. Au cours de cette p\u00e9riode, nous avons fourni aux clients des moyens de prot\u00e9ger leurs espaces du soleil et de la pluie. Nous fournissons les mod\u00e8les suivants :<\/p>\n<p><strong>Store \u00e0 bras invisible :<\/strong> ses bras sont cach\u00e9s sous la toile, une caract\u00e9ristique qui fait de lui l&rsquo;un des pr\u00e9f\u00e9r\u00e9s, puisqu&rsquo;il n\u2019encombre pas le passage.<\/p>\n<ul>\n<li><strong>Store \u00e0 bras droit : <\/strong>tr\u00e8s utilis\u00e9 pour les fen\u00eatres et les petits balcons. Son installation est ad\u00e9quate et le syst\u00e8me d&rsquo;ouverture et de fermeture est tr\u00e8s simple, facile \u00e0 manipuler.<\/li>\n<li><strong>Store de v\u00e9randa : <\/strong>particuli\u00e8rement adapt\u00e9 pour prot\u00e9ger l\u2019ext\u00e9rieur des terrasses ou des penthouses. Ces panneaux de toile se d\u00e9placent parall\u00e8lement au verre. Leur syst\u00e8me de fermeture est tr\u00e8s attrayant et \u00e9l\u00e9gant.<\/li>\n<li><strong>Store vertical <\/strong>: aussi appel\u00e9 de type rideau, nous offrons ce type de stores \u00e0 Madrid qui peut \u00e9galement se pr\u00e9senter sous la forme de stores ou de brise-vent. Les stores ont un bras de jusqu\u2019\u00e0 50 m\u00e8tres et peuvent se fixer \u00e0 des balustrades de balcons ou similaires. Les brise-vent sont id\u00e9aux pour prot\u00e9ger les terrasses et jardins.<\/li>\n<\/ul>\n<p>Nous offrons \u00e9galement les syst\u00e8mes de protection suivants :<\/p>\n<ul>\n<li><strong>Capotes :<\/strong> tr\u00e8s utilis\u00e9es pour la personnalisation des ext\u00e9rieurs dans le secteur des affaires. Nous les fabriquons \u00e0 partir de toiles sp\u00e9ciales, hautement durables et dans le style convenant le mieux aux besoins du client.<\/li>\n<li><strong>Pergolas : <\/strong>Utilis\u00e9es pour les \u00e9coles, les jardins, les parcs, les b\u00e2timents publics, les places, etc.<\/li>\n<\/ul>\n<p>Mo\u00f1ita vous invite \u00e0 en d\u00e9couvrir plus sur l\u2019entreprise et les <a href=\"https:\/\/monita.es\/toldos\/\">types de stores que nous commercialisons<\/a>\u00a0\u00e0 Madrid.<\/p>\n","protected":false},"excerpt":{"rendered":"<p>L&rsquo;id\u00e9e des stores vient du besoin de se prot\u00e9ger du soleil ou de la pluie, aidant \u00e0 att\u00e9nuer l&rsquo;impact des conditions m\u00e9t\u00e9orologiques. Petit \u00e0 petit, selon les besoins des personnes, divers mod\u00e8les ont \u00e9t\u00e9 cr\u00e9\u00e9s et offrent aujourd\u2019hui un large choix. Exp\u00e9rience dans les stores \u00e0 Madrid Mo\u00f1ita est une entreprise sp\u00e9cialis\u00e9e dans la conception &#8230; <a title=\"Stores Madrid\" class=\"read-more\" href=\"https:\/\/monita.es\/fr\/toldos-madrid\/\" aria-label=\"En savoir plus sur Stores Madrid\">Leer m\u00e1s<\/a><\/p>\n","protected":false},"author":2,"featured_media":0,"parent":0,"menu_order":9,"comment_status":"closed","ping_status":"closed","template":"template-page-interna.php","meta":{"footnotes":""},"class_list":["post-2465","page","type-page","status-publish"],"yoast_head":"<!-- This site is optimized with the Yoast SEO plugin v24.7 - https:\/\/yoast.com\/wordpress\/plugins\/seo\/ -->\n<title>Experts en auvents \u00e0 Madrid - Auvent Mo\u00f1ita, tentes et toile<\/title>\n<meta name=\"description\" content=\"\u00c0 Mo\u00f1ita, nous conseillons au client de choisir les stores qui correspondent le mieux aux conditions de votre maison ou de votre quartier de Madrid\" \/>\n<meta name=\"robots\" content=\"index, follow, max-snippet:-1, max-image-preview:large, max-video-preview:-1\" \/>\n<link rel=\"canonical\" href=\"https:\/\/monita.es\/fr\/toldos-madrid\/\" \/>\n<meta property=\"og:locale\" content=\"fr_FR\" \/>\n<meta property=\"og:type\" content=\"article\" \/>\n<meta property=\"og:title\" content=\"Experts en auvents \u00e0 Madrid - Auvent Mo\u00f1ita, tentes et toile\" \/>\n<meta property=\"og:description\" content=\"\u00c0 Mo\u00f1ita, nous conseillons au client de choisir les stores qui correspondent le mieux aux conditions de votre maison ou de votre quartier de Madrid\" \/>\n<meta property=\"og:url\" content=\"https:\/\/monita.es\/fr\/toldos-madrid\/\" \/>\n<meta property=\"og:site_name\" content=\"Venta de carpas en Madrid - MO\u00d1ITA\" \/>\n<meta property=\"article:modified_time\" content=\"2019-06-06T15:07:41+00:00\" \/>\n<meta name=\"twitter:label1\" content=\"Dur\u00e9e de lecture estim\u00e9e\" \/>\n\t<meta name=\"twitter:data1\" content=\"2 minutes\" \/>\n<script type=\"application\/ld+json\" class=\"yoast-schema-graph\">{\"@context\":\"https:\/\/schema.org\",\"@graph\":[{\"@type\":\"WebPage\",\"@id\":\"https:\/\/monita.es\/fr\/toldos-madrid\/\",\"url\":\"https:\/\/monita.es\/fr\/toldos-madrid\/\",\"name\":\"Experts en auvents \u00e0 Madrid - Auvent Mo\u00f1ita, tentes et toile\",\"isPartOf\":{\"@id\":\"https:\/\/monita.es\/fr\/#website\"},\"datePublished\":\"2016-12-26T19:14:01+00:00\",\"dateModified\":\"2019-06-06T15:07:41+00:00\",\"description\":\"\u00c0 Mo\u00f1ita, nous conseillons au client de choisir les stores qui correspondent le mieux aux conditions de votre maison ou de votre quartier de Madrid\",\"breadcrumb\":{\"@id\":\"https:\/\/monita.es\/fr\/toldos-madrid\/#breadcrumb\"},\"inLanguage\":\"fr-FR\",\"potentialAction\":[{\"@type\":\"ReadAction\",\"target\":[\"https:\/\/monita.es\/fr\/toldos-madrid\/\"]}]},{\"@type\":\"BreadcrumbList\",\"@id\":\"https:\/\/monita.es\/fr\/toldos-madrid\/#breadcrumb\",\"itemListElement\":[{\"@type\":\"ListItem\",\"position\":1,\"name\":\"Mo\u00f1ita\",\"item\":\"https:\/\/monita.es\/fr\/accueil-entreprise\/\"},{\"@type\":\"ListItem\",\"position\":2,\"name\":\"Stores Madrid\"}]},{\"@type\":\"WebSite\",\"@id\":\"https:\/\/monita.es\/fr\/#website\",\"url\":\"https:\/\/monita.es\/fr\/\",\"name\":\"Venta de carpas en Madrid - MO\u00d1ITA\",\"description\":\"MO\u00d1ITA es carpas, confecci\u00f3n de lonas para usos industriales, fachada textil, arquitectura textil y toldos. Dise\u00f1amos, proyectamos y creamos tu proyecto.\",\"publisher\":{\"@id\":\"https:\/\/monita.es\/fr\/#organization\"},\"potentialAction\":[{\"@type\":\"SearchAction\",\"target\":{\"@type\":\"EntryPoint\",\"urlTemplate\":\"https:\/\/monita.es\/fr\/?s={search_term_string}\"},\"query-input\":{\"@type\":\"PropertyValueSpecification\",\"valueRequired\":true,\"valueName\":\"search_term_string\"}}],\"inLanguage\":\"fr-FR\"},{\"@type\":\"Organization\",\"@id\":\"https:\/\/monita.es\/fr\/#organization\",\"name\":\"Mo\u00f1ita\",\"url\":\"https:\/\/monita.es\/fr\/\",\"logo\":{\"@type\":\"ImageObject\",\"inLanguage\":\"fr-FR\",\"@id\":\"https:\/\/monita.es\/fr\/#\/schema\/logo\/image\/\",\"url\":\"https:\/\/monita.es\/wp-content\/uploads\/cropped-cropped-logo-monita-1-neg.png\",\"contentUrl\":\"https:\/\/monita.es\/wp-content\/uploads\/cropped-cropped-logo-monita-1-neg.png\",\"width\":785,\"height\":666,\"caption\":\"Mo\u00f1ita\"},\"image\":{\"@id\":\"https:\/\/monita.es\/fr\/#\/schema\/logo\/image\/\"}}]}<\/script>\n<!-- \/ Yoast SEO plugin. -->","yoast_head_json":{"title":"Experts en auvents \u00e0 Madrid - Auvent Mo\u00f1ita, tentes et toile","description":"\u00c0 Mo\u00f1ita, nous conseillons au client de choisir les stores qui correspondent le mieux aux conditions de votre maison ou de votre quartier de Madrid","robots":{"index":"index","follow":"follow","max-snippet":"max-snippet:-1","max-image-preview":"max-image-preview:large","max-video-preview":"max-video-preview:-1"},"canonical":"https:\/\/monita.es\/fr\/toldos-madrid\/","og_locale":"fr_FR","og_type":"article","og_title":"Experts en auvents \u00e0 Madrid - Auvent Mo\u00f1ita, tentes et toile","og_description":"\u00c0 Mo\u00f1ita, nous conseillons au client de choisir les stores qui correspondent le mieux aux conditions de votre maison ou de votre quartier de Madrid","og_url":"https:\/\/monita.es\/fr\/toldos-madrid\/","og_site_name":"Venta de carpas en Madrid - MO\u00d1ITA","article_modified_time":"2019-06-06T15:07:41+00:00","twitter_misc":{"Dur\u00e9e de lecture estim\u00e9e":"2 minutes"},"schema":{"@context":"https:\/\/schema.org","@graph":[{"@type":"WebPage","@id":"https:\/\/monita.es\/fr\/toldos-madrid\/","url":"https:\/\/monita.es\/fr\/toldos-madrid\/","name":"Experts en auvents \u00e0 Madrid - Auvent Mo\u00f1ita, tentes et toile","isPartOf":{"@id":"https:\/\/monita.es\/fr\/#website"},"datePublished":"2016-12-26T19:14:01+00:00","dateModified":"2019-06-06T15:07:41+00:00","description":"\u00c0 Mo\u00f1ita, nous conseillons au client de choisir les stores qui correspondent le mieux aux conditions de votre maison ou de votre quartier de Madrid","breadcrumb":{"@id":"https:\/\/monita.es\/fr\/toldos-madrid\/#breadcrumb"},"inLanguage":"fr-FR","potentialAction":[{"@type":"ReadAction","target":["https:\/\/monita.es\/fr\/toldos-madrid\/"]}]},{"@type":"BreadcrumbList","@id":"https:\/\/monita.es\/fr\/toldos-madrid\/#breadcrumb","itemListElement":[{"@type":"ListItem","position":1,"name":"Mo\u00f1ita","item":"https:\/\/monita.es\/fr\/accueil-entreprise\/"},{"@type":"ListItem","position":2,"name":"Stores Madrid"}]},{"@type":"WebSite","@id":"https:\/\/monita.es\/fr\/#website","url":"https:\/\/monita.es\/fr\/","name":"Venta de carpas en Madrid - MO\u00d1ITA","description":"MO\u00d1ITA es carpas, confecci\u00f3n de lonas para usos industriales, fachada textil, arquitectura textil y toldos. Dise\u00f1amos, proyectamos y creamos tu proyecto.","publisher":{"@id":"https:\/\/monita.es\/fr\/#organization"},"potentialAction":[{"@type":"SearchAction","target":{"@type":"EntryPoint","urlTemplate":"https:\/\/monita.es\/fr\/?s={search_term_string}"},"query-input":{"@type":"PropertyValueSpecification","valueRequired":true,"valueName":"search_term_string"}}],"inLanguage":"fr-FR"},{"@type":"Organization","@id":"https:\/\/monita.es\/fr\/#organization","name":"Mo\u00f1ita","url":"https:\/\/monita.es\/fr\/","logo":{"@type":"ImageObject","inLanguage":"fr-FR","@id":"https:\/\/monita.es\/fr\/#\/schema\/logo\/image\/","url":"https:\/\/monita.es\/wp-content\/uploads\/cropped-cropped-logo-monita-1-neg.png","contentUrl":"https:\/\/monita.es\/wp-content\/uploads\/cropped-cropped-logo-monita-1-neg.png","width":785,"height":666,"caption":"Mo\u00f1ita"},"image":{"@id":"https:\/\/monita.es\/fr\/#\/schema\/logo\/image\/"}}]}},"_links":{"self":[{"href":"https:\/\/monita.es\/fr\/wp-json\/wp\/v2\/pages\/2465","targetHints":{"allow":["GET"]}}],"collection":[{"href":"https:\/\/monita.es\/fr\/wp-json\/wp\/v2\/pages"}],"about":[{"href":"https:\/\/monita.es\/fr\/wp-json\/wp\/v2\/types\/page"}],"author":[{"embeddable":true,"href":"https:\/\/monita.es\/fr\/wp-json\/wp\/v2\/users\/2"}],"replies":[{"embeddable":true,"href":"https:\/\/monita.es\/fr\/wp-json\/wp\/v2\/comments?post=2465"}],"version-history":[{"count":0,"href":"https:\/\/monita.es\/fr\/wp-json\/wp\/v2\/pages\/2465\/revisions"}],"wp:attachment":[{"href":"https:\/\/monita.es\/fr\/wp-json\/wp\/v2\/media?parent=2465"}],"curies":[{"name":"wp","href":"https:\/\/api.w.org\/{rel}","templated":true}]}}