{"id":2441,"date":"2014-12-16T11:00:28","date_gmt":"2014-12-16T11:00:28","guid":{"rendered":"https:\/\/monita.es\/confeccion-industrial-lonas\/hinchables-publicitarios\/"},"modified":"2019-06-20T13:52:31","modified_gmt":"2019-06-20T13:52:31","slug":"hinchables-publicitarios","status":"publish","type":"page","link":"https:\/\/monita.es\/fr\/confeccion-industrial-lonas\/hinchables-publicitarios\/","title":{"rendered":"Structures gonflables publicitaires"},"content":{"rendered":"<div id=\"mosaico\">[fancygallery id=\u00a0\u00bb17&Prime;]<\/div>\n<p>Chez <strong>MO\u00d1ITA<\/strong>, nous fabriquons toutes sortes de <strong>structures gonflables publicitaires<\/strong> comme des arches, igloos ou totems, entre autres, sur lequel il est possible de r\u00e9aliser n&rsquo;importe quel type d&rsquo;impression fixe ou par scratch. Cet \u00e9l\u00e9ment est ainsi utilis\u00e9 pour promouvoir divers \u00e9v\u00e9nements et mentionner les sponsors.<\/p>\n<p>Nous disposons de nos propres mod\u00e8les et proposons \u00e0 nos clients celui qui s\u2019adapte le mieux \u00e0 ses besoins. La confection et les finitions sont diff\u00e9rentes en fonction du type d\u2019installation : fixe ou itin\u00e9rante. Les deux types d\u2019installations sont fabriqu\u00e9s en <a href=\"https:\/\/monita.es\/confeccion-industrial-lonas\/?lang=fr\"><strong>b\u00e2ches<\/strong><\/a> hautement durables et faciles \u00e0 nettoyer.<\/p>\n<p>Nos produits se distinguent par leur qualit\u00e9. Nos <strong>structures gonflables publicitaires<\/strong> sont id\u00e9ales pour les \u00e9v\u00e9nements itin\u00e9rants car ces supports d\u2019exposition sont plus r\u00e9sistants que certains produits plus \u00e9conomiques mais qui durent moins longtemps.<\/p>\n<p>Nous offrons \u00e9galement un service de r\u00e9paration d\u2019urgence en cas de <strong>structures gonflables publicitaires<\/strong> endommag\u00e9es.<\/p>\n<p>Appelez-nous au <strong>916 708 182<\/strong> et demandez votre devis sans engagement pour ce service. Nous serons ravis de vous renseigner.<\/p>\n","protected":false},"excerpt":{"rendered":"<p>[fancygallery id=\u00a0\u00bb17&Prime;] Chez MO\u00d1ITA, nous fabriquons toutes sortes de structures gonflables publicitaires comme des arches, igloos ou totems, entre autres, sur lequel il est possible de r\u00e9aliser n&rsquo;importe quel type d&rsquo;impression fixe ou par scratch. Cet \u00e9l\u00e9ment est ainsi utilis\u00e9 pour promouvoir divers \u00e9v\u00e9nements et mentionner les sponsors. Nous disposons de nos propres mod\u00e8les et &#8230; <a title=\"Structures gonflables publicitaires\" class=\"read-more\" href=\"https:\/\/monita.es\/fr\/confeccion-industrial-lonas\/hinchables-publicitarios\/\" aria-label=\"En savoir plus sur Structures gonflables publicitaires\">Leer m\u00e1s<\/a><\/p>\n","protected":false},"author":2,"featured_media":0,"parent":2413,"menu_order":10,"comment_status":"closed","ping_status":"closed","template":"","meta":{"footnotes":""},"class_list":["post-2441","page","type-page","status-publish"],"yoast_head":"<!-- This site is optimized with the Yoast SEO plugin v24.7 - https:\/\/yoast.com\/wordpress\/plugins\/seo\/ -->\n<title>Pneumatiques publicitaires V\u00eatements industriels Toile - MO\u00d1ITA<\/title>\n<meta name=\"description\" content=\"Nos travaux se distinguent par leur qualit\u00e9. Les pneumatiques publicitaires que nous fabriquons sont id\u00e9aux pour les \u00e9v\u00e9nements itin\u00e9rants\" \/>\n<meta name=\"robots\" content=\"index, follow, max-snippet:-1, max-image-preview:large, max-video-preview:-1\" \/>\n<link rel=\"canonical\" href=\"https:\/\/monita.es\/fr\/confeccion-industrial-lonas\/hinchables-publicitarios\/\" \/>\n<meta property=\"og:locale\" content=\"fr_FR\" \/>\n<meta property=\"og:type\" content=\"article\" \/>\n<meta property=\"og:title\" content=\"Pneumatiques publicitaires V\u00eatements industriels Toile - MO\u00d1ITA\" \/>\n<meta property=\"og:description\" content=\"Nos travaux se distinguent par leur qualit\u00e9. Les pneumatiques publicitaires que nous fabriquons sont id\u00e9aux pour les \u00e9v\u00e9nements itin\u00e9rants\" \/>\n<meta property=\"og:url\" content=\"https:\/\/monita.es\/fr\/confeccion-industrial-lonas\/hinchables-publicitarios\/\" \/>\n<meta property=\"og:site_name\" content=\"Venta de carpas en Madrid - MO\u00d1ITA\" \/>\n<meta property=\"article:modified_time\" content=\"2019-06-20T13:52:31+00:00\" \/>\n<meta name=\"twitter:label1\" content=\"Dur\u00e9e de lecture estim\u00e9e\" \/>\n\t<meta name=\"twitter:data1\" content=\"1 minute\" \/>\n<script type=\"application\/ld+json\" class=\"yoast-schema-graph\">{\"@context\":\"https:\/\/schema.org\",\"@graph\":[{\"@type\":\"WebPage\",\"@id\":\"https:\/\/monita.es\/fr\/confeccion-industrial-lonas\/hinchables-publicitarios\/\",\"url\":\"https:\/\/monita.es\/fr\/confeccion-industrial-lonas\/hinchables-publicitarios\/\",\"name\":\"Pneumatiques publicitaires V\u00eatements industriels Toile - MO\u00d1ITA\",\"isPartOf\":{\"@id\":\"https:\/\/monita.es\/fr\/#website\"},\"datePublished\":\"2014-12-16T11:00:28+00:00\",\"dateModified\":\"2019-06-20T13:52:31+00:00\",\"description\":\"Nos travaux se distinguent par leur qualit\u00e9. Les pneumatiques publicitaires que nous fabriquons sont id\u00e9aux pour les \u00e9v\u00e9nements itin\u00e9rants\",\"breadcrumb\":{\"@id\":\"https:\/\/monita.es\/fr\/confeccion-industrial-lonas\/hinchables-publicitarios\/#breadcrumb\"},\"inLanguage\":\"fr-FR\",\"potentialAction\":[{\"@type\":\"ReadAction\",\"target\":[\"https:\/\/monita.es\/fr\/confeccion-industrial-lonas\/hinchables-publicitarios\/\"]}]},{\"@type\":\"BreadcrumbList\",\"@id\":\"https:\/\/monita.es\/fr\/confeccion-industrial-lonas\/hinchables-publicitarios\/#breadcrumb\",\"itemListElement\":[{\"@type\":\"ListItem\",\"position\":1,\"name\":\"Mo\u00f1ita\",\"item\":\"https:\/\/monita.es\/fr\/accueil-entreprise\/\"},{\"@type\":\"ListItem\",\"position\":2,\"name\":\"Productions industrielles et b\u00e2ches\",\"item\":\"https:\/\/monita.es\/fr\/confeccion-industrial-lonas\/\"},{\"@type\":\"ListItem\",\"position\":3,\"name\":\"Structures gonflables publicitaires\"}]},{\"@type\":\"WebSite\",\"@id\":\"https:\/\/monita.es\/fr\/#website\",\"url\":\"https:\/\/monita.es\/fr\/\",\"name\":\"Venta de carpas en Madrid - MO\u00d1ITA\",\"description\":\"MO\u00d1ITA es carpas, confecci\u00f3n de lonas para usos industriales, fachada textil, arquitectura textil y toldos. Dise\u00f1amos, proyectamos y creamos tu proyecto.\",\"publisher\":{\"@id\":\"https:\/\/monita.es\/fr\/#organization\"},\"potentialAction\":[{\"@type\":\"SearchAction\",\"target\":{\"@type\":\"EntryPoint\",\"urlTemplate\":\"https:\/\/monita.es\/fr\/?s={search_term_string}\"},\"query-input\":{\"@type\":\"PropertyValueSpecification\",\"valueRequired\":true,\"valueName\":\"search_term_string\"}}],\"inLanguage\":\"fr-FR\"},{\"@type\":\"Organization\",\"@id\":\"https:\/\/monita.es\/fr\/#organization\",\"name\":\"Mo\u00f1ita\",\"url\":\"https:\/\/monita.es\/fr\/\",\"logo\":{\"@type\":\"ImageObject\",\"inLanguage\":\"fr-FR\",\"@id\":\"https:\/\/monita.es\/fr\/#\/schema\/logo\/image\/\",\"url\":\"https:\/\/monita.es\/wp-content\/uploads\/cropped-cropped-logo-monita-1-neg.png\",\"contentUrl\":\"https:\/\/monita.es\/wp-content\/uploads\/cropped-cropped-logo-monita-1-neg.png\",\"width\":785,\"height\":666,\"caption\":\"Mo\u00f1ita\"},\"image\":{\"@id\":\"https:\/\/monita.es\/fr\/#\/schema\/logo\/image\/\"}}]}<\/script>\n<!-- \/ Yoast SEO plugin. -->","yoast_head_json":{"title":"Pneumatiques publicitaires V\u00eatements industriels Toile - MO\u00d1ITA","description":"Nos travaux se distinguent par leur qualit\u00e9. Les pneumatiques publicitaires que nous fabriquons sont id\u00e9aux pour les \u00e9v\u00e9nements itin\u00e9rants","robots":{"index":"index","follow":"follow","max-snippet":"max-snippet:-1","max-image-preview":"max-image-preview:large","max-video-preview":"max-video-preview:-1"},"canonical":"https:\/\/monita.es\/fr\/confeccion-industrial-lonas\/hinchables-publicitarios\/","og_locale":"fr_FR","og_type":"article","og_title":"Pneumatiques publicitaires V\u00eatements industriels Toile - MO\u00d1ITA","og_description":"Nos travaux se distinguent par leur qualit\u00e9. Les pneumatiques publicitaires que nous fabriquons sont id\u00e9aux pour les \u00e9v\u00e9nements itin\u00e9rants","og_url":"https:\/\/monita.es\/fr\/confeccion-industrial-lonas\/hinchables-publicitarios\/","og_site_name":"Venta de carpas en Madrid - MO\u00d1ITA","article_modified_time":"2019-06-20T13:52:31+00:00","twitter_misc":{"Dur\u00e9e de lecture estim\u00e9e":"1 minute"},"schema":{"@context":"https:\/\/schema.org","@graph":[{"@type":"WebPage","@id":"https:\/\/monita.es\/fr\/confeccion-industrial-lonas\/hinchables-publicitarios\/","url":"https:\/\/monita.es\/fr\/confeccion-industrial-lonas\/hinchables-publicitarios\/","name":"Pneumatiques publicitaires V\u00eatements industriels Toile - MO\u00d1ITA","isPartOf":{"@id":"https:\/\/monita.es\/fr\/#website"},"datePublished":"2014-12-16T11:00:28+00:00","dateModified":"2019-06-20T13:52:31+00:00","description":"Nos travaux se distinguent par leur qualit\u00e9. Les pneumatiques publicitaires que nous fabriquons sont id\u00e9aux pour les \u00e9v\u00e9nements itin\u00e9rants","breadcrumb":{"@id":"https:\/\/monita.es\/fr\/confeccion-industrial-lonas\/hinchables-publicitarios\/#breadcrumb"},"inLanguage":"fr-FR","potentialAction":[{"@type":"ReadAction","target":["https:\/\/monita.es\/fr\/confeccion-industrial-lonas\/hinchables-publicitarios\/"]}]},{"@type":"BreadcrumbList","@id":"https:\/\/monita.es\/fr\/confeccion-industrial-lonas\/hinchables-publicitarios\/#breadcrumb","itemListElement":[{"@type":"ListItem","position":1,"name":"Mo\u00f1ita","item":"https:\/\/monita.es\/fr\/accueil-entreprise\/"},{"@type":"ListItem","position":2,"name":"Productions industrielles et b\u00e2ches","item":"https:\/\/monita.es\/fr\/confeccion-industrial-lonas\/"},{"@type":"ListItem","position":3,"name":"Structures gonflables publicitaires"}]},{"@type":"WebSite","@id":"https:\/\/monita.es\/fr\/#website","url":"https:\/\/monita.es\/fr\/","name":"Venta de carpas en Madrid - MO\u00d1ITA","description":"MO\u00d1ITA es carpas, confecci\u00f3n de lonas para usos industriales, fachada textil, arquitectura textil y toldos. Dise\u00f1amos, proyectamos y creamos tu proyecto.","publisher":{"@id":"https:\/\/monita.es\/fr\/#organization"},"potentialAction":[{"@type":"SearchAction","target":{"@type":"EntryPoint","urlTemplate":"https:\/\/monita.es\/fr\/?s={search_term_string}"},"query-input":{"@type":"PropertyValueSpecification","valueRequired":true,"valueName":"search_term_string"}}],"inLanguage":"fr-FR"},{"@type":"Organization","@id":"https:\/\/monita.es\/fr\/#organization","name":"Mo\u00f1ita","url":"https:\/\/monita.es\/fr\/","logo":{"@type":"ImageObject","inLanguage":"fr-FR","@id":"https:\/\/monita.es\/fr\/#\/schema\/logo\/image\/","url":"https:\/\/monita.es\/wp-content\/uploads\/cropped-cropped-logo-monita-1-neg.png","contentUrl":"https:\/\/monita.es\/wp-content\/uploads\/cropped-cropped-logo-monita-1-neg.png","width":785,"height":666,"caption":"Mo\u00f1ita"},"image":{"@id":"https:\/\/monita.es\/fr\/#\/schema\/logo\/image\/"}}]}},"_links":{"self":[{"href":"https:\/\/monita.es\/fr\/wp-json\/wp\/v2\/pages\/2441","targetHints":{"allow":["GET"]}}],"collection":[{"href":"https:\/\/monita.es\/fr\/wp-json\/wp\/v2\/pages"}],"about":[{"href":"https:\/\/monita.es\/fr\/wp-json\/wp\/v2\/types\/page"}],"author":[{"embeddable":true,"href":"https:\/\/monita.es\/fr\/wp-json\/wp\/v2\/users\/2"}],"replies":[{"embeddable":true,"href":"https:\/\/monita.es\/fr\/wp-json\/wp\/v2\/comments?post=2441"}],"version-history":[{"count":0,"href":"https:\/\/monita.es\/fr\/wp-json\/wp\/v2\/pages\/2441\/revisions"}],"up":[{"embeddable":true,"href":"https:\/\/monita.es\/fr\/wp-json\/wp\/v2\/pages\/2413"}],"wp:attachment":[{"href":"https:\/\/monita.es\/fr\/wp-json\/wp\/v2\/media?parent=2441"}],"curies":[{"name":"wp","href":"https:\/\/api.w.org\/{rel}","templated":true}]}}