{"id":2411,"date":"2014-12-17T21:21:18","date_gmt":"2014-12-17T21:21:18","guid":{"rendered":"https:\/\/monita.es\/arquitectura-textil\/velas-tensadas\/"},"modified":"2019-06-06T15:00:27","modified_gmt":"2019-06-06T15:00:27","slug":"velas-tensadas","status":"publish","type":"page","link":"https:\/\/monita.es\/fr\/arquitectura-textil\/velas-tensadas\/","title":{"rendered":"Toiles tendues"},"content":{"rendered":"<p><a href=\"https:\/\/monita.es\/monita\/\"><strong>MO\u00d1ITA<\/strong><\/a><strong>\u00a0<\/strong>a sorti sur le march\u00e9 une s\u00e9rie de structures standaris\u00e9es et conformes au <strong>CTB<\/strong> (<strong>Code technique du b\u00e2timent<\/strong>) caract\u00e9ris\u00e9es par un design \u00e9l\u00e9gant, un faible co\u00fbt et une installation facile. Ces structures de petite taille, connues sous le nom de <strong>toiles tendues<\/strong>, peuvent \u00eatre fabriqu\u00e9es dans des tissus micro-perfor\u00e9s ou imperm\u00e9ables, et offrent \u00e9galement un ombrage rafra\u00eechissant.<\/p>\n<p><strong>Voiles d\u2019ombrage<\/strong><\/p>\n<p>Ces structures modulaires peuvent \u00eatre jointes ensemble pour couvrir de grands espaces de mani\u00e8re simple. Elles sont compos\u00e9es d&rsquo;un ensemble tubulaire de 3 \u00e0 6 m\u00e8tres de base et d&rsquo;une hauteur maximale de 5 m\u00e8tres, en plus des <a href=\"https:\/\/monita.es\/confeccion-industrial-lonas\/\"><strong>toiles<\/strong><\/a> micro-perfor\u00e9es ou <strong>imperm\u00e9ables<\/strong>, avec des finitions dans la couleur de votre choix.<\/p>\n<p><strong>C\u00f4nes invers\u00e9s<\/strong><\/p>\n<p>Ces structures sont form\u00e9es par un m\u00e2t central et un anneau sup\u00e9rieur. Elles constituent une solution \u00e9l\u00e9gante pour cr\u00e9er de l\u2019ombre au moyen de structures de diff\u00e9rente taille et hauteur, formant ainsi une for\u00eat de c\u00f4nes.<\/p>\n<p>Elles sont compos\u00e9es d&rsquo;un ensemble tubulaire de 3 \u00e0 8 m\u00e8tres de diam\u00e8tre et d&rsquo;une hauteur maximale de 8 m\u00e8tres, en plus des <strong>toiles<\/strong> micro-perfor\u00e9es ou imperm\u00e9ables, avec des finitions dans la couleur de votre choix. Lorsqu\u2019elles sont \u00e9labor\u00e9es avec une toile imperm\u00e9able, toute l&rsquo;eau de pluie est recueillie dans le m\u00e2t central qui la dirige vers le sol.<\/p>\n","protected":false},"excerpt":{"rendered":"<p>MO\u00d1ITA\u00a0a sorti sur le march\u00e9 une s\u00e9rie de structures standaris\u00e9es et conformes au CTB (Code technique du b\u00e2timent) caract\u00e9ris\u00e9es par un design \u00e9l\u00e9gant, un faible co\u00fbt et une installation facile. Ces structures de petite taille, connues sous le nom de toiles tendues, peuvent \u00eatre fabriqu\u00e9es dans des tissus micro-perfor\u00e9s ou imperm\u00e9ables, et offrent \u00e9galement un &#8230; <a title=\"Toiles tendues\" class=\"read-more\" href=\"https:\/\/monita.es\/fr\/arquitectura-textil\/velas-tensadas\/\" aria-label=\"En savoir plus sur Toiles tendues\">Leer m\u00e1s<\/a><\/p>\n","protected":false},"author":2,"featured_media":0,"parent":2393,"menu_order":8,"comment_status":"open","ping_status":"closed","template":"template-page-categorias-2.php","meta":{"footnotes":""},"class_list":["post-2411","page","type-page","status-publish"],"yoast_head":"<!-- This site is optimized with the Yoast SEO plugin v24.7 - https:\/\/yoast.com\/wordpress\/plugins\/seo\/ -->\n<title>Bougies tendues - Architecture textile - MO\u00d1ITA<\/title>\n<meta name=\"description\" content=\"MO\u00d1ITA propose des bougies tendues, id\u00e9ales pour couvrir de grands espaces avec des b\u00e2ches imperm\u00e9ables. Nous embaucher\" \/>\n<meta name=\"robots\" content=\"index, follow, max-snippet:-1, max-image-preview:large, max-video-preview:-1\" \/>\n<link rel=\"canonical\" href=\"https:\/\/monita.es\/fr\/arquitectura-textil\/velas-tensadas\/\" \/>\n<meta property=\"og:locale\" content=\"fr_FR\" \/>\n<meta property=\"og:type\" content=\"article\" \/>\n<meta property=\"og:title\" content=\"Bougies tendues - Architecture textile - MO\u00d1ITA\" \/>\n<meta property=\"og:description\" content=\"MO\u00d1ITA propose des bougies tendues, id\u00e9ales pour couvrir de grands espaces avec des b\u00e2ches imperm\u00e9ables. Nous embaucher\" \/>\n<meta property=\"og:url\" content=\"https:\/\/monita.es\/fr\/arquitectura-textil\/velas-tensadas\/\" \/>\n<meta property=\"og:site_name\" content=\"Venta de carpas en Madrid - MO\u00d1ITA\" \/>\n<meta property=\"article:modified_time\" content=\"2019-06-06T15:00:27+00:00\" \/>\n<meta property=\"og:image\" content=\"https:\/\/monita.es\/wp-content\/uploads\/2014\/12\/toldo-monita-toldo-vela.jpg\" \/>\n\t<meta property=\"og:image:width\" content=\"260\" \/>\n\t<meta property=\"og:image:height\" content=\"270\" \/>\n\t<meta property=\"og:image:type\" content=\"image\/jpeg\" \/>\n<meta name=\"twitter:label1\" content=\"Dur\u00e9e de lecture estim\u00e9e\" \/>\n\t<meta name=\"twitter:data1\" content=\"1 minute\" \/>\n<script type=\"application\/ld+json\" class=\"yoast-schema-graph\">{\"@context\":\"https:\/\/schema.org\",\"@graph\":[{\"@type\":\"WebPage\",\"@id\":\"https:\/\/monita.es\/fr\/arquitectura-textil\/velas-tensadas\/\",\"url\":\"https:\/\/monita.es\/fr\/arquitectura-textil\/velas-tensadas\/\",\"name\":\"Bougies tendues - Architecture textile - MO\u00d1ITA\",\"isPartOf\":{\"@id\":\"https:\/\/monita.es\/fr\/#website\"},\"datePublished\":\"2014-12-17T21:21:18+00:00\",\"dateModified\":\"2019-06-06T15:00:27+00:00\",\"description\":\"MO\u00d1ITA propose des bougies tendues, id\u00e9ales pour couvrir de grands espaces avec des b\u00e2ches imperm\u00e9ables. Nous embaucher\",\"breadcrumb\":{\"@id\":\"https:\/\/monita.es\/fr\/arquitectura-textil\/velas-tensadas\/#breadcrumb\"},\"inLanguage\":\"fr-FR\",\"potentialAction\":[{\"@type\":\"ReadAction\",\"target\":[\"https:\/\/monita.es\/fr\/arquitectura-textil\/velas-tensadas\/\"]}]},{\"@type\":\"BreadcrumbList\",\"@id\":\"https:\/\/monita.es\/fr\/arquitectura-textil\/velas-tensadas\/#breadcrumb\",\"itemListElement\":[{\"@type\":\"ListItem\",\"position\":1,\"name\":\"Mo\u00f1ita\",\"item\":\"https:\/\/monita.es\/fr\/accueil-entreprise\/\"},{\"@type\":\"ListItem\",\"position\":2,\"name\":\"Experts en architecture textile\",\"item\":\"https:\/\/monita.es\/fr\/arquitectura-textil\/\"},{\"@type\":\"ListItem\",\"position\":3,\"name\":\"Toiles tendues\"}]},{\"@type\":\"WebSite\",\"@id\":\"https:\/\/monita.es\/fr\/#website\",\"url\":\"https:\/\/monita.es\/fr\/\",\"name\":\"Venta de carpas en Madrid - MO\u00d1ITA\",\"description\":\"MO\u00d1ITA es carpas, confecci\u00f3n de lonas para usos industriales, fachada textil, arquitectura textil y toldos. Dise\u00f1amos, proyectamos y creamos tu proyecto.\",\"publisher\":{\"@id\":\"https:\/\/monita.es\/fr\/#organization\"},\"potentialAction\":[{\"@type\":\"SearchAction\",\"target\":{\"@type\":\"EntryPoint\",\"urlTemplate\":\"https:\/\/monita.es\/fr\/?s={search_term_string}\"},\"query-input\":{\"@type\":\"PropertyValueSpecification\",\"valueRequired\":true,\"valueName\":\"search_term_string\"}}],\"inLanguage\":\"fr-FR\"},{\"@type\":\"Organization\",\"@id\":\"https:\/\/monita.es\/fr\/#organization\",\"name\":\"Mo\u00f1ita\",\"url\":\"https:\/\/monita.es\/fr\/\",\"logo\":{\"@type\":\"ImageObject\",\"inLanguage\":\"fr-FR\",\"@id\":\"https:\/\/monita.es\/fr\/#\/schema\/logo\/image\/\",\"url\":\"https:\/\/monita.es\/wp-content\/uploads\/cropped-cropped-logo-monita-1-neg.png\",\"contentUrl\":\"https:\/\/monita.es\/wp-content\/uploads\/cropped-cropped-logo-monita-1-neg.png\",\"width\":785,\"height\":666,\"caption\":\"Mo\u00f1ita\"},\"image\":{\"@id\":\"https:\/\/monita.es\/fr\/#\/schema\/logo\/image\/\"}}]}<\/script>\n<!-- \/ Yoast SEO plugin. -->","yoast_head_json":{"title":"Bougies tendues - Architecture textile - MO\u00d1ITA","description":"MO\u00d1ITA propose des bougies tendues, id\u00e9ales pour couvrir de grands espaces avec des b\u00e2ches imperm\u00e9ables. Nous embaucher","robots":{"index":"index","follow":"follow","max-snippet":"max-snippet:-1","max-image-preview":"max-image-preview:large","max-video-preview":"max-video-preview:-1"},"canonical":"https:\/\/monita.es\/fr\/arquitectura-textil\/velas-tensadas\/","og_locale":"fr_FR","og_type":"article","og_title":"Bougies tendues - Architecture textile - MO\u00d1ITA","og_description":"MO\u00d1ITA propose des bougies tendues, id\u00e9ales pour couvrir de grands espaces avec des b\u00e2ches imperm\u00e9ables. Nous embaucher","og_url":"https:\/\/monita.es\/fr\/arquitectura-textil\/velas-tensadas\/","og_site_name":"Venta de carpas en Madrid - MO\u00d1ITA","article_modified_time":"2019-06-06T15:00:27+00:00","og_image":[{"width":260,"height":270,"url":"https:\/\/monita.es\/wp-content\/uploads\/2014\/12\/toldo-monita-toldo-vela.jpg","type":"image\/jpeg"}],"twitter_misc":{"Dur\u00e9e de lecture estim\u00e9e":"1 minute"},"schema":{"@context":"https:\/\/schema.org","@graph":[{"@type":"WebPage","@id":"https:\/\/monita.es\/fr\/arquitectura-textil\/velas-tensadas\/","url":"https:\/\/monita.es\/fr\/arquitectura-textil\/velas-tensadas\/","name":"Bougies tendues - Architecture textile - MO\u00d1ITA","isPartOf":{"@id":"https:\/\/monita.es\/fr\/#website"},"datePublished":"2014-12-17T21:21:18+00:00","dateModified":"2019-06-06T15:00:27+00:00","description":"MO\u00d1ITA propose des bougies tendues, id\u00e9ales pour couvrir de grands espaces avec des b\u00e2ches imperm\u00e9ables. Nous embaucher","breadcrumb":{"@id":"https:\/\/monita.es\/fr\/arquitectura-textil\/velas-tensadas\/#breadcrumb"},"inLanguage":"fr-FR","potentialAction":[{"@type":"ReadAction","target":["https:\/\/monita.es\/fr\/arquitectura-textil\/velas-tensadas\/"]}]},{"@type":"BreadcrumbList","@id":"https:\/\/monita.es\/fr\/arquitectura-textil\/velas-tensadas\/#breadcrumb","itemListElement":[{"@type":"ListItem","position":1,"name":"Mo\u00f1ita","item":"https:\/\/monita.es\/fr\/accueil-entreprise\/"},{"@type":"ListItem","position":2,"name":"Experts en architecture textile","item":"https:\/\/monita.es\/fr\/arquitectura-textil\/"},{"@type":"ListItem","position":3,"name":"Toiles tendues"}]},{"@type":"WebSite","@id":"https:\/\/monita.es\/fr\/#website","url":"https:\/\/monita.es\/fr\/","name":"Venta de carpas en Madrid - MO\u00d1ITA","description":"MO\u00d1ITA es carpas, confecci\u00f3n de lonas para usos industriales, fachada textil, arquitectura textil y toldos. Dise\u00f1amos, proyectamos y creamos tu proyecto.","publisher":{"@id":"https:\/\/monita.es\/fr\/#organization"},"potentialAction":[{"@type":"SearchAction","target":{"@type":"EntryPoint","urlTemplate":"https:\/\/monita.es\/fr\/?s={search_term_string}"},"query-input":{"@type":"PropertyValueSpecification","valueRequired":true,"valueName":"search_term_string"}}],"inLanguage":"fr-FR"},{"@type":"Organization","@id":"https:\/\/monita.es\/fr\/#organization","name":"Mo\u00f1ita","url":"https:\/\/monita.es\/fr\/","logo":{"@type":"ImageObject","inLanguage":"fr-FR","@id":"https:\/\/monita.es\/fr\/#\/schema\/logo\/image\/","url":"https:\/\/monita.es\/wp-content\/uploads\/cropped-cropped-logo-monita-1-neg.png","contentUrl":"https:\/\/monita.es\/wp-content\/uploads\/cropped-cropped-logo-monita-1-neg.png","width":785,"height":666,"caption":"Mo\u00f1ita"},"image":{"@id":"https:\/\/monita.es\/fr\/#\/schema\/logo\/image\/"}}]}},"_links":{"self":[{"href":"https:\/\/monita.es\/fr\/wp-json\/wp\/v2\/pages\/2411","targetHints":{"allow":["GET"]}}],"collection":[{"href":"https:\/\/monita.es\/fr\/wp-json\/wp\/v2\/pages"}],"about":[{"href":"https:\/\/monita.es\/fr\/wp-json\/wp\/v2\/types\/page"}],"author":[{"embeddable":true,"href":"https:\/\/monita.es\/fr\/wp-json\/wp\/v2\/users\/2"}],"replies":[{"embeddable":true,"href":"https:\/\/monita.es\/fr\/wp-json\/wp\/v2\/comments?post=2411"}],"version-history":[{"count":0,"href":"https:\/\/monita.es\/fr\/wp-json\/wp\/v2\/pages\/2411\/revisions"}],"up":[{"embeddable":true,"href":"https:\/\/monita.es\/fr\/wp-json\/wp\/v2\/pages\/2393"}],"wp:attachment":[{"href":"https:\/\/monita.es\/fr\/wp-json\/wp\/v2\/media?parent=2411"}],"curies":[{"name":"wp","href":"https:\/\/api.w.org\/{rel}","templated":true}]}}