{"id":2409,"date":"2014-12-17T21:21:02","date_gmt":"2014-12-17T21:21:02","guid":{"rendered":"https:\/\/monita.es\/arquitectura-textil\/tensoestructuras\/"},"modified":"2019-05-14T15:13:09","modified_gmt":"2019-05-14T15:13:09","slug":"tensoestructuras","status":"publish","type":"page","link":"https:\/\/monita.es\/fr\/arquitectura-textil\/tensoestructuras\/","title":{"rendered":"Tenso-structures"},"content":{"rendered":"<p><strong>MO\u00d1ITA<\/strong> compte une \u00e9quipe d\u2019experts sp\u00e9cialis\u00e9s dans la fabrication et l\u2019installation de toutes sortes de petites structures tendues ou <strong>tenso-structures<\/strong> pour les h\u00f4tels, salles des f\u00eates, coll\u00e8ges, garderies, parkings, parcs publics, zones sportives, jardins et expositions, entre autres.<\/p>\n<p>Nous nous consacrons \u00e9galement \u00e0 l\u2019\u00e9laboration de <strong>couvertures textiles<\/strong> de taille moyenne, applicables \u00e0 la consolidation des zones urbanis\u00e9es, \u00e0 la promotion ou \u00e0 la couverture des acc\u00e8s aux centres commerciaux et de loisirs, aux auditoriums et aux sites arch\u00e9ologiques.<\/p>\n<p>Gr\u00e2ce \u00e0 leur simplicit\u00e9, les <strong>tenso-structures<\/strong> ou <strong>toiles tendues<\/strong> sont des produits plus rapides \u00e0 r\u00e9aliser et faciles \u00e0 monter qui permettent d&#8217;embellir l&rsquo;espace \u00e0 couvrir. Nous les concevons et les calculons pour qu&rsquo;elles soient conformes au <strong>CTB<\/strong> (<strong>Code technique du b\u00e2timent<\/strong>), comme tout espace couvert.<\/p>\n<p>Dans le domaine de l\u2019<a href=\"https:\/\/monita.es\/arquitectura-textil\/\"><strong>architecture textile<\/strong><\/a>, chaque projet est unique. Pour cette raison, chez <strong>MO\u00d1ITA<\/strong> nous nous chargeons de la conception initiale jusqu\u2019\u00e0 l&rsquo;installation finale. <a href=\"https:\/\/monita.es\/nuestros-clientes\/\">Nos clients<\/a><strong>\u00a0<\/strong>peuvent en t\u00e9moigner. <strong>Appelez-nous, vous ne le regretterez pas.<\/strong><\/p>\n","protected":false},"excerpt":{"rendered":"<p>MO\u00d1ITA compte une \u00e9quipe d\u2019experts sp\u00e9cialis\u00e9s dans la fabrication et l\u2019installation de toutes sortes de petites structures tendues ou tenso-structures pour les h\u00f4tels, salles des f\u00eates, coll\u00e8ges, garderies, parkings, parcs publics, zones sportives, jardins et expositions, entre autres. Nous nous consacrons \u00e9galement \u00e0 l\u2019\u00e9laboration de couvertures textiles de taille moyenne, applicables \u00e0 la consolidation des &#8230; <a title=\"Tenso-structures\" class=\"read-more\" href=\"https:\/\/monita.es\/fr\/arquitectura-textil\/tensoestructuras\/\" aria-label=\"En savoir plus sur Tenso-structures\">Leer m\u00e1s<\/a><\/p>\n","protected":false},"author":2,"featured_media":0,"parent":2393,"menu_order":7,"comment_status":"open","ping_status":"closed","template":"","meta":{"footnotes":""},"class_list":["post-2409","page","type-page","status-publish"],"yoast_head":"<!-- This site is optimized with the Yoast SEO plugin v24.7 - https:\/\/yoast.com\/wordpress\/plugins\/seo\/ -->\n<title>Tenstructures - Architecture textile - MO\u00d1ITA<\/title>\n<meta name=\"description\" content=\"MO\u00d1ITA propose toute une gamme de tensostructures adapt\u00e9es aux solutions d&#039;architecture textile dont votre entreprise a besoin. Demandez nous un devis\" \/>\n<meta name=\"robots\" content=\"index, follow, max-snippet:-1, max-image-preview:large, max-video-preview:-1\" \/>\n<link rel=\"canonical\" href=\"https:\/\/monita.es\/fr\/arquitectura-textil\/tensoestructuras\/\" \/>\n<meta property=\"og:locale\" content=\"fr_FR\" \/>\n<meta property=\"og:type\" content=\"article\" \/>\n<meta property=\"og:title\" content=\"Tenstructures - Architecture textile - MO\u00d1ITA\" \/>\n<meta property=\"og:description\" content=\"MO\u00d1ITA propose toute une gamme de tensostructures adapt\u00e9es aux solutions d&#039;architecture textile dont votre entreprise a besoin. Demandez nous un devis\" \/>\n<meta property=\"og:url\" content=\"https:\/\/monita.es\/fr\/arquitectura-textil\/tensoestructuras\/\" \/>\n<meta property=\"og:site_name\" content=\"Venta de carpas en Madrid - MO\u00d1ITA\" \/>\n<meta property=\"article:modified_time\" content=\"2019-05-14T15:13:09+00:00\" \/>\n<meta property=\"og:image\" content=\"https:\/\/monita.es\/wp-content\/uploads\/2014\/12\/toldo-monita-carpa-segunda-mano.jpg\" \/>\n\t<meta property=\"og:image:width\" content=\"260\" \/>\n\t<meta property=\"og:image:height\" content=\"270\" \/>\n\t<meta property=\"og:image:type\" content=\"image\/jpeg\" \/>\n<meta name=\"twitter:label1\" content=\"Dur\u00e9e de lecture estim\u00e9e\" \/>\n\t<meta name=\"twitter:data1\" content=\"1 minute\" \/>\n<script type=\"application\/ld+json\" class=\"yoast-schema-graph\">{\"@context\":\"https:\/\/schema.org\",\"@graph\":[{\"@type\":\"WebPage\",\"@id\":\"https:\/\/monita.es\/fr\/arquitectura-textil\/tensoestructuras\/\",\"url\":\"https:\/\/monita.es\/fr\/arquitectura-textil\/tensoestructuras\/\",\"name\":\"Tenstructures - Architecture textile - MO\u00d1ITA\",\"isPartOf\":{\"@id\":\"https:\/\/monita.es\/fr\/#website\"},\"datePublished\":\"2014-12-17T21:21:02+00:00\",\"dateModified\":\"2019-05-14T15:13:09+00:00\",\"description\":\"MO\u00d1ITA propose toute une gamme de tensostructures adapt\u00e9es aux solutions d'architecture textile dont votre entreprise a besoin. Demandez nous un devis\",\"breadcrumb\":{\"@id\":\"https:\/\/monita.es\/fr\/arquitectura-textil\/tensoestructuras\/#breadcrumb\"},\"inLanguage\":\"fr-FR\",\"potentialAction\":[{\"@type\":\"ReadAction\",\"target\":[\"https:\/\/monita.es\/fr\/arquitectura-textil\/tensoestructuras\/\"]}]},{\"@type\":\"BreadcrumbList\",\"@id\":\"https:\/\/monita.es\/fr\/arquitectura-textil\/tensoestructuras\/#breadcrumb\",\"itemListElement\":[{\"@type\":\"ListItem\",\"position\":1,\"name\":\"Mo\u00f1ita\",\"item\":\"https:\/\/monita.es\/fr\/accueil-entreprise\/\"},{\"@type\":\"ListItem\",\"position\":2,\"name\":\"Experts en architecture textile\",\"item\":\"https:\/\/monita.es\/fr\/arquitectura-textil\/\"},{\"@type\":\"ListItem\",\"position\":3,\"name\":\"Tenso-structures\"}]},{\"@type\":\"WebSite\",\"@id\":\"https:\/\/monita.es\/fr\/#website\",\"url\":\"https:\/\/monita.es\/fr\/\",\"name\":\"Venta de carpas en Madrid - MO\u00d1ITA\",\"description\":\"MO\u00d1ITA es carpas, confecci\u00f3n de lonas para usos industriales, fachada textil, arquitectura textil y toldos. Dise\u00f1amos, proyectamos y creamos tu proyecto.\",\"publisher\":{\"@id\":\"https:\/\/monita.es\/fr\/#organization\"},\"potentialAction\":[{\"@type\":\"SearchAction\",\"target\":{\"@type\":\"EntryPoint\",\"urlTemplate\":\"https:\/\/monita.es\/fr\/?s={search_term_string}\"},\"query-input\":{\"@type\":\"PropertyValueSpecification\",\"valueRequired\":true,\"valueName\":\"search_term_string\"}}],\"inLanguage\":\"fr-FR\"},{\"@type\":\"Organization\",\"@id\":\"https:\/\/monita.es\/fr\/#organization\",\"name\":\"Mo\u00f1ita\",\"url\":\"https:\/\/monita.es\/fr\/\",\"logo\":{\"@type\":\"ImageObject\",\"inLanguage\":\"fr-FR\",\"@id\":\"https:\/\/monita.es\/fr\/#\/schema\/logo\/image\/\",\"url\":\"https:\/\/monita.es\/wp-content\/uploads\/cropped-cropped-logo-monita-1-neg.png\",\"contentUrl\":\"https:\/\/monita.es\/wp-content\/uploads\/cropped-cropped-logo-monita-1-neg.png\",\"width\":785,\"height\":666,\"caption\":\"Mo\u00f1ita\"},\"image\":{\"@id\":\"https:\/\/monita.es\/fr\/#\/schema\/logo\/image\/\"}}]}<\/script>\n<!-- \/ Yoast SEO plugin. -->","yoast_head_json":{"title":"Tenstructures - Architecture textile - MO\u00d1ITA","description":"MO\u00d1ITA propose toute une gamme de tensostructures adapt\u00e9es aux solutions d'architecture textile dont votre entreprise a besoin. Demandez nous un devis","robots":{"index":"index","follow":"follow","max-snippet":"max-snippet:-1","max-image-preview":"max-image-preview:large","max-video-preview":"max-video-preview:-1"},"canonical":"https:\/\/monita.es\/fr\/arquitectura-textil\/tensoestructuras\/","og_locale":"fr_FR","og_type":"article","og_title":"Tenstructures - Architecture textile - MO\u00d1ITA","og_description":"MO\u00d1ITA propose toute une gamme de tensostructures adapt\u00e9es aux solutions d'architecture textile dont votre entreprise a besoin. Demandez nous un devis","og_url":"https:\/\/monita.es\/fr\/arquitectura-textil\/tensoestructuras\/","og_site_name":"Venta de carpas en Madrid - MO\u00d1ITA","article_modified_time":"2019-05-14T15:13:09+00:00","og_image":[{"width":260,"height":270,"url":"https:\/\/monita.es\/wp-content\/uploads\/2014\/12\/toldo-monita-carpa-segunda-mano.jpg","type":"image\/jpeg"}],"twitter_misc":{"Dur\u00e9e de lecture estim\u00e9e":"1 minute"},"schema":{"@context":"https:\/\/schema.org","@graph":[{"@type":"WebPage","@id":"https:\/\/monita.es\/fr\/arquitectura-textil\/tensoestructuras\/","url":"https:\/\/monita.es\/fr\/arquitectura-textil\/tensoestructuras\/","name":"Tenstructures - Architecture textile - MO\u00d1ITA","isPartOf":{"@id":"https:\/\/monita.es\/fr\/#website"},"datePublished":"2014-12-17T21:21:02+00:00","dateModified":"2019-05-14T15:13:09+00:00","description":"MO\u00d1ITA propose toute une gamme de tensostructures adapt\u00e9es aux solutions d'architecture textile dont votre entreprise a besoin. Demandez nous un devis","breadcrumb":{"@id":"https:\/\/monita.es\/fr\/arquitectura-textil\/tensoestructuras\/#breadcrumb"},"inLanguage":"fr-FR","potentialAction":[{"@type":"ReadAction","target":["https:\/\/monita.es\/fr\/arquitectura-textil\/tensoestructuras\/"]}]},{"@type":"BreadcrumbList","@id":"https:\/\/monita.es\/fr\/arquitectura-textil\/tensoestructuras\/#breadcrumb","itemListElement":[{"@type":"ListItem","position":1,"name":"Mo\u00f1ita","item":"https:\/\/monita.es\/fr\/accueil-entreprise\/"},{"@type":"ListItem","position":2,"name":"Experts en architecture textile","item":"https:\/\/monita.es\/fr\/arquitectura-textil\/"},{"@type":"ListItem","position":3,"name":"Tenso-structures"}]},{"@type":"WebSite","@id":"https:\/\/monita.es\/fr\/#website","url":"https:\/\/monita.es\/fr\/","name":"Venta de carpas en Madrid - MO\u00d1ITA","description":"MO\u00d1ITA es carpas, confecci\u00f3n de lonas para usos industriales, fachada textil, arquitectura textil y toldos. Dise\u00f1amos, proyectamos y creamos tu proyecto.","publisher":{"@id":"https:\/\/monita.es\/fr\/#organization"},"potentialAction":[{"@type":"SearchAction","target":{"@type":"EntryPoint","urlTemplate":"https:\/\/monita.es\/fr\/?s={search_term_string}"},"query-input":{"@type":"PropertyValueSpecification","valueRequired":true,"valueName":"search_term_string"}}],"inLanguage":"fr-FR"},{"@type":"Organization","@id":"https:\/\/monita.es\/fr\/#organization","name":"Mo\u00f1ita","url":"https:\/\/monita.es\/fr\/","logo":{"@type":"ImageObject","inLanguage":"fr-FR","@id":"https:\/\/monita.es\/fr\/#\/schema\/logo\/image\/","url":"https:\/\/monita.es\/wp-content\/uploads\/cropped-cropped-logo-monita-1-neg.png","contentUrl":"https:\/\/monita.es\/wp-content\/uploads\/cropped-cropped-logo-monita-1-neg.png","width":785,"height":666,"caption":"Mo\u00f1ita"},"image":{"@id":"https:\/\/monita.es\/fr\/#\/schema\/logo\/image\/"}}]}},"_links":{"self":[{"href":"https:\/\/monita.es\/fr\/wp-json\/wp\/v2\/pages\/2409","targetHints":{"allow":["GET"]}}],"collection":[{"href":"https:\/\/monita.es\/fr\/wp-json\/wp\/v2\/pages"}],"about":[{"href":"https:\/\/monita.es\/fr\/wp-json\/wp\/v2\/types\/page"}],"author":[{"embeddable":true,"href":"https:\/\/monita.es\/fr\/wp-json\/wp\/v2\/users\/2"}],"replies":[{"embeddable":true,"href":"https:\/\/monita.es\/fr\/wp-json\/wp\/v2\/comments?post=2409"}],"version-history":[{"count":0,"href":"https:\/\/monita.es\/fr\/wp-json\/wp\/v2\/pages\/2409\/revisions"}],"up":[{"embeddable":true,"href":"https:\/\/monita.es\/fr\/wp-json\/wp\/v2\/pages\/2393"}],"wp:attachment":[{"href":"https:\/\/monita.es\/fr\/wp-json\/wp\/v2\/media?parent=2409"}],"curies":[{"name":"wp","href":"https:\/\/api.w.org\/{rel}","templated":true}]}}