{"id":2407,"date":"2014-12-17T21:20:45","date_gmt":"2014-12-17T21:20:45","guid":{"rendered":"https:\/\/monita.es\/arquitectura-textil\/estructuras-tensadas\/"},"modified":"2019-05-30T10:25:56","modified_gmt":"2019-05-30T10:25:56","slug":"estructuras-tensadas","status":"publish","type":"page","link":"https:\/\/monita.es\/fr\/arquitectura-textil\/estructuras-tensadas\/","title":{"rendered":"Structures tendues"},"content":{"rendered":"<p>Les <strong>structures tendues<\/strong> figurent parmi les \u00e9l\u00e9ments constructifs les plus pr\u00e9sents dans les constructions modernes. Pour la l\u00e9g\u00e8ret\u00e9 de leurs mat\u00e9riaux, la possibilit\u00e9 de d\u00e9ployer des formes, la beaut\u00e9 esth\u00e9tique qu&rsquo;elles fournissent et les conditions d&rsquo;\u00e9clairage qu&rsquo;elles cr\u00e9ent, les solutions d\u2019<strong>architecture textile<\/strong> propos\u00e9s par <strong>MO\u00d1ITA<\/strong> mettent en valeur des endroits comme :<\/p>\n<ul>\n<li>Terrains sportifs.<\/li>\n<li>Parcs th\u00e9matiques.<\/li>\n<li>Jardins.<\/li>\n<li>Restaurants.<\/li>\n<li>Institutions \u00e9ducatives.<\/li>\n<li>Centres commerciaux.<\/li>\n<li>Espaces de rencontre dans les villes.<\/li>\n<li>Toutes sortes d\u2019espaces ouverts.<\/li>\n<\/ul>\n<p>La simplicit\u00e9 de leurs formes et de leurs structures rend les <strong>structures tendues<\/strong> rapides et faciles \u00e0 installer. Elles offrent \u00e9galement d\u2019autres avantages comme un ombrage rafra\u00eechissant, une protection contre la pluie et des mat\u00e9riaux de diff\u00e9rentes textures et couleurs d&rsquo;une grande polyvalence.<\/p>\n<p>Pour obtenir plus de renseignements concernant ce type de structures, aussi connues sous le nom de <strong>tenso-structures<\/strong>, veuillez <a href=\"https:\/\/monita.es\/contacto-ubicacion\/\">contacter<\/a><strong>\u00a0<\/strong>nos conseillers. Nous serons heureux de r\u00e9pondre \u00e0 toutes vos questions.<\/p>\n","protected":false},"excerpt":{"rendered":"<p>Les structures tendues figurent parmi les \u00e9l\u00e9ments constructifs les plus pr\u00e9sents dans les constructions modernes. Pour la l\u00e9g\u00e8ret\u00e9 de leurs mat\u00e9riaux, la possibilit\u00e9 de d\u00e9ployer des formes, la beaut\u00e9 esth\u00e9tique qu&rsquo;elles fournissent et les conditions d&rsquo;\u00e9clairage qu&rsquo;elles cr\u00e9ent, les solutions d\u2019architecture textile propos\u00e9s par MO\u00d1ITA mettent en valeur des endroits comme : Terrains sportifs. Parcs &#8230; <a title=\"Structures tendues\" class=\"read-more\" href=\"https:\/\/monita.es\/fr\/arquitectura-textil\/estructuras-tensadas\/\" aria-label=\"En savoir plus sur Structures tendues\">Leer m\u00e1s<\/a><\/p>\n","protected":false},"author":2,"featured_media":217,"parent":2393,"menu_order":6,"comment_status":"open","ping_status":"closed","template":"template-page-categorias-2.php","meta":{"footnotes":""},"class_list":["post-2407","page","type-page","status-publish","has-post-thumbnail"],"yoast_head":"<!-- This site is optimized with the Yoast SEO plugin v24.7 - https:\/\/yoast.com\/wordpress\/plugins\/seo\/ -->\n<title>Structures tenstructur\u00e9es - Architecture textile - MO\u00d1ITA<\/title>\n<meta name=\"description\" content=\"MO\u00d1ITA dispose des structures tendues les mieux adapt\u00e9es aux conditions de votre \u00e9tablissement. Demandez-nous un budget sans engagement\" \/>\n<meta name=\"robots\" content=\"noindex, follow\" \/>\n<meta property=\"og:locale\" content=\"fr_FR\" \/>\n<meta property=\"og:type\" content=\"article\" \/>\n<meta property=\"og:title\" content=\"Structures tenstructur\u00e9es - Architecture textile - MO\u00d1ITA\" \/>\n<meta property=\"og:description\" content=\"MO\u00d1ITA dispose des structures tendues les mieux adapt\u00e9es aux conditions de votre \u00e9tablissement. Demandez-nous un budget sans engagement\" \/>\n<meta property=\"og:url\" content=\"https:\/\/monita.es\/fr\/arquitectura-textil\/estructuras-tensadas\/\" \/>\n<meta property=\"og:site_name\" content=\"Venta de carpas en Madrid - MO\u00d1ITA\" \/>\n<meta property=\"article:modified_time\" content=\"2019-05-30T10:25:56+00:00\" \/>\n<meta property=\"og:image\" content=\"https:\/\/monita.es\/wp-content\/uploads\/2014\/12\/toldos-monita-contacto.jpg\" \/>\n\t<meta property=\"og:image:width\" content=\"256\" \/>\n\t<meta property=\"og:image:height\" content=\"271\" \/>\n\t<meta property=\"og:image:type\" content=\"image\/jpeg\" \/>\n<meta name=\"twitter:label1\" content=\"Dur\u00e9e de lecture estim\u00e9e\" \/>\n\t<meta name=\"twitter:data1\" content=\"1 minute\" \/>\n<script type=\"application\/ld+json\" class=\"yoast-schema-graph\">{\"@context\":\"https:\/\/schema.org\",\"@graph\":[{\"@type\":\"WebPage\",\"@id\":\"https:\/\/monita.es\/fr\/arquitectura-textil\/estructuras-tensadas\/\",\"url\":\"https:\/\/monita.es\/fr\/arquitectura-textil\/estructuras-tensadas\/\",\"name\":\"Structures tenstructur\u00e9es - Architecture textile - MO\u00d1ITA\",\"isPartOf\":{\"@id\":\"https:\/\/monita.es\/fr\/#website\"},\"primaryImageOfPage\":{\"@id\":\"https:\/\/monita.es\/fr\/arquitectura-textil\/estructuras-tensadas\/#primaryimage\"},\"image\":{\"@id\":\"https:\/\/monita.es\/fr\/arquitectura-textil\/estructuras-tensadas\/#primaryimage\"},\"thumbnailUrl\":\"https:\/\/monita.es\/wp-content\/uploads\/2014\/12\/toldos-monita-contacto.jpg\",\"datePublished\":\"2014-12-17T21:20:45+00:00\",\"dateModified\":\"2019-05-30T10:25:56+00:00\",\"description\":\"MO\u00d1ITA dispose des structures tendues les mieux adapt\u00e9es aux conditions de votre \u00e9tablissement. Demandez-nous un budget sans engagement\",\"breadcrumb\":{\"@id\":\"https:\/\/monita.es\/fr\/arquitectura-textil\/estructuras-tensadas\/#breadcrumb\"},\"inLanguage\":\"fr-FR\",\"potentialAction\":[{\"@type\":\"ReadAction\",\"target\":[\"https:\/\/monita.es\/fr\/arquitectura-textil\/estructuras-tensadas\/\"]}]},{\"@type\":\"ImageObject\",\"inLanguage\":\"fr-FR\",\"@id\":\"https:\/\/monita.es\/fr\/arquitectura-textil\/estructuras-tensadas\/#primaryimage\",\"url\":\"https:\/\/monita.es\/wp-content\/uploads\/2014\/12\/toldos-monita-contacto.jpg\",\"contentUrl\":\"https:\/\/monita.es\/wp-content\/uploads\/2014\/12\/toldos-monita-contacto.jpg\",\"width\":256,\"height\":271,\"caption\":\"MO\u00d1ITA estructuras para eventos\"},{\"@type\":\"BreadcrumbList\",\"@id\":\"https:\/\/monita.es\/fr\/arquitectura-textil\/estructuras-tensadas\/#breadcrumb\",\"itemListElement\":[{\"@type\":\"ListItem\",\"position\":1,\"name\":\"Mo\u00f1ita\",\"item\":\"https:\/\/monita.es\/fr\/accueil-entreprise\/\"},{\"@type\":\"ListItem\",\"position\":2,\"name\":\"Experts en architecture textile\",\"item\":\"https:\/\/monita.es\/fr\/arquitectura-textil\/\"},{\"@type\":\"ListItem\",\"position\":3,\"name\":\"Structures tendues\"}]},{\"@type\":\"WebSite\",\"@id\":\"https:\/\/monita.es\/fr\/#website\",\"url\":\"https:\/\/monita.es\/fr\/\",\"name\":\"Venta de carpas en Madrid - MO\u00d1ITA\",\"description\":\"MO\u00d1ITA es carpas, confecci\u00f3n de lonas para usos industriales, fachada textil, arquitectura textil y toldos. Dise\u00f1amos, proyectamos y creamos tu proyecto.\",\"publisher\":{\"@id\":\"https:\/\/monita.es\/fr\/#organization\"},\"potentialAction\":[{\"@type\":\"SearchAction\",\"target\":{\"@type\":\"EntryPoint\",\"urlTemplate\":\"https:\/\/monita.es\/fr\/?s={search_term_string}\"},\"query-input\":{\"@type\":\"PropertyValueSpecification\",\"valueRequired\":true,\"valueName\":\"search_term_string\"}}],\"inLanguage\":\"fr-FR\"},{\"@type\":\"Organization\",\"@id\":\"https:\/\/monita.es\/fr\/#organization\",\"name\":\"Mo\u00f1ita\",\"url\":\"https:\/\/monita.es\/fr\/\",\"logo\":{\"@type\":\"ImageObject\",\"inLanguage\":\"fr-FR\",\"@id\":\"https:\/\/monita.es\/fr\/#\/schema\/logo\/image\/\",\"url\":\"https:\/\/monita.es\/wp-content\/uploads\/cropped-cropped-logo-monita-1-neg.png\",\"contentUrl\":\"https:\/\/monita.es\/wp-content\/uploads\/cropped-cropped-logo-monita-1-neg.png\",\"width\":785,\"height\":666,\"caption\":\"Mo\u00f1ita\"},\"image\":{\"@id\":\"https:\/\/monita.es\/fr\/#\/schema\/logo\/image\/\"}}]}<\/script>\n<!-- \/ Yoast SEO plugin. -->","yoast_head_json":{"title":"Structures tenstructur\u00e9es - Architecture textile - MO\u00d1ITA","description":"MO\u00d1ITA dispose des structures tendues les mieux adapt\u00e9es aux conditions de votre \u00e9tablissement. Demandez-nous un budget sans engagement","robots":{"index":"noindex","follow":"follow"},"og_locale":"fr_FR","og_type":"article","og_title":"Structures tenstructur\u00e9es - Architecture textile - MO\u00d1ITA","og_description":"MO\u00d1ITA dispose des structures tendues les mieux adapt\u00e9es aux conditions de votre \u00e9tablissement. Demandez-nous un budget sans engagement","og_url":"https:\/\/monita.es\/fr\/arquitectura-textil\/estructuras-tensadas\/","og_site_name":"Venta de carpas en Madrid - MO\u00d1ITA","article_modified_time":"2019-05-30T10:25:56+00:00","og_image":[{"width":256,"height":271,"url":"https:\/\/monita.es\/wp-content\/uploads\/2014\/12\/toldos-monita-contacto.jpg","type":"image\/jpeg"}],"twitter_misc":{"Dur\u00e9e de lecture estim\u00e9e":"1 minute"},"schema":{"@context":"https:\/\/schema.org","@graph":[{"@type":"WebPage","@id":"https:\/\/monita.es\/fr\/arquitectura-textil\/estructuras-tensadas\/","url":"https:\/\/monita.es\/fr\/arquitectura-textil\/estructuras-tensadas\/","name":"Structures tenstructur\u00e9es - Architecture textile - MO\u00d1ITA","isPartOf":{"@id":"https:\/\/monita.es\/fr\/#website"},"primaryImageOfPage":{"@id":"https:\/\/monita.es\/fr\/arquitectura-textil\/estructuras-tensadas\/#primaryimage"},"image":{"@id":"https:\/\/monita.es\/fr\/arquitectura-textil\/estructuras-tensadas\/#primaryimage"},"thumbnailUrl":"https:\/\/monita.es\/wp-content\/uploads\/2014\/12\/toldos-monita-contacto.jpg","datePublished":"2014-12-17T21:20:45+00:00","dateModified":"2019-05-30T10:25:56+00:00","description":"MO\u00d1ITA dispose des structures tendues les mieux adapt\u00e9es aux conditions de votre \u00e9tablissement. Demandez-nous un budget sans engagement","breadcrumb":{"@id":"https:\/\/monita.es\/fr\/arquitectura-textil\/estructuras-tensadas\/#breadcrumb"},"inLanguage":"fr-FR","potentialAction":[{"@type":"ReadAction","target":["https:\/\/monita.es\/fr\/arquitectura-textil\/estructuras-tensadas\/"]}]},{"@type":"ImageObject","inLanguage":"fr-FR","@id":"https:\/\/monita.es\/fr\/arquitectura-textil\/estructuras-tensadas\/#primaryimage","url":"https:\/\/monita.es\/wp-content\/uploads\/2014\/12\/toldos-monita-contacto.jpg","contentUrl":"https:\/\/monita.es\/wp-content\/uploads\/2014\/12\/toldos-monita-contacto.jpg","width":256,"height":271,"caption":"MO\u00d1ITA estructuras para eventos"},{"@type":"BreadcrumbList","@id":"https:\/\/monita.es\/fr\/arquitectura-textil\/estructuras-tensadas\/#breadcrumb","itemListElement":[{"@type":"ListItem","position":1,"name":"Mo\u00f1ita","item":"https:\/\/monita.es\/fr\/accueil-entreprise\/"},{"@type":"ListItem","position":2,"name":"Experts en architecture textile","item":"https:\/\/monita.es\/fr\/arquitectura-textil\/"},{"@type":"ListItem","position":3,"name":"Structures tendues"}]},{"@type":"WebSite","@id":"https:\/\/monita.es\/fr\/#website","url":"https:\/\/monita.es\/fr\/","name":"Venta de carpas en Madrid - MO\u00d1ITA","description":"MO\u00d1ITA es carpas, confecci\u00f3n de lonas para usos industriales, fachada textil, arquitectura textil y toldos. Dise\u00f1amos, proyectamos y creamos tu proyecto.","publisher":{"@id":"https:\/\/monita.es\/fr\/#organization"},"potentialAction":[{"@type":"SearchAction","target":{"@type":"EntryPoint","urlTemplate":"https:\/\/monita.es\/fr\/?s={search_term_string}"},"query-input":{"@type":"PropertyValueSpecification","valueRequired":true,"valueName":"search_term_string"}}],"inLanguage":"fr-FR"},{"@type":"Organization","@id":"https:\/\/monita.es\/fr\/#organization","name":"Mo\u00f1ita","url":"https:\/\/monita.es\/fr\/","logo":{"@type":"ImageObject","inLanguage":"fr-FR","@id":"https:\/\/monita.es\/fr\/#\/schema\/logo\/image\/","url":"https:\/\/monita.es\/wp-content\/uploads\/cropped-cropped-logo-monita-1-neg.png","contentUrl":"https:\/\/monita.es\/wp-content\/uploads\/cropped-cropped-logo-monita-1-neg.png","width":785,"height":666,"caption":"Mo\u00f1ita"},"image":{"@id":"https:\/\/monita.es\/fr\/#\/schema\/logo\/image\/"}}]}},"_links":{"self":[{"href":"https:\/\/monita.es\/fr\/wp-json\/wp\/v2\/pages\/2407","targetHints":{"allow":["GET"]}}],"collection":[{"href":"https:\/\/monita.es\/fr\/wp-json\/wp\/v2\/pages"}],"about":[{"href":"https:\/\/monita.es\/fr\/wp-json\/wp\/v2\/types\/page"}],"author":[{"embeddable":true,"href":"https:\/\/monita.es\/fr\/wp-json\/wp\/v2\/users\/2"}],"replies":[{"embeddable":true,"href":"https:\/\/monita.es\/fr\/wp-json\/wp\/v2\/comments?post=2407"}],"version-history":[{"count":0,"href":"https:\/\/monita.es\/fr\/wp-json\/wp\/v2\/pages\/2407\/revisions"}],"up":[{"embeddable":true,"href":"https:\/\/monita.es\/fr\/wp-json\/wp\/v2\/pages\/2393"}],"wp:featuredmedia":[{"embeddable":true,"href":"https:\/\/monita.es\/fr\/wp-json\/wp\/v2\/media\/217"}],"wp:attachment":[{"href":"https:\/\/monita.es\/fr\/wp-json\/wp\/v2\/media?parent=2407"}],"curies":[{"name":"wp","href":"https:\/\/api.w.org\/{rel}","templated":true}]}}