{"id":2405,"date":"2014-12-17T21:20:30","date_gmt":"2014-12-17T21:20:30","guid":{"rendered":"https:\/\/monita.es\/arquitectura-textil\/arquitectura-efimera\/"},"modified":"2019-06-06T14:55:57","modified_gmt":"2019-06-06T14:55:57","slug":"arquitectura-efimera","status":"publish","type":"page","link":"https:\/\/monita.es\/fr\/arquitectura-textil\/arquitectura-efimera\/","title":{"rendered":"Architecture \u00e9ph\u00e9m\u00e8re"},"content":{"rendered":"<p>Le service d\u2019<strong>architecture \u00e9ph\u00e9m\u00e8re<\/strong> propos\u00e9 par <strong>MO\u00d1ITA<\/strong> comprend la fabrication, la conception et le montage de produits pour les foires, conventions, congr\u00e8s, expositions, concerts, march\u00e9s, comme :<\/p>\n<ul>\n<li><em>Stands<\/em>.<\/li>\n<li><em>Show rooms.<\/em><\/li>\n<li>Constructions modulaires pr\u00e9fabriqu\u00e9es.<\/li>\n<li>Structures l\u00e9g\u00e8res sp\u00e9cifiques avec habillage.<\/li>\n<li>Signalisations.<\/li>\n<\/ul>\n<p>Nous r\u00e9alisons des travaux d\u2019<a href=\"https:\/\/monita.es\/arquitectura-textil\/arquitectura-ligera\/\"><strong>architecture l\u00e9g\u00e8re<\/strong><\/a><strong>\u00a0<\/strong>et de <a href=\"https:\/\/monita.es\/arquitectura-textil\/estructuras-tensadas\/\"><strong>structures tendues<\/strong><\/a>,<strong>\u00a0<\/strong>de la plus grande qualit\u00e9, caract\u00e9ris\u00e9es par leur facilit\u00e9 d\u2019installation et leur faible co\u00fbt, qui apportent une valeur ajout\u00e9e, notamment :<\/p>\n<ul>\n<li>Rapidit\u00e9 de fabrication et de montage.<\/li>\n<li>Mat\u00e9riaux facilement d\u00e9montables qui peuvent \u00eatre recycl\u00e9s.<\/li>\n<li>Large capacit\u00e9 et adaptation \u00e0 l&rsquo;image que vous voulez projeter.<\/li>\n<li>Luminosit\u00e9 pour l&rsquo;\u00e9v\u00e9nement ou l&rsquo;activit\u00e9.<\/li>\n<li>R\u00e9habilitation ou r\u00e9am\u00e9nagement d&rsquo;espaces int\u00e9rieurs.<\/li>\n<li>Installation de b\u00e2timents et d&rsquo;expositions permanentes et temporaires.<\/li>\n<li>Options vari\u00e9es pour la conception et la fabrication de mobilier commercial.<\/li>\n<li>Personnalit\u00e9 unique lors de la foire, du s\u00e9minaire ou de l\u2019activit\u00e9 organis\u00e9 par votre entreprise.<\/li>\n<\/ul>\n<p>Veuillez nous contacter par e-mail \u00e0 <a href=\"mailto:info@toldosmonita.com\"><strong>info@toldosmonita.com<\/strong><\/a> pour obtenir plus de renseignements sur les projets d\u2019<strong>architecture \u00e9ph\u00e9m\u00e8re<\/strong> qui r\u00e9pondent le mieux \u00e0 vos attentes.<\/p>\n","protected":false},"excerpt":{"rendered":"<p>Le service d\u2019architecture \u00e9ph\u00e9m\u00e8re propos\u00e9 par MO\u00d1ITA comprend la fabrication, la conception et le montage de produits pour les foires, conventions, congr\u00e8s, expositions, concerts, march\u00e9s, comme : Stands. Show rooms. Constructions modulaires pr\u00e9fabriqu\u00e9es. Structures l\u00e9g\u00e8res sp\u00e9cifiques avec habillage. Signalisations. Nous r\u00e9alisons des travaux d\u2019architecture l\u00e9g\u00e8re\u00a0et de structures tendues,\u00a0de la plus grande qualit\u00e9, caract\u00e9ris\u00e9es par leur &#8230; <a title=\"Architecture \u00e9ph\u00e9m\u00e8re\" class=\"read-more\" href=\"https:\/\/monita.es\/fr\/arquitectura-textil\/arquitectura-efimera\/\" aria-label=\"En savoir plus sur Architecture \u00e9ph\u00e9m\u00e8re\">Leer m\u00e1s<\/a><\/p>\n","protected":false},"author":2,"featured_media":491,"parent":2393,"menu_order":5,"comment_status":"open","ping_status":"closed","template":"template-page-categorias-2.php","meta":{"footnotes":""},"class_list":["post-2405","page","type-page","status-publish","has-post-thumbnail"],"yoast_head":"<!-- This site is optimized with the Yoast SEO plugin v24.7 - https:\/\/yoast.com\/wordpress\/plugins\/seo\/ -->\n<title>Architecture \u00e9ph\u00e9m\u00e8re - Architecture textile - MO\u00d1ITA<\/title>\n<meta name=\"description\" content=\"Trouvez dans MO\u00d1ITA un service d&#039;architecture \u00e9ph\u00e9m\u00e8re \u00e0 la hauteur de votre imagination. \u00c9crivez-nous pour demander plus d&#039;informations\" \/>\n<meta name=\"robots\" content=\"index, follow, max-snippet:-1, max-image-preview:large, max-video-preview:-1\" \/>\n<link rel=\"canonical\" href=\"https:\/\/monita.es\/fr\/arquitectura-textil\/arquitectura-efimera\/\" \/>\n<meta property=\"og:locale\" content=\"fr_FR\" \/>\n<meta property=\"og:type\" content=\"article\" \/>\n<meta property=\"og:title\" content=\"Architecture \u00e9ph\u00e9m\u00e8re - Architecture textile - MO\u00d1ITA\" \/>\n<meta property=\"og:description\" content=\"Trouvez dans MO\u00d1ITA un service d&#039;architecture \u00e9ph\u00e9m\u00e8re \u00e0 la hauteur de votre imagination. \u00c9crivez-nous pour demander plus d&#039;informations\" \/>\n<meta property=\"og:url\" content=\"https:\/\/monita.es\/fr\/arquitectura-textil\/arquitectura-efimera\/\" \/>\n<meta property=\"og:site_name\" content=\"Venta de carpas en Madrid - MO\u00d1ITA\" \/>\n<meta property=\"article:modified_time\" content=\"2019-06-06T14:55:57+00:00\" \/>\n<meta property=\"og:image\" content=\"https:\/\/monita.es\/wp-content\/uploads\/2014\/12\/toldos-monita-aside-accesorios-temporales.jpg\" \/>\n\t<meta property=\"og:image:width\" content=\"260\" \/>\n\t<meta property=\"og:image:height\" content=\"270\" \/>\n\t<meta property=\"og:image:type\" content=\"image\/jpeg\" \/>\n<meta name=\"twitter:label1\" content=\"Dur\u00e9e de lecture estim\u00e9e\" \/>\n\t<meta name=\"twitter:data1\" content=\"1 minute\" \/>\n<script type=\"application\/ld+json\" class=\"yoast-schema-graph\">{\"@context\":\"https:\/\/schema.org\",\"@graph\":[{\"@type\":\"WebPage\",\"@id\":\"https:\/\/monita.es\/fr\/arquitectura-textil\/arquitectura-efimera\/\",\"url\":\"https:\/\/monita.es\/fr\/arquitectura-textil\/arquitectura-efimera\/\",\"name\":\"Architecture \u00e9ph\u00e9m\u00e8re - Architecture textile - MO\u00d1ITA\",\"isPartOf\":{\"@id\":\"https:\/\/monita.es\/fr\/#website\"},\"primaryImageOfPage\":{\"@id\":\"https:\/\/monita.es\/fr\/arquitectura-textil\/arquitectura-efimera\/#primaryimage\"},\"image\":{\"@id\":\"https:\/\/monita.es\/fr\/arquitectura-textil\/arquitectura-efimera\/#primaryimage\"},\"thumbnailUrl\":\"https:\/\/monita.es\/wp-content\/uploads\/2014\/12\/toldos-monita-aside-accesorios-temporales.jpg\",\"datePublished\":\"2014-12-17T21:20:30+00:00\",\"dateModified\":\"2019-06-06T14:55:57+00:00\",\"description\":\"Trouvez dans MO\u00d1ITA un service d'architecture \u00e9ph\u00e9m\u00e8re \u00e0 la hauteur de votre imagination. \u00c9crivez-nous pour demander plus d'informations\",\"breadcrumb\":{\"@id\":\"https:\/\/monita.es\/fr\/arquitectura-textil\/arquitectura-efimera\/#breadcrumb\"},\"inLanguage\":\"fr-FR\",\"potentialAction\":[{\"@type\":\"ReadAction\",\"target\":[\"https:\/\/monita.es\/fr\/arquitectura-textil\/arquitectura-efimera\/\"]}]},{\"@type\":\"ImageObject\",\"inLanguage\":\"fr-FR\",\"@id\":\"https:\/\/monita.es\/fr\/arquitectura-textil\/arquitectura-efimera\/#primaryimage\",\"url\":\"https:\/\/monita.es\/wp-content\/uploads\/2014\/12\/toldos-monita-aside-accesorios-temporales.jpg\",\"contentUrl\":\"https:\/\/monita.es\/wp-content\/uploads\/2014\/12\/toldos-monita-aside-accesorios-temporales.jpg\",\"width\":260,\"height\":270,\"caption\":\"MO\u00d1ITA accesorios para carpas\"},{\"@type\":\"BreadcrumbList\",\"@id\":\"https:\/\/monita.es\/fr\/arquitectura-textil\/arquitectura-efimera\/#breadcrumb\",\"itemListElement\":[{\"@type\":\"ListItem\",\"position\":1,\"name\":\"Mo\u00f1ita\",\"item\":\"https:\/\/monita.es\/fr\/accueil-entreprise\/\"},{\"@type\":\"ListItem\",\"position\":2,\"name\":\"Experts en architecture textile\",\"item\":\"https:\/\/monita.es\/fr\/arquitectura-textil\/\"},{\"@type\":\"ListItem\",\"position\":3,\"name\":\"Architecture \u00e9ph\u00e9m\u00e8re\"}]},{\"@type\":\"WebSite\",\"@id\":\"https:\/\/monita.es\/fr\/#website\",\"url\":\"https:\/\/monita.es\/fr\/\",\"name\":\"Venta de carpas en Madrid - MO\u00d1ITA\",\"description\":\"MO\u00d1ITA es carpas, confecci\u00f3n de lonas para usos industriales, fachada textil, arquitectura textil y toldos. Dise\u00f1amos, proyectamos y creamos tu proyecto.\",\"publisher\":{\"@id\":\"https:\/\/monita.es\/fr\/#organization\"},\"potentialAction\":[{\"@type\":\"SearchAction\",\"target\":{\"@type\":\"EntryPoint\",\"urlTemplate\":\"https:\/\/monita.es\/fr\/?s={search_term_string}\"},\"query-input\":{\"@type\":\"PropertyValueSpecification\",\"valueRequired\":true,\"valueName\":\"search_term_string\"}}],\"inLanguage\":\"fr-FR\"},{\"@type\":\"Organization\",\"@id\":\"https:\/\/monita.es\/fr\/#organization\",\"name\":\"Mo\u00f1ita\",\"url\":\"https:\/\/monita.es\/fr\/\",\"logo\":{\"@type\":\"ImageObject\",\"inLanguage\":\"fr-FR\",\"@id\":\"https:\/\/monita.es\/fr\/#\/schema\/logo\/image\/\",\"url\":\"https:\/\/monita.es\/wp-content\/uploads\/cropped-cropped-logo-monita-1-neg.png\",\"contentUrl\":\"https:\/\/monita.es\/wp-content\/uploads\/cropped-cropped-logo-monita-1-neg.png\",\"width\":785,\"height\":666,\"caption\":\"Mo\u00f1ita\"},\"image\":{\"@id\":\"https:\/\/monita.es\/fr\/#\/schema\/logo\/image\/\"}}]}<\/script>\n<!-- \/ Yoast SEO plugin. -->","yoast_head_json":{"title":"Architecture \u00e9ph\u00e9m\u00e8re - Architecture textile - MO\u00d1ITA","description":"Trouvez dans MO\u00d1ITA un service d'architecture \u00e9ph\u00e9m\u00e8re \u00e0 la hauteur de votre imagination. \u00c9crivez-nous pour demander plus d'informations","robots":{"index":"index","follow":"follow","max-snippet":"max-snippet:-1","max-image-preview":"max-image-preview:large","max-video-preview":"max-video-preview:-1"},"canonical":"https:\/\/monita.es\/fr\/arquitectura-textil\/arquitectura-efimera\/","og_locale":"fr_FR","og_type":"article","og_title":"Architecture \u00e9ph\u00e9m\u00e8re - Architecture textile - MO\u00d1ITA","og_description":"Trouvez dans MO\u00d1ITA un service d'architecture \u00e9ph\u00e9m\u00e8re \u00e0 la hauteur de votre imagination. \u00c9crivez-nous pour demander plus d'informations","og_url":"https:\/\/monita.es\/fr\/arquitectura-textil\/arquitectura-efimera\/","og_site_name":"Venta de carpas en Madrid - MO\u00d1ITA","article_modified_time":"2019-06-06T14:55:57+00:00","og_image":[{"width":260,"height":270,"url":"https:\/\/monita.es\/wp-content\/uploads\/2014\/12\/toldos-monita-aside-accesorios-temporales.jpg","type":"image\/jpeg"}],"twitter_misc":{"Dur\u00e9e de lecture estim\u00e9e":"1 minute"},"schema":{"@context":"https:\/\/schema.org","@graph":[{"@type":"WebPage","@id":"https:\/\/monita.es\/fr\/arquitectura-textil\/arquitectura-efimera\/","url":"https:\/\/monita.es\/fr\/arquitectura-textil\/arquitectura-efimera\/","name":"Architecture \u00e9ph\u00e9m\u00e8re - Architecture textile - MO\u00d1ITA","isPartOf":{"@id":"https:\/\/monita.es\/fr\/#website"},"primaryImageOfPage":{"@id":"https:\/\/monita.es\/fr\/arquitectura-textil\/arquitectura-efimera\/#primaryimage"},"image":{"@id":"https:\/\/monita.es\/fr\/arquitectura-textil\/arquitectura-efimera\/#primaryimage"},"thumbnailUrl":"https:\/\/monita.es\/wp-content\/uploads\/2014\/12\/toldos-monita-aside-accesorios-temporales.jpg","datePublished":"2014-12-17T21:20:30+00:00","dateModified":"2019-06-06T14:55:57+00:00","description":"Trouvez dans MO\u00d1ITA un service d'architecture \u00e9ph\u00e9m\u00e8re \u00e0 la hauteur de votre imagination. \u00c9crivez-nous pour demander plus d'informations","breadcrumb":{"@id":"https:\/\/monita.es\/fr\/arquitectura-textil\/arquitectura-efimera\/#breadcrumb"},"inLanguage":"fr-FR","potentialAction":[{"@type":"ReadAction","target":["https:\/\/monita.es\/fr\/arquitectura-textil\/arquitectura-efimera\/"]}]},{"@type":"ImageObject","inLanguage":"fr-FR","@id":"https:\/\/monita.es\/fr\/arquitectura-textil\/arquitectura-efimera\/#primaryimage","url":"https:\/\/monita.es\/wp-content\/uploads\/2014\/12\/toldos-monita-aside-accesorios-temporales.jpg","contentUrl":"https:\/\/monita.es\/wp-content\/uploads\/2014\/12\/toldos-monita-aside-accesorios-temporales.jpg","width":260,"height":270,"caption":"MO\u00d1ITA accesorios para carpas"},{"@type":"BreadcrumbList","@id":"https:\/\/monita.es\/fr\/arquitectura-textil\/arquitectura-efimera\/#breadcrumb","itemListElement":[{"@type":"ListItem","position":1,"name":"Mo\u00f1ita","item":"https:\/\/monita.es\/fr\/accueil-entreprise\/"},{"@type":"ListItem","position":2,"name":"Experts en architecture textile","item":"https:\/\/monita.es\/fr\/arquitectura-textil\/"},{"@type":"ListItem","position":3,"name":"Architecture \u00e9ph\u00e9m\u00e8re"}]},{"@type":"WebSite","@id":"https:\/\/monita.es\/fr\/#website","url":"https:\/\/monita.es\/fr\/","name":"Venta de carpas en Madrid - MO\u00d1ITA","description":"MO\u00d1ITA es carpas, confecci\u00f3n de lonas para usos industriales, fachada textil, arquitectura textil y toldos. Dise\u00f1amos, proyectamos y creamos tu proyecto.","publisher":{"@id":"https:\/\/monita.es\/fr\/#organization"},"potentialAction":[{"@type":"SearchAction","target":{"@type":"EntryPoint","urlTemplate":"https:\/\/monita.es\/fr\/?s={search_term_string}"},"query-input":{"@type":"PropertyValueSpecification","valueRequired":true,"valueName":"search_term_string"}}],"inLanguage":"fr-FR"},{"@type":"Organization","@id":"https:\/\/monita.es\/fr\/#organization","name":"Mo\u00f1ita","url":"https:\/\/monita.es\/fr\/","logo":{"@type":"ImageObject","inLanguage":"fr-FR","@id":"https:\/\/monita.es\/fr\/#\/schema\/logo\/image\/","url":"https:\/\/monita.es\/wp-content\/uploads\/cropped-cropped-logo-monita-1-neg.png","contentUrl":"https:\/\/monita.es\/wp-content\/uploads\/cropped-cropped-logo-monita-1-neg.png","width":785,"height":666,"caption":"Mo\u00f1ita"},"image":{"@id":"https:\/\/monita.es\/fr\/#\/schema\/logo\/image\/"}}]}},"_links":{"self":[{"href":"https:\/\/monita.es\/fr\/wp-json\/wp\/v2\/pages\/2405","targetHints":{"allow":["GET"]}}],"collection":[{"href":"https:\/\/monita.es\/fr\/wp-json\/wp\/v2\/pages"}],"about":[{"href":"https:\/\/monita.es\/fr\/wp-json\/wp\/v2\/types\/page"}],"author":[{"embeddable":true,"href":"https:\/\/monita.es\/fr\/wp-json\/wp\/v2\/users\/2"}],"replies":[{"embeddable":true,"href":"https:\/\/monita.es\/fr\/wp-json\/wp\/v2\/comments?post=2405"}],"version-history":[{"count":0,"href":"https:\/\/monita.es\/fr\/wp-json\/wp\/v2\/pages\/2405\/revisions"}],"up":[{"embeddable":true,"href":"https:\/\/monita.es\/fr\/wp-json\/wp\/v2\/pages\/2393"}],"wp:featuredmedia":[{"embeddable":true,"href":"https:\/\/monita.es\/fr\/wp-json\/wp\/v2\/media\/491"}],"wp:attachment":[{"href":"https:\/\/monita.es\/fr\/wp-json\/wp\/v2\/media?parent=2405"}],"curies":[{"name":"wp","href":"https:\/\/api.w.org\/{rel}","templated":true}]}}