{"id":2403,"date":"2014-12-17T21:20:13","date_gmt":"2014-12-17T21:20:13","guid":{"rendered":"https:\/\/monita.es\/arquitectura-textil\/arquitectura-ligera\/"},"modified":"2019-06-06T14:59:34","modified_gmt":"2019-06-06T14:59:34","slug":"arquitectura-ligera","status":"publish","type":"page","link":"https:\/\/monita.es\/fr\/arquitectura-textil\/arquitectura-ligera\/","title":{"rendered":"Architecture l\u00e9g\u00e8re"},"content":{"rendered":"<p>Chez <strong>MO\u00d1ITA<\/strong>, nous vous proposons un large \u00e9ventail de solutions d\u2019<strong>architecture l\u00e9g\u00e8re<\/strong> qui se caract\u00e9risent par :<\/p>\n<ul>\n<li>L\u2019installation facile de structures d\u2019ombrage en toile pour les bars, restaurants, locaux commerciaux, auberges de jeunesse, centres commerciaux, terrains sportifs, entre autres.<\/li>\n<li>Fournir des conditions de protection solaire, \u00e0 travers des rideaux, des pergolas et des stores.<\/li>\n<li>Le montage de parasols, de pare-vents et de compl\u00e9ments dans les centres de loisirs, terrasses et bars.<\/li>\n<li>Mobilier d&rsquo;ext\u00e9rieur vari\u00e9, id\u00e9al pour les piscines, les jardins, les h\u00f4tels et les communaut\u00e9s, les maisons de retraite, les magasins et toutes sortes d\u2019endroits.<\/li>\n<\/ul>\n<p>Pendant plus de <strong>70 ans<\/strong> avons \u00e9t\u00e9 une entreprise de r\u00e9f\u00e9rence, fournissant des produits d\u2019<a href=\"https:\/\/monita.es\/arquitectura-textil\/\"><strong>architecture textile<\/strong><\/a><strong>\u00a0<\/strong> de qualit\u00e9 reconnue dans le secteur. B\u00e9n\u00e9ficiez des performances maximales offertes par nos travaux d\u2019<strong>architecture l\u00e9g\u00e8re<\/strong> avec des mat\u00e9riaux hautement fiables, parmi lesquels se distinguent le <strong>PVC<\/strong>, l\u2019<strong>ETFE<\/strong> et le <strong>t\u00e9flon<\/strong>.<\/p>\n<p>Nous vous invitons \u00e0 visiter notre rubrique <a href=\"https:\/\/monita.es\/blog\/\"><strong>Actualit\u00e9s<\/strong><\/a><strong>\u00a0<\/strong>pour d\u00e9couvrir les ouvrages r\u00e9alis\u00e9s r\u00e9cemment par <strong>MO\u00d1ITA<\/strong>, une entreprise qui transforme vos r\u00eaves une r\u00e9alit\u00e9, m\u00eame les plus complexes.<\/p>\n","protected":false},"excerpt":{"rendered":"<p>Chez MO\u00d1ITA, nous vous proposons un large \u00e9ventail de solutions d\u2019architecture l\u00e9g\u00e8re qui se caract\u00e9risent par : L\u2019installation facile de structures d\u2019ombrage en toile pour les bars, restaurants, locaux commerciaux, auberges de jeunesse, centres commerciaux, terrains sportifs, entre autres. Fournir des conditions de protection solaire, \u00e0 travers des rideaux, des pergolas et des stores. Le &#8230; <a title=\"Architecture l\u00e9g\u00e8re\" class=\"read-more\" href=\"https:\/\/monita.es\/fr\/arquitectura-textil\/arquitectura-ligera\/\" aria-label=\"En savoir plus sur Architecture l\u00e9g\u00e8re\">Leer m\u00e1s<\/a><\/p>\n","protected":false},"author":2,"featured_media":2255,"parent":2393,"menu_order":4,"comment_status":"open","ping_status":"closed","template":"template-page-categorias-2.php","meta":{"footnotes":""},"class_list":["post-2403","page","type-page","status-publish","has-post-thumbnail"],"yoast_head":"<!-- This site is optimized with the Yoast SEO plugin v24.7 - https:\/\/yoast.com\/wordpress\/plugins\/seo\/ -->\n<title>Architecture lumineuse - Architecture textile - MO\u00d1ITA<\/title>\n<meta name=\"description\" content=\"Les travaux d\u2019architecture l\u00e9g\u00e8re que nous r\u00e9alisons \u00e0 MO\u00d1ITA sont faciles \u00e0 adapter \u00e0 tous les types de sites. Nous contacter\" \/>\n<meta name=\"robots\" content=\"index, follow, max-snippet:-1, max-image-preview:large, max-video-preview:-1\" \/>\n<link rel=\"canonical\" href=\"https:\/\/monita.es\/fr\/arquitectura-textil\/arquitectura-ligera\/\" \/>\n<meta property=\"og:locale\" content=\"fr_FR\" \/>\n<meta property=\"og:type\" content=\"article\" \/>\n<meta property=\"og:title\" content=\"Architecture lumineuse - Architecture textile - MO\u00d1ITA\" \/>\n<meta property=\"og:description\" content=\"Les travaux d\u2019architecture l\u00e9g\u00e8re que nous r\u00e9alisons \u00e0 MO\u00d1ITA sont faciles \u00e0 adapter \u00e0 tous les types de sites. Nous contacter\" \/>\n<meta property=\"og:url\" content=\"https:\/\/monita.es\/fr\/arquitectura-textil\/arquitectura-ligera\/\" \/>\n<meta property=\"og:site_name\" content=\"Venta de carpas en Madrid - MO\u00d1ITA\" \/>\n<meta property=\"article:modified_time\" content=\"2019-06-06T14:59:34+00:00\" \/>\n<meta property=\"og:image\" content=\"https:\/\/monita.es\/wp-content\/uploads\/toldos-monita-aside-venta-de-carpas.jpg\" \/>\n\t<meta property=\"og:image:width\" content=\"243\" \/>\n\t<meta property=\"og:image:height\" content=\"253\" \/>\n\t<meta property=\"og:image:type\" content=\"image\/jpeg\" \/>\n<meta name=\"twitter:label1\" content=\"Dur\u00e9e de lecture estim\u00e9e\" \/>\n\t<meta name=\"twitter:data1\" content=\"1 minute\" \/>\n<script type=\"application\/ld+json\" class=\"yoast-schema-graph\">{\"@context\":\"https:\/\/schema.org\",\"@graph\":[{\"@type\":\"WebPage\",\"@id\":\"https:\/\/monita.es\/fr\/arquitectura-textil\/arquitectura-ligera\/\",\"url\":\"https:\/\/monita.es\/fr\/arquitectura-textil\/arquitectura-ligera\/\",\"name\":\"Architecture lumineuse - Architecture textile - MO\u00d1ITA\",\"isPartOf\":{\"@id\":\"https:\/\/monita.es\/fr\/#website\"},\"primaryImageOfPage\":{\"@id\":\"https:\/\/monita.es\/fr\/arquitectura-textil\/arquitectura-ligera\/#primaryimage\"},\"image\":{\"@id\":\"https:\/\/monita.es\/fr\/arquitectura-textil\/arquitectura-ligera\/#primaryimage\"},\"thumbnailUrl\":\"https:\/\/monita.es\/wp-content\/uploads\/toldos-monita-aside-venta-de-carpas.jpg\",\"datePublished\":\"2014-12-17T21:20:13+00:00\",\"dateModified\":\"2019-06-06T14:59:34+00:00\",\"description\":\"Les travaux d\u2019architecture l\u00e9g\u00e8re que nous r\u00e9alisons \u00e0 MO\u00d1ITA sont faciles \u00e0 adapter \u00e0 tous les types de sites. Nous contacter\",\"breadcrumb\":{\"@id\":\"https:\/\/monita.es\/fr\/arquitectura-textil\/arquitectura-ligera\/#breadcrumb\"},\"inLanguage\":\"fr-FR\",\"potentialAction\":[{\"@type\":\"ReadAction\",\"target\":[\"https:\/\/monita.es\/fr\/arquitectura-textil\/arquitectura-ligera\/\"]}]},{\"@type\":\"ImageObject\",\"inLanguage\":\"fr-FR\",\"@id\":\"https:\/\/monita.es\/fr\/arquitectura-textil\/arquitectura-ligera\/#primaryimage\",\"url\":\"https:\/\/monita.es\/wp-content\/uploads\/toldos-monita-aside-venta-de-carpas.jpg\",\"contentUrl\":\"https:\/\/monita.es\/wp-content\/uploads\/toldos-monita-aside-venta-de-carpas.jpg\",\"width\":243,\"height\":253,\"caption\":\"MO\u00d1ITA venta de carpas\"},{\"@type\":\"BreadcrumbList\",\"@id\":\"https:\/\/monita.es\/fr\/arquitectura-textil\/arquitectura-ligera\/#breadcrumb\",\"itemListElement\":[{\"@type\":\"ListItem\",\"position\":1,\"name\":\"Mo\u00f1ita\",\"item\":\"https:\/\/monita.es\/fr\/accueil-entreprise\/\"},{\"@type\":\"ListItem\",\"position\":2,\"name\":\"Experts en architecture textile\",\"item\":\"https:\/\/monita.es\/fr\/arquitectura-textil\/\"},{\"@type\":\"ListItem\",\"position\":3,\"name\":\"Architecture l\u00e9g\u00e8re\"}]},{\"@type\":\"WebSite\",\"@id\":\"https:\/\/monita.es\/fr\/#website\",\"url\":\"https:\/\/monita.es\/fr\/\",\"name\":\"Venta de carpas en Madrid - MO\u00d1ITA\",\"description\":\"MO\u00d1ITA es carpas, confecci\u00f3n de lonas para usos industriales, fachada textil, arquitectura textil y toldos. Dise\u00f1amos, proyectamos y creamos tu proyecto.\",\"publisher\":{\"@id\":\"https:\/\/monita.es\/fr\/#organization\"},\"potentialAction\":[{\"@type\":\"SearchAction\",\"target\":{\"@type\":\"EntryPoint\",\"urlTemplate\":\"https:\/\/monita.es\/fr\/?s={search_term_string}\"},\"query-input\":{\"@type\":\"PropertyValueSpecification\",\"valueRequired\":true,\"valueName\":\"search_term_string\"}}],\"inLanguage\":\"fr-FR\"},{\"@type\":\"Organization\",\"@id\":\"https:\/\/monita.es\/fr\/#organization\",\"name\":\"Mo\u00f1ita\",\"url\":\"https:\/\/monita.es\/fr\/\",\"logo\":{\"@type\":\"ImageObject\",\"inLanguage\":\"fr-FR\",\"@id\":\"https:\/\/monita.es\/fr\/#\/schema\/logo\/image\/\",\"url\":\"https:\/\/monita.es\/wp-content\/uploads\/cropped-cropped-logo-monita-1-neg.png\",\"contentUrl\":\"https:\/\/monita.es\/wp-content\/uploads\/cropped-cropped-logo-monita-1-neg.png\",\"width\":785,\"height\":666,\"caption\":\"Mo\u00f1ita\"},\"image\":{\"@id\":\"https:\/\/monita.es\/fr\/#\/schema\/logo\/image\/\"}}]}<\/script>\n<!-- \/ Yoast SEO plugin. -->","yoast_head_json":{"title":"Architecture lumineuse - Architecture textile - MO\u00d1ITA","description":"Les travaux d\u2019architecture l\u00e9g\u00e8re que nous r\u00e9alisons \u00e0 MO\u00d1ITA sont faciles \u00e0 adapter \u00e0 tous les types de sites. Nous contacter","robots":{"index":"index","follow":"follow","max-snippet":"max-snippet:-1","max-image-preview":"max-image-preview:large","max-video-preview":"max-video-preview:-1"},"canonical":"https:\/\/monita.es\/fr\/arquitectura-textil\/arquitectura-ligera\/","og_locale":"fr_FR","og_type":"article","og_title":"Architecture lumineuse - Architecture textile - MO\u00d1ITA","og_description":"Les travaux d\u2019architecture l\u00e9g\u00e8re que nous r\u00e9alisons \u00e0 MO\u00d1ITA sont faciles \u00e0 adapter \u00e0 tous les types de sites. Nous contacter","og_url":"https:\/\/monita.es\/fr\/arquitectura-textil\/arquitectura-ligera\/","og_site_name":"Venta de carpas en Madrid - MO\u00d1ITA","article_modified_time":"2019-06-06T14:59:34+00:00","og_image":[{"width":243,"height":253,"url":"https:\/\/monita.es\/wp-content\/uploads\/toldos-monita-aside-venta-de-carpas.jpg","type":"image\/jpeg"}],"twitter_misc":{"Dur\u00e9e de lecture estim\u00e9e":"1 minute"},"schema":{"@context":"https:\/\/schema.org","@graph":[{"@type":"WebPage","@id":"https:\/\/monita.es\/fr\/arquitectura-textil\/arquitectura-ligera\/","url":"https:\/\/monita.es\/fr\/arquitectura-textil\/arquitectura-ligera\/","name":"Architecture lumineuse - Architecture textile - MO\u00d1ITA","isPartOf":{"@id":"https:\/\/monita.es\/fr\/#website"},"primaryImageOfPage":{"@id":"https:\/\/monita.es\/fr\/arquitectura-textil\/arquitectura-ligera\/#primaryimage"},"image":{"@id":"https:\/\/monita.es\/fr\/arquitectura-textil\/arquitectura-ligera\/#primaryimage"},"thumbnailUrl":"https:\/\/monita.es\/wp-content\/uploads\/toldos-monita-aside-venta-de-carpas.jpg","datePublished":"2014-12-17T21:20:13+00:00","dateModified":"2019-06-06T14:59:34+00:00","description":"Les travaux d\u2019architecture l\u00e9g\u00e8re que nous r\u00e9alisons \u00e0 MO\u00d1ITA sont faciles \u00e0 adapter \u00e0 tous les types de sites. Nous contacter","breadcrumb":{"@id":"https:\/\/monita.es\/fr\/arquitectura-textil\/arquitectura-ligera\/#breadcrumb"},"inLanguage":"fr-FR","potentialAction":[{"@type":"ReadAction","target":["https:\/\/monita.es\/fr\/arquitectura-textil\/arquitectura-ligera\/"]}]},{"@type":"ImageObject","inLanguage":"fr-FR","@id":"https:\/\/monita.es\/fr\/arquitectura-textil\/arquitectura-ligera\/#primaryimage","url":"https:\/\/monita.es\/wp-content\/uploads\/toldos-monita-aside-venta-de-carpas.jpg","contentUrl":"https:\/\/monita.es\/wp-content\/uploads\/toldos-monita-aside-venta-de-carpas.jpg","width":243,"height":253,"caption":"MO\u00d1ITA venta de carpas"},{"@type":"BreadcrumbList","@id":"https:\/\/monita.es\/fr\/arquitectura-textil\/arquitectura-ligera\/#breadcrumb","itemListElement":[{"@type":"ListItem","position":1,"name":"Mo\u00f1ita","item":"https:\/\/monita.es\/fr\/accueil-entreprise\/"},{"@type":"ListItem","position":2,"name":"Experts en architecture textile","item":"https:\/\/monita.es\/fr\/arquitectura-textil\/"},{"@type":"ListItem","position":3,"name":"Architecture l\u00e9g\u00e8re"}]},{"@type":"WebSite","@id":"https:\/\/monita.es\/fr\/#website","url":"https:\/\/monita.es\/fr\/","name":"Venta de carpas en Madrid - MO\u00d1ITA","description":"MO\u00d1ITA es carpas, confecci\u00f3n de lonas para usos industriales, fachada textil, arquitectura textil y toldos. Dise\u00f1amos, proyectamos y creamos tu proyecto.","publisher":{"@id":"https:\/\/monita.es\/fr\/#organization"},"potentialAction":[{"@type":"SearchAction","target":{"@type":"EntryPoint","urlTemplate":"https:\/\/monita.es\/fr\/?s={search_term_string}"},"query-input":{"@type":"PropertyValueSpecification","valueRequired":true,"valueName":"search_term_string"}}],"inLanguage":"fr-FR"},{"@type":"Organization","@id":"https:\/\/monita.es\/fr\/#organization","name":"Mo\u00f1ita","url":"https:\/\/monita.es\/fr\/","logo":{"@type":"ImageObject","inLanguage":"fr-FR","@id":"https:\/\/monita.es\/fr\/#\/schema\/logo\/image\/","url":"https:\/\/monita.es\/wp-content\/uploads\/cropped-cropped-logo-monita-1-neg.png","contentUrl":"https:\/\/monita.es\/wp-content\/uploads\/cropped-cropped-logo-monita-1-neg.png","width":785,"height":666,"caption":"Mo\u00f1ita"},"image":{"@id":"https:\/\/monita.es\/fr\/#\/schema\/logo\/image\/"}}]}},"_links":{"self":[{"href":"https:\/\/monita.es\/fr\/wp-json\/wp\/v2\/pages\/2403","targetHints":{"allow":["GET"]}}],"collection":[{"href":"https:\/\/monita.es\/fr\/wp-json\/wp\/v2\/pages"}],"about":[{"href":"https:\/\/monita.es\/fr\/wp-json\/wp\/v2\/types\/page"}],"author":[{"embeddable":true,"href":"https:\/\/monita.es\/fr\/wp-json\/wp\/v2\/users\/2"}],"replies":[{"embeddable":true,"href":"https:\/\/monita.es\/fr\/wp-json\/wp\/v2\/comments?post=2403"}],"version-history":[{"count":0,"href":"https:\/\/monita.es\/fr\/wp-json\/wp\/v2\/pages\/2403\/revisions"}],"up":[{"embeddable":true,"href":"https:\/\/monita.es\/fr\/wp-json\/wp\/v2\/pages\/2393"}],"wp:featuredmedia":[{"embeddable":true,"href":"https:\/\/monita.es\/fr\/wp-json\/wp\/v2\/media\/2255"}],"wp:attachment":[{"href":"https:\/\/monita.es\/fr\/wp-json\/wp\/v2\/media?parent=2403"}],"curies":[{"name":"wp","href":"https:\/\/api.w.org\/{rel}","templated":true}]}}