{"id":2389,"date":"2014-12-17T20:51:25","date_gmt":"2014-12-17T20:51:25","guid":{"rendered":"https:\/\/monita.es\/carpas\/alquiler-de-jaimas\/"},"modified":"2019-07-02T07:49:25","modified_gmt":"2019-07-02T07:49:25","slug":"alquiler-de-jaimas","status":"publish","type":"page","link":"https:\/\/monita.es\/fr\/carpas\/alquiler-de-jaimas\/","title":{"rendered":"Location de chapiteaux"},"content":{"rendered":"<p>Chez <strong>MO\u00d1ITA<\/strong>, nous offrons un service de <strong>location de chapiteaux<\/strong>.<\/p>\n<h2><strong>Experts en location de chapiteaux<\/strong><\/h2>\n<p>Nous offrons un service de <strong>location de chapiteaux<\/strong> de diff\u00e9rentes dimensions pour r\u00e9pondre \u00e0 tous les besoins, depuis les petites structures pour les salons, la vente ambulante, les terrasses des h\u00f4tels ou les grandes structures compl\u00e9mentaires dans l\u2019h\u00f4tellerie, pour les \u00e9v\u00e9nements sportifs, culturels, etc.<\/p>\n<p>Visitez nos installations et d\u00e9couvrez des\u00a0<a href=\"https:\/\/monita.es\/carpas\/jaimas\/\"><strong>chapiteaux<\/strong><\/a>\u00a0carr\u00e9s, ronds, hexagonaux et rectangulaires, avec diff\u00e9rents types de structure :<\/p>\n<ul>\n<li>Avec un m\u00e2t central et des c\u00e2bles.<\/li>\n<li>Armature en tubulaire en fer galvanis\u00e9.<\/li>\n<li>En PVC.<\/li>\n<\/ul>\n<p>Faites appel \u00e0 notre service de <strong>location<\/strong>. Chez <strong>MO\u00d1ITA<\/strong>, nous disposons de chapiteaux adapt\u00e9s pour accueillir des \u00e9v\u00e9nements, des entreprises, des activit\u00e9s sociales et des inaugurations d&rsquo;entreprises.<\/p>\n<p>Notre entreprise a obtenu plusieurs\u00a0<a href=\"https:\/\/monita.es\/monita\/certificaciones-y-homologaciones\/?lang=en\"><strong>certifications et homologations<\/strong><\/a>\u00a0qui garantissent la qualit\u00e9 de nos produits.<\/p>\n<p>Veuillez nous rendre visite pour b\u00e9n\u00e9ficier de conseils gratuits.<\/p>\n","protected":false},"excerpt":{"rendered":"<p>Chez MO\u00d1ITA, nous offrons un service de location de chapiteaux. Experts en location de chapiteaux Nous offrons un service de location de chapiteaux de diff\u00e9rentes dimensions pour r\u00e9pondre \u00e0 tous les besoins, depuis les petites structures pour les salons, la vente ambulante, les terrasses des h\u00f4tels ou les grandes structures compl\u00e9mentaires dans l\u2019h\u00f4tellerie, pour les &#8230; <a title=\"Location de chapiteaux\" class=\"read-more\" href=\"https:\/\/monita.es\/fr\/carpas\/alquiler-de-jaimas\/\" aria-label=\"En savoir plus sur Location de chapiteaux\">Leer m\u00e1s<\/a><\/p>\n","protected":false},"author":2,"featured_media":488,"parent":2353,"menu_order":14,"comment_status":"open","ping_status":"closed","template":"","meta":{"footnotes":""},"class_list":["post-2389","page","type-page","status-publish","has-post-thumbnail"],"yoast_head":"<!-- This site is optimized with the Yoast SEO plugin v24.7 - https:\/\/yoast.com\/wordpress\/plugins\/seo\/ -->\n<title>Location de tentes - Tentes - MO\u00d1ITA<\/title>\n<meta name=\"description\" content=\"Venez chez nous quand vous avez besoin de tentes \u00e0 louer. Retrouvez dans notre soci\u00e9t\u00e9, MO\u00d1ITA, le service de location de tentes. Nous rendre visite\" \/>\n<meta name=\"robots\" content=\"index, follow, max-snippet:-1, max-image-preview:large, max-video-preview:-1\" \/>\n<link rel=\"canonical\" href=\"https:\/\/monita.es\/fr\/carpas\/alquiler-de-jaimas\/\" \/>\n<meta property=\"og:locale\" content=\"fr_FR\" \/>\n<meta property=\"og:type\" content=\"article\" \/>\n<meta property=\"og:title\" content=\"Location de tentes - Tentes - MO\u00d1ITA\" \/>\n<meta property=\"og:description\" content=\"Venez chez nous quand vous avez besoin de tentes \u00e0 louer. Retrouvez dans notre soci\u00e9t\u00e9, MO\u00d1ITA, le service de location de tentes. Nous rendre visite\" \/>\n<meta property=\"og:url\" content=\"https:\/\/monita.es\/fr\/carpas\/alquiler-de-jaimas\/\" \/>\n<meta property=\"og:site_name\" content=\"Venta de carpas en Madrid - MO\u00d1ITA\" \/>\n<meta property=\"article:modified_time\" content=\"2019-07-02T07:49:25+00:00\" \/>\n<meta property=\"og:image\" content=\"https:\/\/monita.es\/wp-content\/uploads\/2014\/12\/toldos-monita-aside-jaimas.jpg\" \/>\n\t<meta property=\"og:image:width\" content=\"260\" \/>\n\t<meta property=\"og:image:height\" content=\"270\" \/>\n\t<meta property=\"og:image:type\" content=\"image\/jpeg\" \/>\n<meta name=\"twitter:label1\" content=\"Dur\u00e9e de lecture estim\u00e9e\" \/>\n\t<meta name=\"twitter:data1\" content=\"1 minute\" \/>\n<script type=\"application\/ld+json\" class=\"yoast-schema-graph\">{\"@context\":\"https:\/\/schema.org\",\"@graph\":[{\"@type\":\"WebPage\",\"@id\":\"https:\/\/monita.es\/fr\/carpas\/alquiler-de-jaimas\/\",\"url\":\"https:\/\/monita.es\/fr\/carpas\/alquiler-de-jaimas\/\",\"name\":\"Location de tentes - Tentes - MO\u00d1ITA\",\"isPartOf\":{\"@id\":\"https:\/\/monita.es\/fr\/#website\"},\"primaryImageOfPage\":{\"@id\":\"https:\/\/monita.es\/fr\/carpas\/alquiler-de-jaimas\/#primaryimage\"},\"image\":{\"@id\":\"https:\/\/monita.es\/fr\/carpas\/alquiler-de-jaimas\/#primaryimage\"},\"thumbnailUrl\":\"https:\/\/monita.es\/wp-content\/uploads\/2014\/12\/toldos-monita-aside-jaimas.jpg\",\"datePublished\":\"2014-12-17T20:51:25+00:00\",\"dateModified\":\"2019-07-02T07:49:25+00:00\",\"description\":\"Venez chez nous quand vous avez besoin de tentes \u00e0 louer. Retrouvez dans notre soci\u00e9t\u00e9, MO\u00d1ITA, le service de location de tentes. Nous rendre visite\",\"breadcrumb\":{\"@id\":\"https:\/\/monita.es\/fr\/carpas\/alquiler-de-jaimas\/#breadcrumb\"},\"inLanguage\":\"fr-FR\",\"potentialAction\":[{\"@type\":\"ReadAction\",\"target\":[\"https:\/\/monita.es\/fr\/carpas\/alquiler-de-jaimas\/\"]}]},{\"@type\":\"ImageObject\",\"inLanguage\":\"fr-FR\",\"@id\":\"https:\/\/monita.es\/fr\/carpas\/alquiler-de-jaimas\/#primaryimage\",\"url\":\"https:\/\/monita.es\/wp-content\/uploads\/2014\/12\/toldos-monita-aside-jaimas.jpg\",\"contentUrl\":\"https:\/\/monita.es\/wp-content\/uploads\/2014\/12\/toldos-monita-aside-jaimas.jpg\",\"width\":260,\"height\":270,\"caption\":\"MO\u00d1ITA jaimas\"},{\"@type\":\"BreadcrumbList\",\"@id\":\"https:\/\/monita.es\/fr\/carpas\/alquiler-de-jaimas\/#breadcrumb\",\"itemListElement\":[{\"@type\":\"ListItem\",\"position\":1,\"name\":\"Mo\u00f1ita\",\"item\":\"https:\/\/monita.es\/fr\/accueil-entreprise\/\"},{\"@type\":\"ListItem\",\"position\":2,\"name\":\"Tentes\",\"item\":\"https:\/\/monita.es\/fr\/carpas\/\"},{\"@type\":\"ListItem\",\"position\":3,\"name\":\"Location de chapiteaux\"}]},{\"@type\":\"WebSite\",\"@id\":\"https:\/\/monita.es\/fr\/#website\",\"url\":\"https:\/\/monita.es\/fr\/\",\"name\":\"Venta de carpas en Madrid - MO\u00d1ITA\",\"description\":\"MO\u00d1ITA es carpas, confecci\u00f3n de lonas para usos industriales, fachada textil, arquitectura textil y toldos. Dise\u00f1amos, proyectamos y creamos tu proyecto.\",\"publisher\":{\"@id\":\"https:\/\/monita.es\/fr\/#organization\"},\"potentialAction\":[{\"@type\":\"SearchAction\",\"target\":{\"@type\":\"EntryPoint\",\"urlTemplate\":\"https:\/\/monita.es\/fr\/?s={search_term_string}\"},\"query-input\":{\"@type\":\"PropertyValueSpecification\",\"valueRequired\":true,\"valueName\":\"search_term_string\"}}],\"inLanguage\":\"fr-FR\"},{\"@type\":\"Organization\",\"@id\":\"https:\/\/monita.es\/fr\/#organization\",\"name\":\"Mo\u00f1ita\",\"url\":\"https:\/\/monita.es\/fr\/\",\"logo\":{\"@type\":\"ImageObject\",\"inLanguage\":\"fr-FR\",\"@id\":\"https:\/\/monita.es\/fr\/#\/schema\/logo\/image\/\",\"url\":\"https:\/\/monita.es\/wp-content\/uploads\/cropped-cropped-logo-monita-1-neg.png\",\"contentUrl\":\"https:\/\/monita.es\/wp-content\/uploads\/cropped-cropped-logo-monita-1-neg.png\",\"width\":785,\"height\":666,\"caption\":\"Mo\u00f1ita\"},\"image\":{\"@id\":\"https:\/\/monita.es\/fr\/#\/schema\/logo\/image\/\"}}]}<\/script>\n<!-- \/ Yoast SEO plugin. -->","yoast_head_json":{"title":"Location de tentes - Tentes - MO\u00d1ITA","description":"Venez chez nous quand vous avez besoin de tentes \u00e0 louer. Retrouvez dans notre soci\u00e9t\u00e9, MO\u00d1ITA, le service de location de tentes. Nous rendre visite","robots":{"index":"index","follow":"follow","max-snippet":"max-snippet:-1","max-image-preview":"max-image-preview:large","max-video-preview":"max-video-preview:-1"},"canonical":"https:\/\/monita.es\/fr\/carpas\/alquiler-de-jaimas\/","og_locale":"fr_FR","og_type":"article","og_title":"Location de tentes - Tentes - MO\u00d1ITA","og_description":"Venez chez nous quand vous avez besoin de tentes \u00e0 louer. Retrouvez dans notre soci\u00e9t\u00e9, MO\u00d1ITA, le service de location de tentes. Nous rendre visite","og_url":"https:\/\/monita.es\/fr\/carpas\/alquiler-de-jaimas\/","og_site_name":"Venta de carpas en Madrid - MO\u00d1ITA","article_modified_time":"2019-07-02T07:49:25+00:00","og_image":[{"width":260,"height":270,"url":"https:\/\/monita.es\/wp-content\/uploads\/2014\/12\/toldos-monita-aside-jaimas.jpg","type":"image\/jpeg"}],"twitter_misc":{"Dur\u00e9e de lecture estim\u00e9e":"1 minute"},"schema":{"@context":"https:\/\/schema.org","@graph":[{"@type":"WebPage","@id":"https:\/\/monita.es\/fr\/carpas\/alquiler-de-jaimas\/","url":"https:\/\/monita.es\/fr\/carpas\/alquiler-de-jaimas\/","name":"Location de tentes - Tentes - MO\u00d1ITA","isPartOf":{"@id":"https:\/\/monita.es\/fr\/#website"},"primaryImageOfPage":{"@id":"https:\/\/monita.es\/fr\/carpas\/alquiler-de-jaimas\/#primaryimage"},"image":{"@id":"https:\/\/monita.es\/fr\/carpas\/alquiler-de-jaimas\/#primaryimage"},"thumbnailUrl":"https:\/\/monita.es\/wp-content\/uploads\/2014\/12\/toldos-monita-aside-jaimas.jpg","datePublished":"2014-12-17T20:51:25+00:00","dateModified":"2019-07-02T07:49:25+00:00","description":"Venez chez nous quand vous avez besoin de tentes \u00e0 louer. Retrouvez dans notre soci\u00e9t\u00e9, MO\u00d1ITA, le service de location de tentes. Nous rendre visite","breadcrumb":{"@id":"https:\/\/monita.es\/fr\/carpas\/alquiler-de-jaimas\/#breadcrumb"},"inLanguage":"fr-FR","potentialAction":[{"@type":"ReadAction","target":["https:\/\/monita.es\/fr\/carpas\/alquiler-de-jaimas\/"]}]},{"@type":"ImageObject","inLanguage":"fr-FR","@id":"https:\/\/monita.es\/fr\/carpas\/alquiler-de-jaimas\/#primaryimage","url":"https:\/\/monita.es\/wp-content\/uploads\/2014\/12\/toldos-monita-aside-jaimas.jpg","contentUrl":"https:\/\/monita.es\/wp-content\/uploads\/2014\/12\/toldos-monita-aside-jaimas.jpg","width":260,"height":270,"caption":"MO\u00d1ITA jaimas"},{"@type":"BreadcrumbList","@id":"https:\/\/monita.es\/fr\/carpas\/alquiler-de-jaimas\/#breadcrumb","itemListElement":[{"@type":"ListItem","position":1,"name":"Mo\u00f1ita","item":"https:\/\/monita.es\/fr\/accueil-entreprise\/"},{"@type":"ListItem","position":2,"name":"Tentes","item":"https:\/\/monita.es\/fr\/carpas\/"},{"@type":"ListItem","position":3,"name":"Location de chapiteaux"}]},{"@type":"WebSite","@id":"https:\/\/monita.es\/fr\/#website","url":"https:\/\/monita.es\/fr\/","name":"Venta de carpas en Madrid - MO\u00d1ITA","description":"MO\u00d1ITA es carpas, confecci\u00f3n de lonas para usos industriales, fachada textil, arquitectura textil y toldos. Dise\u00f1amos, proyectamos y creamos tu proyecto.","publisher":{"@id":"https:\/\/monita.es\/fr\/#organization"},"potentialAction":[{"@type":"SearchAction","target":{"@type":"EntryPoint","urlTemplate":"https:\/\/monita.es\/fr\/?s={search_term_string}"},"query-input":{"@type":"PropertyValueSpecification","valueRequired":true,"valueName":"search_term_string"}}],"inLanguage":"fr-FR"},{"@type":"Organization","@id":"https:\/\/monita.es\/fr\/#organization","name":"Mo\u00f1ita","url":"https:\/\/monita.es\/fr\/","logo":{"@type":"ImageObject","inLanguage":"fr-FR","@id":"https:\/\/monita.es\/fr\/#\/schema\/logo\/image\/","url":"https:\/\/monita.es\/wp-content\/uploads\/cropped-cropped-logo-monita-1-neg.png","contentUrl":"https:\/\/monita.es\/wp-content\/uploads\/cropped-cropped-logo-monita-1-neg.png","width":785,"height":666,"caption":"Mo\u00f1ita"},"image":{"@id":"https:\/\/monita.es\/fr\/#\/schema\/logo\/image\/"}}]}},"_links":{"self":[{"href":"https:\/\/monita.es\/fr\/wp-json\/wp\/v2\/pages\/2389","targetHints":{"allow":["GET"]}}],"collection":[{"href":"https:\/\/monita.es\/fr\/wp-json\/wp\/v2\/pages"}],"about":[{"href":"https:\/\/monita.es\/fr\/wp-json\/wp\/v2\/types\/page"}],"author":[{"embeddable":true,"href":"https:\/\/monita.es\/fr\/wp-json\/wp\/v2\/users\/2"}],"replies":[{"embeddable":true,"href":"https:\/\/monita.es\/fr\/wp-json\/wp\/v2\/comments?post=2389"}],"version-history":[{"count":0,"href":"https:\/\/monita.es\/fr\/wp-json\/wp\/v2\/pages\/2389\/revisions"}],"up":[{"embeddable":true,"href":"https:\/\/monita.es\/fr\/wp-json\/wp\/v2\/pages\/2353"}],"wp:featuredmedia":[{"embeddable":true,"href":"https:\/\/monita.es\/fr\/wp-json\/wp\/v2\/media\/488"}],"wp:attachment":[{"href":"https:\/\/monita.es\/fr\/wp-json\/wp\/v2\/media?parent=2389"}],"curies":[{"name":"wp","href":"https:\/\/api.w.org\/{rel}","templated":true}]}}