{"id":2382,"date":"2014-12-17T20:50:09","date_gmt":"2014-12-17T20:50:09","guid":{"rendered":"https:\/\/monita.es\/carpas\/venta-de-carpas-en-madrid\/"},"modified":"2019-06-06T14:56:47","modified_gmt":"2019-06-06T14:56:47","slug":"venta-de-carpas-en-madrid","status":"publish","type":"page","link":"https:\/\/monita.es\/fr\/venta-de-carpas-en-madrid\/","title":{"rendered":"Vente de tentes \u00e0 Madrid"},"content":{"rendered":"<p><strong>TECTUM\u00ae<\/strong> fabrique, monte et installe la tente dont vous avez besoin.\u00a0La <strong>vente de tentes \u00e0 Madrid<\/strong>\u00a0de la marque <strong>TECTUM\u00ae <\/strong>repr\u00e9sente la meilleure qualit\u00e9 et garantie sur le march\u00e9.<\/p>\n<p>Demandez un devis, vente de tentes \u00e0 Madrid : qualit\u00e9 et prix. Rendez-vous sur le site de <strong>MO\u00d1ITA<\/strong>\u00a0pour d\u00e9couvrir notre espace de 5 000 m\u00b2 d\u00e9di\u00e9 \u00e0 la vente de tentes.\u00a0Notre entreprise est pr\u00e9sente \u00e0 Madrid et \u00e0 Salamanque. Nous mettons \u00e0 disposition une \u00e9quipe de sp\u00e9cialistes pour conseiller chaque client qui nous rend visite.<\/p>\n<h2><strong>Experts dans la vente de tentes \u00e0 Madrid<\/strong><\/h2>\n<p>Chez <strong> MO\u00d1ITA<\/strong>, nous vous offrons :<\/p>\n<ul>\n<li><a href=\"https:\/\/monita.es\/fr\/carpas\/carpas-tectum\/\"><strong>Tentes\u00a0<\/strong>neuves\u00a0<strong>TECTUM<sup>\u00ae<\/sup><\/strong><\/a>.<\/li>\n<li><a href=\"https:\/\/monita.es\/fr\/carpas\/carpas-de-segunda-mano\/\">Tentes de seconde main<\/a>.<\/li>\n<\/ul>\n<p>Depuis le d\u00e9but de notre carri\u00e8re commerciale, nous sommes reconnus pour la qualit\u00e9, la r\u00e9sistance et la durabilit\u00e9 des tentes que nous vendons, ainsi que pour le support et la garantie offerts par notre marque.<\/p>\n<p><strong>TECTUM\u00ae<\/strong> est la r\u00e9f\u00e9rence pour la vente de tentes \u00e0 Madrid et sur tout le territoire national, offrant \u00e0 nos clients toutes les dimensions possibles.<\/p>\n","protected":false},"excerpt":{"rendered":"<p>TECTUM\u00ae fabrique, monte et installe la tente dont vous avez besoin.\u00a0La vente de tentes \u00e0 Madrid\u00a0de la marque TECTUM\u00ae repr\u00e9sente la meilleure qualit\u00e9 et garantie sur le march\u00e9. Demandez un devis, vente de tentes \u00e0 Madrid : qualit\u00e9 et prix. Rendez-vous sur le site de MO\u00d1ITA\u00a0pour d\u00e9couvrir notre espace de 5 000 m\u00b2 d\u00e9di\u00e9 \u00e0 &#8230; <a title=\"Vente de tentes \u00e0 Madrid\" class=\"read-more\" href=\"https:\/\/monita.es\/fr\/venta-de-carpas-en-madrid\/\" aria-label=\"En savoir plus sur Vente de tentes \u00e0 Madrid\">Leer m\u00e1s<\/a><\/p>\n","protected":false},"author":2,"featured_media":490,"parent":0,"menu_order":11,"comment_status":"open","ping_status":"closed","template":"template-page-interna.php","meta":{"footnotes":""},"class_list":["post-2382","page","type-page","status-publish","has-post-thumbnail"],"yoast_head":"<!-- This site is optimized with the Yoast SEO plugin v24.7 - https:\/\/yoast.com\/wordpress\/plugins\/seo\/ -->\n<title>Vente de tentes \u00e0 Madrid - MO\u00d1ITA location et vente de tentes<\/title>\n<meta name=\"description\" content=\"Dans MO\u00d1ITA nous avons un grand catalogue de vente de tentes \u00e0 Madrid. Rendez-nous visite et v\u00e9rifiez la qualit\u00e9 de nos produits\" \/>\n<meta name=\"robots\" content=\"index, follow, max-snippet:-1, max-image-preview:large, max-video-preview:-1\" \/>\n<link rel=\"canonical\" href=\"https:\/\/monita.es\/fr\/venta-de-carpas-en-madrid\/\" \/>\n<meta property=\"og:locale\" content=\"fr_FR\" \/>\n<meta property=\"og:type\" content=\"article\" \/>\n<meta property=\"og:title\" content=\"Vente de tentes \u00e0 Madrid - MO\u00d1ITA location et vente de tentes\" \/>\n<meta property=\"og:description\" content=\"Dans MO\u00d1ITA nous avons un grand catalogue de vente de tentes \u00e0 Madrid. Rendez-nous visite et v\u00e9rifiez la qualit\u00e9 de nos produits\" \/>\n<meta property=\"og:url\" content=\"https:\/\/monita.es\/fr\/venta-de-carpas-en-madrid\/\" \/>\n<meta property=\"og:site_name\" content=\"Venta de carpas en Madrid - MO\u00d1ITA\" \/>\n<meta property=\"article:modified_time\" content=\"2019-06-06T14:56:47+00:00\" \/>\n<meta property=\"og:image\" content=\"https:\/\/monita.es\/wp-content\/uploads\/2014\/12\/toldos-monita-aside-actividad-deportiva.jpg\" \/>\n\t<meta property=\"og:image:width\" content=\"260\" \/>\n\t<meta property=\"og:image:height\" content=\"270\" \/>\n\t<meta property=\"og:image:type\" content=\"image\/jpeg\" \/>\n<meta name=\"twitter:label1\" content=\"Dur\u00e9e de lecture estim\u00e9e\" \/>\n\t<meta name=\"twitter:data1\" content=\"1 minute\" \/>\n<script type=\"application\/ld+json\" class=\"yoast-schema-graph\">{\"@context\":\"https:\/\/schema.org\",\"@graph\":[{\"@type\":\"WebPage\",\"@id\":\"https:\/\/monita.es\/fr\/venta-de-carpas-en-madrid\/\",\"url\":\"https:\/\/monita.es\/fr\/venta-de-carpas-en-madrid\/\",\"name\":\"Vente de tentes \u00e0 Madrid - MO\u00d1ITA location et vente de tentes\",\"isPartOf\":{\"@id\":\"https:\/\/monita.es\/fr\/#website\"},\"primaryImageOfPage\":{\"@id\":\"https:\/\/monita.es\/fr\/venta-de-carpas-en-madrid\/#primaryimage\"},\"image\":{\"@id\":\"https:\/\/monita.es\/fr\/venta-de-carpas-en-madrid\/#primaryimage\"},\"thumbnailUrl\":\"https:\/\/monita.es\/wp-content\/uploads\/2014\/12\/toldos-monita-aside-actividad-deportiva.jpg\",\"datePublished\":\"2014-12-17T20:50:09+00:00\",\"dateModified\":\"2019-06-06T14:56:47+00:00\",\"description\":\"Dans MO\u00d1ITA nous avons un grand catalogue de vente de tentes \u00e0 Madrid. Rendez-nous visite et v\u00e9rifiez la qualit\u00e9 de nos produits\",\"breadcrumb\":{\"@id\":\"https:\/\/monita.es\/fr\/venta-de-carpas-en-madrid\/#breadcrumb\"},\"inLanguage\":\"fr-FR\",\"potentialAction\":[{\"@type\":\"ReadAction\",\"target\":[\"https:\/\/monita.es\/fr\/venta-de-carpas-en-madrid\/\"]}]},{\"@type\":\"ImageObject\",\"inLanguage\":\"fr-FR\",\"@id\":\"https:\/\/monita.es\/fr\/venta-de-carpas-en-madrid\/#primaryimage\",\"url\":\"https:\/\/monita.es\/wp-content\/uploads\/2014\/12\/toldos-monita-aside-actividad-deportiva.jpg\",\"contentUrl\":\"https:\/\/monita.es\/wp-content\/uploads\/2014\/12\/toldos-monita-aside-actividad-deportiva.jpg\",\"width\":260,\"height\":270,\"caption\":\"MO\u00d1ITA carpas para actividades deportivas\"},{\"@type\":\"BreadcrumbList\",\"@id\":\"https:\/\/monita.es\/fr\/venta-de-carpas-en-madrid\/#breadcrumb\",\"itemListElement\":[{\"@type\":\"ListItem\",\"position\":1,\"name\":\"Mo\u00f1ita\",\"item\":\"https:\/\/monita.es\/fr\/accueil-entreprise\/\"},{\"@type\":\"ListItem\",\"position\":2,\"name\":\"Vente de tentes \u00e0 Madrid\"}]},{\"@type\":\"WebSite\",\"@id\":\"https:\/\/monita.es\/fr\/#website\",\"url\":\"https:\/\/monita.es\/fr\/\",\"name\":\"Venta de carpas en Madrid - MO\u00d1ITA\",\"description\":\"MO\u00d1ITA es carpas, confecci\u00f3n de lonas para usos industriales, fachada textil, arquitectura textil y toldos. Dise\u00f1amos, proyectamos y creamos tu proyecto.\",\"publisher\":{\"@id\":\"https:\/\/monita.es\/fr\/#organization\"},\"potentialAction\":[{\"@type\":\"SearchAction\",\"target\":{\"@type\":\"EntryPoint\",\"urlTemplate\":\"https:\/\/monita.es\/fr\/?s={search_term_string}\"},\"query-input\":{\"@type\":\"PropertyValueSpecification\",\"valueRequired\":true,\"valueName\":\"search_term_string\"}}],\"inLanguage\":\"fr-FR\"},{\"@type\":\"Organization\",\"@id\":\"https:\/\/monita.es\/fr\/#organization\",\"name\":\"Mo\u00f1ita\",\"url\":\"https:\/\/monita.es\/fr\/\",\"logo\":{\"@type\":\"ImageObject\",\"inLanguage\":\"fr-FR\",\"@id\":\"https:\/\/monita.es\/fr\/#\/schema\/logo\/image\/\",\"url\":\"https:\/\/monita.es\/wp-content\/uploads\/cropped-cropped-logo-monita-1-neg.png\",\"contentUrl\":\"https:\/\/monita.es\/wp-content\/uploads\/cropped-cropped-logo-monita-1-neg.png\",\"width\":785,\"height\":666,\"caption\":\"Mo\u00f1ita\"},\"image\":{\"@id\":\"https:\/\/monita.es\/fr\/#\/schema\/logo\/image\/\"}}]}<\/script>\n<!-- \/ Yoast SEO plugin. -->","yoast_head_json":{"title":"Vente de tentes \u00e0 Madrid - MO\u00d1ITA location et vente de tentes","description":"Dans MO\u00d1ITA nous avons un grand catalogue de vente de tentes \u00e0 Madrid. Rendez-nous visite et v\u00e9rifiez la qualit\u00e9 de nos produits","robots":{"index":"index","follow":"follow","max-snippet":"max-snippet:-1","max-image-preview":"max-image-preview:large","max-video-preview":"max-video-preview:-1"},"canonical":"https:\/\/monita.es\/fr\/venta-de-carpas-en-madrid\/","og_locale":"fr_FR","og_type":"article","og_title":"Vente de tentes \u00e0 Madrid - MO\u00d1ITA location et vente de tentes","og_description":"Dans MO\u00d1ITA nous avons un grand catalogue de vente de tentes \u00e0 Madrid. Rendez-nous visite et v\u00e9rifiez la qualit\u00e9 de nos produits","og_url":"https:\/\/monita.es\/fr\/venta-de-carpas-en-madrid\/","og_site_name":"Venta de carpas en Madrid - MO\u00d1ITA","article_modified_time":"2019-06-06T14:56:47+00:00","og_image":[{"width":260,"height":270,"url":"https:\/\/monita.es\/wp-content\/uploads\/2014\/12\/toldos-monita-aside-actividad-deportiva.jpg","type":"image\/jpeg"}],"twitter_misc":{"Dur\u00e9e de lecture estim\u00e9e":"1 minute"},"schema":{"@context":"https:\/\/schema.org","@graph":[{"@type":"WebPage","@id":"https:\/\/monita.es\/fr\/venta-de-carpas-en-madrid\/","url":"https:\/\/monita.es\/fr\/venta-de-carpas-en-madrid\/","name":"Vente de tentes \u00e0 Madrid - MO\u00d1ITA location et vente de tentes","isPartOf":{"@id":"https:\/\/monita.es\/fr\/#website"},"primaryImageOfPage":{"@id":"https:\/\/monita.es\/fr\/venta-de-carpas-en-madrid\/#primaryimage"},"image":{"@id":"https:\/\/monita.es\/fr\/venta-de-carpas-en-madrid\/#primaryimage"},"thumbnailUrl":"https:\/\/monita.es\/wp-content\/uploads\/2014\/12\/toldos-monita-aside-actividad-deportiva.jpg","datePublished":"2014-12-17T20:50:09+00:00","dateModified":"2019-06-06T14:56:47+00:00","description":"Dans MO\u00d1ITA nous avons un grand catalogue de vente de tentes \u00e0 Madrid. Rendez-nous visite et v\u00e9rifiez la qualit\u00e9 de nos produits","breadcrumb":{"@id":"https:\/\/monita.es\/fr\/venta-de-carpas-en-madrid\/#breadcrumb"},"inLanguage":"fr-FR","potentialAction":[{"@type":"ReadAction","target":["https:\/\/monita.es\/fr\/venta-de-carpas-en-madrid\/"]}]},{"@type":"ImageObject","inLanguage":"fr-FR","@id":"https:\/\/monita.es\/fr\/venta-de-carpas-en-madrid\/#primaryimage","url":"https:\/\/monita.es\/wp-content\/uploads\/2014\/12\/toldos-monita-aside-actividad-deportiva.jpg","contentUrl":"https:\/\/monita.es\/wp-content\/uploads\/2014\/12\/toldos-monita-aside-actividad-deportiva.jpg","width":260,"height":270,"caption":"MO\u00d1ITA carpas para actividades deportivas"},{"@type":"BreadcrumbList","@id":"https:\/\/monita.es\/fr\/venta-de-carpas-en-madrid\/#breadcrumb","itemListElement":[{"@type":"ListItem","position":1,"name":"Mo\u00f1ita","item":"https:\/\/monita.es\/fr\/accueil-entreprise\/"},{"@type":"ListItem","position":2,"name":"Vente de tentes \u00e0 Madrid"}]},{"@type":"WebSite","@id":"https:\/\/monita.es\/fr\/#website","url":"https:\/\/monita.es\/fr\/","name":"Venta de carpas en Madrid - MO\u00d1ITA","description":"MO\u00d1ITA es carpas, confecci\u00f3n de lonas para usos industriales, fachada textil, arquitectura textil y toldos. Dise\u00f1amos, proyectamos y creamos tu proyecto.","publisher":{"@id":"https:\/\/monita.es\/fr\/#organization"},"potentialAction":[{"@type":"SearchAction","target":{"@type":"EntryPoint","urlTemplate":"https:\/\/monita.es\/fr\/?s={search_term_string}"},"query-input":{"@type":"PropertyValueSpecification","valueRequired":true,"valueName":"search_term_string"}}],"inLanguage":"fr-FR"},{"@type":"Organization","@id":"https:\/\/monita.es\/fr\/#organization","name":"Mo\u00f1ita","url":"https:\/\/monita.es\/fr\/","logo":{"@type":"ImageObject","inLanguage":"fr-FR","@id":"https:\/\/monita.es\/fr\/#\/schema\/logo\/image\/","url":"https:\/\/monita.es\/wp-content\/uploads\/cropped-cropped-logo-monita-1-neg.png","contentUrl":"https:\/\/monita.es\/wp-content\/uploads\/cropped-cropped-logo-monita-1-neg.png","width":785,"height":666,"caption":"Mo\u00f1ita"},"image":{"@id":"https:\/\/monita.es\/fr\/#\/schema\/logo\/image\/"}}]}},"_links":{"self":[{"href":"https:\/\/monita.es\/fr\/wp-json\/wp\/v2\/pages\/2382","targetHints":{"allow":["GET"]}}],"collection":[{"href":"https:\/\/monita.es\/fr\/wp-json\/wp\/v2\/pages"}],"about":[{"href":"https:\/\/monita.es\/fr\/wp-json\/wp\/v2\/types\/page"}],"author":[{"embeddable":true,"href":"https:\/\/monita.es\/fr\/wp-json\/wp\/v2\/users\/2"}],"replies":[{"embeddable":true,"href":"https:\/\/monita.es\/fr\/wp-json\/wp\/v2\/comments?post=2382"}],"version-history":[{"count":0,"href":"https:\/\/monita.es\/fr\/wp-json\/wp\/v2\/pages\/2382\/revisions"}],"wp:featuredmedia":[{"embeddable":true,"href":"https:\/\/monita.es\/fr\/wp-json\/wp\/v2\/media\/490"}],"wp:attachment":[{"href":"https:\/\/monita.es\/fr\/wp-json\/wp\/v2\/media?parent=2382"}],"curies":[{"name":"wp","href":"https:\/\/api.w.org\/{rel}","templated":true}]}}