{"id":2762,"date":"2014-12-17T21:49:41","date_gmt":"2014-12-17T21:49:41","guid":{"rendered":"https:\/\/monita.es\/politica-de-privacidad\/"},"modified":"2019-06-06T15:22:11","modified_gmt":"2019-06-06T15:22:11","slug":"politica-de-privacidad","status":"publish","type":"page","link":"https:\/\/monita.es\/en\/politica-de-privacidad\/","title":{"rendered":"Privacy Policy"},"content":{"rendered":"<p><span lang=\"EN-GB\">1. USE AND PROCESSING OF PERSONAL DATA<br \/>\n<strong>MO\u00d1ITA<\/strong> hereby informs customers that any personal data provided through the website, or that may be provided in the future under the legal relationship maintained with this company, will be entered into the files held by <strong>MO\u00d1ITA<\/strong>, whose details appear in the header.<\/span><\/p>\n<p><span lang=\"EN-GB\">The purpose of these files is to manage, process or provide the requested services or products and, when necessary, to fulfil and implement any contracts that may be signed, to better understand your preferences, to adapt our services to these preferences and to offer you new services and products or send you information about the activities of <strong>MO\u00d1ITA<\/strong>, by any means of communication, including online. The recipients of the information stored in these files will be, mainly, employees of <strong>MO\u00d1ITA<\/strong>.<\/span><\/p>\n<p><span lang=\"EN-GB\">Except in the fields where, by means of an asterisk (*), it is expressly indicated otherwise, responding to questions about personal data is optional and the quality of the requested services will never be affected by not answering these questions. If the fields marked as compulsory are not answered or the information provided is incorrect, this will make it impossible for <strong>MO\u00d1ITA<\/strong> to provide you with the desired services or products.<\/span><\/p>\n<p><span lang=\"EN-GB\">You can revoke your consent to the processing of your personal data at any time by contacting the management at <strong>MO\u00d1ITA<\/strong> or by sending an email to info@toldosmonita.com.<\/span><\/p>\n<p><span lang=\"EN-GB\">Users guarantee and are responsible, in all cases, for the accuracy, validity and authenticity of the personal data provided and they agree to keep this information duly up to date.<\/span><\/p>\n<p><span lang=\"EN-GB\">2. EXERCISING THE RIGHTS OF ACCESS, RECTIFICATION, CANCELLATION AND OBJECTION<br \/>\nUsers who have provided their data to <strong>MO\u00d1ITA<\/strong> are hereby informed that they may freely exercise their rights to access, rectify, cancel and oppose the data incorporated onto the files held by <strong>MO\u00d1ITA<\/strong>.<\/span><\/p>\n<p><span lang=\"EN-GB\">Given the confidential nature of the information, these rights cannot be exercised over the phone. All requests must be sent by any means that guarantee proof of issue and receipt and must be accompanied by a copy of the applicant&#8217;s national identification card or similar document.<\/span><\/p>\n<p><span lang=\"EN-GB\">The interested party may exercise their rights by written application to MO\u00d1ITA sent to the address indicated above or to the email address info@toldosmonita.com.<\/span><\/p>\n<p><span lang=\"EN-GB\">3. SECURITY MEASURES<br \/>\n<strong>MO\u00d1ITA<\/strong> informs customers that it has adopted the technical and organisational measures required to guarantee the security of personal data and to prevent alteration, loss and processing thereof or unauthorised access thereto, taking into account the technology conditions, the nature of the data supplied and the risks to which it is exposed, whether these arise from human actions or the physical or natural environment.<\/span><\/p>\n<p><span lang=\"EN-GB\">Users should be aware that Internet security measures are neither failsafe nor entirely reliable and that <strong>MO\u00d1ITA<\/strong> cannot guarantee the inexistence of viruses or other elements that could damage or alter the user&#8217;s computer systems (hardware software).<\/span><\/p>\n<p><span lang=\"EN-GB\">4. USE OF COOKIES<br \/>\nCookies are a tool used by website servers to store and recover information about their users.<\/span><\/p>\n<p><span lang=\"EN-GB\">Cookies are messages sent by the server to the user&#8217;s computer, they consist of text files that are stored in the computer&#8217;s memory and contain information about the pages that are visited and the amount of time the user was connected to the Internet, etc. Cookies are re-sent to the server each time the user visits the same page.<\/span><\/p>\n<p><span lang=\"EN-GB\">The aim of using cookies by <strong>MO\u00d1ITA<\/strong> is to personalise the services we offer to our customers by providing them with information that may be of interest. If you do not want a cookie to be installed on your hard drive you can change the browser settings on your computer to reject them. However, please be aware that this may reduce the quality of your experience on our website.<\/span><\/p>\n<p><span lang=\"EN-GB\">Cookies are only linked to an anonymous user and their computer and will never, by themselves, provide personal data about the customer. They can neither read the data on your hard drive nor the cookie files created by other suppliers.<\/span><\/p>\n<p><span lang=\"EN-GB\">Logs are files that are stored on the <strong>MO\u00d1ITA<\/strong> server. They store information about your browsing and allow us to track you, providing the services that you request. In addition, they help us to analyse the system&#8217;s operation, locate incidents and problems that may arise and to resolve them as soon as possible.<\/span><\/p>\n<p><span lang=\"EN-GB\">5. MINORS<br \/>\nIn the event that some of the services and products are aimed at users who are less than 14 years old. <strong>MO\u00d1ITA<\/strong> will request consent from parents or guardians to record personal data about the minor.<\/span><\/p>\n<p><strong><span lang=\"EN-GB\">MO\u00d1ITA<\/span><\/strong><span lang=\"EN-GB\"> accepts no responsibility for any data about minors that is provided without said consent and recorded unwittingly by <strong>MO\u00d1ITA<\/strong>.<\/span><\/p>\n<p><span lang=\"EN-GB\">6. MODIFICATION OF THE PRIVACY POLICY<br \/>\n<strong>MO\u00d1ITA<\/strong> reserves the right to modify its Privacy Policy, according to its own criteria or in response to a legislative or jurisprudential change in the regulations set forth by the competent authority for the protection of personal data. Any changes to the Privacy Policy will be published before being applied. Use of the website after these changes will imply the acceptance thereof.<\/span><\/p>\n<p><span lang=\"EN-GB\">7. APPLICABLE LEGISLATION<br \/>\nAny dispute to arise from the use of this site will be governed by, interpreted under and subject to Spanish Law.<\/span><\/p>\n","protected":false},"excerpt":{"rendered":"<p>1. USE AND PROCESSING OF PERSONAL DATA MO\u00d1ITA hereby informs customers that any personal data provided through the website, or that may be provided in the future under the legal relationship maintained with this company, will be entered into the files held by MO\u00d1ITA, whose details appear in the header. The purpose of these files &#8230; <a title=\"Privacy Policy\" class=\"read-more\" href=\"https:\/\/monita.es\/en\/politica-de-privacidad\/\" aria-label=\"Read more about Privacy Policy\">Leer m\u00e1s<\/a><\/p>\n","protected":false},"author":2,"featured_media":0,"parent":0,"menu_order":21,"comment_status":"closed","ping_status":"closed","template":"","meta":{"footnotes":""},"class_list":["post-2762","page","type-page","status-publish"],"yoast_head":"<!-- This site is optimized with the Yoast SEO plugin v24.7 - https:\/\/yoast.com\/wordpress\/plugins\/seo\/ -->\n<title>Privacy policy of MO\u00d1ITA - MO\u00d1ITA<\/title>\n<meta name=\"description\" content=\"Privacy policy of MO\u00d1ITA, a company with more than 70 years of experience in tents, awnings, industrial clothing and canvas\" \/>\n<meta name=\"robots\" content=\"noindex, nofollow\" \/>\n<meta property=\"og:locale\" content=\"en_US\" \/>\n<meta property=\"og:type\" content=\"article\" \/>\n<meta property=\"og:title\" content=\"Privacy policy of MO\u00d1ITA - MO\u00d1ITA\" \/>\n<meta property=\"og:description\" content=\"Privacy policy of MO\u00d1ITA, a company with more than 70 years of experience in tents, awnings, industrial clothing and canvas\" \/>\n<meta property=\"og:url\" content=\"https:\/\/monita.es\/en\/politica-de-privacidad\/\" \/>\n<meta property=\"og:site_name\" content=\"Venta de carpas en Madrid - MO\u00d1ITA\" \/>\n<meta property=\"article:modified_time\" content=\"2019-06-06T15:22:11+00:00\" \/>\n<meta name=\"twitter:label1\" content=\"Est. reading time\" \/>\n\t<meta name=\"twitter:data1\" content=\"4 minutes\" \/>\n<script type=\"application\/ld+json\" class=\"yoast-schema-graph\">{\"@context\":\"https:\/\/schema.org\",\"@graph\":[{\"@type\":\"WebPage\",\"@id\":\"https:\/\/monita.es\/en\/politica-de-privacidad\/\",\"url\":\"https:\/\/monita.es\/en\/politica-de-privacidad\/\",\"name\":\"Privacy policy of MO\u00d1ITA - MO\u00d1ITA\",\"isPartOf\":{\"@id\":\"https:\/\/monita.es\/en\/#website\"},\"datePublished\":\"2014-12-17T21:49:41+00:00\",\"dateModified\":\"2019-06-06T15:22:11+00:00\",\"description\":\"Privacy policy of MO\u00d1ITA, a company with more than 70 years of experience in tents, awnings, industrial clothing and canvas\",\"breadcrumb\":{\"@id\":\"https:\/\/monita.es\/en\/politica-de-privacidad\/#breadcrumb\"},\"inLanguage\":\"en-US\",\"potentialAction\":[{\"@type\":\"ReadAction\",\"target\":[\"https:\/\/monita.es\/en\/politica-de-privacidad\/\"]}]},{\"@type\":\"BreadcrumbList\",\"@id\":\"https:\/\/monita.es\/en\/politica-de-privacidad\/#breadcrumb\",\"itemListElement\":[{\"@type\":\"ListItem\",\"position\":1,\"name\":\"Mo\u00f1ita\",\"item\":\"https:\/\/monita.es\/en\/home-empresa\/\"},{\"@type\":\"ListItem\",\"position\":2,\"name\":\"Privacy Policy\"}]},{\"@type\":\"WebSite\",\"@id\":\"https:\/\/monita.es\/en\/#website\",\"url\":\"https:\/\/monita.es\/en\/\",\"name\":\"Venta de carpas en Madrid - MO\u00d1ITA\",\"description\":\"MO\u00d1ITA es carpas, confecci\u00f3n de lonas para usos industriales, fachada textil, arquitectura textil y toldos. Dise\u00f1amos, proyectamos y creamos tu proyecto.\",\"publisher\":{\"@id\":\"https:\/\/monita.es\/en\/#organization\"},\"potentialAction\":[{\"@type\":\"SearchAction\",\"target\":{\"@type\":\"EntryPoint\",\"urlTemplate\":\"https:\/\/monita.es\/en\/?s={search_term_string}\"},\"query-input\":{\"@type\":\"PropertyValueSpecification\",\"valueRequired\":true,\"valueName\":\"search_term_string\"}}],\"inLanguage\":\"en-US\"},{\"@type\":\"Organization\",\"@id\":\"https:\/\/monita.es\/en\/#organization\",\"name\":\"Mo\u00f1ita\",\"url\":\"https:\/\/monita.es\/en\/\",\"logo\":{\"@type\":\"ImageObject\",\"inLanguage\":\"en-US\",\"@id\":\"https:\/\/monita.es\/en\/#\/schema\/logo\/image\/\",\"url\":\"https:\/\/monita.es\/wp-content\/uploads\/cropped-cropped-logo-monita-1-neg.png\",\"contentUrl\":\"https:\/\/monita.es\/wp-content\/uploads\/cropped-cropped-logo-monita-1-neg.png\",\"width\":785,\"height\":666,\"caption\":\"Mo\u00f1ita\"},\"image\":{\"@id\":\"https:\/\/monita.es\/en\/#\/schema\/logo\/image\/\"}}]}<\/script>\n<!-- \/ Yoast SEO plugin. -->","yoast_head_json":{"title":"Privacy policy of MO\u00d1ITA - MO\u00d1ITA","description":"Privacy policy of MO\u00d1ITA, a company with more than 70 years of experience in tents, awnings, industrial clothing and canvas","robots":{"index":"noindex","follow":"nofollow"},"og_locale":"en_US","og_type":"article","og_title":"Privacy policy of MO\u00d1ITA - MO\u00d1ITA","og_description":"Privacy policy of MO\u00d1ITA, a company with more than 70 years of experience in tents, awnings, industrial clothing and canvas","og_url":"https:\/\/monita.es\/en\/politica-de-privacidad\/","og_site_name":"Venta de carpas en Madrid - MO\u00d1ITA","article_modified_time":"2019-06-06T15:22:11+00:00","twitter_misc":{"Est. reading time":"4 minutes"},"schema":{"@context":"https:\/\/schema.org","@graph":[{"@type":"WebPage","@id":"https:\/\/monita.es\/en\/politica-de-privacidad\/","url":"https:\/\/monita.es\/en\/politica-de-privacidad\/","name":"Privacy policy of MO\u00d1ITA - MO\u00d1ITA","isPartOf":{"@id":"https:\/\/monita.es\/en\/#website"},"datePublished":"2014-12-17T21:49:41+00:00","dateModified":"2019-06-06T15:22:11+00:00","description":"Privacy policy of MO\u00d1ITA, a company with more than 70 years of experience in tents, awnings, industrial clothing and canvas","breadcrumb":{"@id":"https:\/\/monita.es\/en\/politica-de-privacidad\/#breadcrumb"},"inLanguage":"en-US","potentialAction":[{"@type":"ReadAction","target":["https:\/\/monita.es\/en\/politica-de-privacidad\/"]}]},{"@type":"BreadcrumbList","@id":"https:\/\/monita.es\/en\/politica-de-privacidad\/#breadcrumb","itemListElement":[{"@type":"ListItem","position":1,"name":"Mo\u00f1ita","item":"https:\/\/monita.es\/en\/home-empresa\/"},{"@type":"ListItem","position":2,"name":"Privacy Policy"}]},{"@type":"WebSite","@id":"https:\/\/monita.es\/en\/#website","url":"https:\/\/monita.es\/en\/","name":"Venta de carpas en Madrid - MO\u00d1ITA","description":"MO\u00d1ITA es carpas, confecci\u00f3n de lonas para usos industriales, fachada textil, arquitectura textil y toldos. Dise\u00f1amos, proyectamos y creamos tu proyecto.","publisher":{"@id":"https:\/\/monita.es\/en\/#organization"},"potentialAction":[{"@type":"SearchAction","target":{"@type":"EntryPoint","urlTemplate":"https:\/\/monita.es\/en\/?s={search_term_string}"},"query-input":{"@type":"PropertyValueSpecification","valueRequired":true,"valueName":"search_term_string"}}],"inLanguage":"en-US"},{"@type":"Organization","@id":"https:\/\/monita.es\/en\/#organization","name":"Mo\u00f1ita","url":"https:\/\/monita.es\/en\/","logo":{"@type":"ImageObject","inLanguage":"en-US","@id":"https:\/\/monita.es\/en\/#\/schema\/logo\/image\/","url":"https:\/\/monita.es\/wp-content\/uploads\/cropped-cropped-logo-monita-1-neg.png","contentUrl":"https:\/\/monita.es\/wp-content\/uploads\/cropped-cropped-logo-monita-1-neg.png","width":785,"height":666,"caption":"Mo\u00f1ita"},"image":{"@id":"https:\/\/monita.es\/en\/#\/schema\/logo\/image\/"}}]}},"_links":{"self":[{"href":"https:\/\/monita.es\/en\/wp-json\/wp\/v2\/pages\/2762","targetHints":{"allow":["GET"]}}],"collection":[{"href":"https:\/\/monita.es\/en\/wp-json\/wp\/v2\/pages"}],"about":[{"href":"https:\/\/monita.es\/en\/wp-json\/wp\/v2\/types\/page"}],"author":[{"embeddable":true,"href":"https:\/\/monita.es\/en\/wp-json\/wp\/v2\/users\/2"}],"replies":[{"embeddable":true,"href":"https:\/\/monita.es\/en\/wp-json\/wp\/v2\/comments?post=2762"}],"version-history":[{"count":0,"href":"https:\/\/monita.es\/en\/wp-json\/wp\/v2\/pages\/2762\/revisions"}],"wp:attachment":[{"href":"https:\/\/monita.es\/en\/wp-json\/wp\/v2\/media?parent=2762"}],"curies":[{"name":"wp","href":"https:\/\/api.w.org\/{rel}","templated":true}]}}