{"id":2756,"date":"2016-12-26T19:14:01","date_gmt":"2016-12-26T19:14:01","guid":{"rendered":"https:\/\/monita.es\/toldos-madrid\/"},"modified":"2019-06-06T15:08:24","modified_gmt":"2019-06-06T15:08:24","slug":"toldos-madrid","status":"publish","type":"page","link":"https:\/\/monita.es\/en\/toldos-madrid\/","title":{"rendered":"Awnings Madrid"},"content":{"rendered":"<p>The idea for <strong>awnings<\/strong> came about from the need to be protected from the sun or the rain, helping to alleviate the impact of weather conditions. Different models began to emerge in line with people&#8217;s needs, leading to a wide variety available nowadays.<\/p>\n<h2><strong>Experience in awnings in Madrid<\/strong><\/h2>\n<p>Mo\u00f1ita, a company specialising in the design and manufacturing of <strong>awnings<\/strong> in <strong>Madrid<\/strong>.\u00a0Our experience spans more than 7 decades. Over the course of this time we have offered clients the solution to protect their outdoor spaces from the sun or rain. The models we deal with include:<\/p>\n<p><strong>Folding arm awnings:<\/strong> their arms are hidden underneath the tarpaulin, making them a top choice for their unobstructive design.<\/p>\n<ul>\n<li><strong>Drop arm awnings: <\/strong>commonly used on windows and small balconies; their installation is straightforward and the opening and closing system is very simple and easy to manage.<\/li>\n<li><strong>Patio awnings: <\/strong>suitable for protecting the outdoor space of terraces and attics. They have tarpaulins that extend in parallel with the glass. This type of awning offers very elegant and attractive enclosures.<\/li>\n<li><strong>Vertical awnings<\/strong>: also known as a type of curtain, are another kind of awning that we offer in Madrid, which can be like blinds or windbreakers. The first kind have arms measuring up to 50 metres and can be attached to rails or similar. The second variety are perfect for protecting terraces and gardens.<\/li>\n<\/ul>\n<p>We offer other protection systems including:<\/p>\n<ul>\n<li><strong>Hoods:<\/strong> commonly used to personalise the outside area of a business. We make them with special, long-lasting tarpaulins in the style that best suits the client needs.<\/li>\n<li><strong>Pergolas: <\/strong>used for educational establishments, gardens, parks, public buildings and squares, parking lots, sports venues, etc.<\/li>\n<\/ul>\n<p>Find out more about us and the <a href=\"https:\/\/monita.es\/toldos\/?lang=en\">types of awnings we sell<\/a> in Madrid.<\/p>\n","protected":false},"excerpt":{"rendered":"<p>The idea for awnings came about from the need to be protected from the sun or the rain, helping to alleviate the impact of weather conditions. Different models began to emerge in line with people&#8217;s needs, leading to a wide variety available nowadays. Experience in awnings in Madrid Mo\u00f1ita, a company specialising in the design &#8230; <a title=\"Awnings Madrid\" class=\"read-more\" href=\"https:\/\/monita.es\/en\/toldos-madrid\/\" aria-label=\"Read more about Awnings Madrid\">Leer m\u00e1s<\/a><\/p>\n","protected":false},"author":2,"featured_media":0,"parent":0,"menu_order":9,"comment_status":"closed","ping_status":"closed","template":"template-page-interna.php","meta":{"footnotes":""},"class_list":["post-2756","page","type-page","status-publish"],"yoast_head":"<!-- This site is optimized with the Yoast SEO plugin v24.7 - https:\/\/yoast.com\/wordpress\/plugins\/seo\/ -->\n<title>Experts in awnings in Madrid - Mo\u00f1ita Awnings, tents and canvas<\/title>\n<meta name=\"description\" content=\"In Mo\u00f1ita we advise the client to choose the awnings that best fit the conditions of your home or local in Madrid\" \/>\n<meta name=\"robots\" content=\"index, follow, max-snippet:-1, max-image-preview:large, max-video-preview:-1\" \/>\n<link rel=\"canonical\" href=\"https:\/\/monita.es\/en\/toldos-madrid\/\" \/>\n<meta property=\"og:locale\" content=\"en_US\" \/>\n<meta property=\"og:type\" content=\"article\" \/>\n<meta property=\"og:title\" content=\"Experts in awnings in Madrid - Mo\u00f1ita Awnings, tents and canvas\" \/>\n<meta property=\"og:description\" content=\"In Mo\u00f1ita we advise the client to choose the awnings that best fit the conditions of your home or local in Madrid\" \/>\n<meta property=\"og:url\" content=\"https:\/\/monita.es\/en\/toldos-madrid\/\" \/>\n<meta property=\"og:site_name\" content=\"Venta de carpas en Madrid - MO\u00d1ITA\" \/>\n<meta property=\"article:modified_time\" content=\"2019-06-06T15:08:24+00:00\" \/>\n<meta name=\"twitter:label1\" content=\"Est. reading time\" \/>\n\t<meta name=\"twitter:data1\" content=\"1 minute\" \/>\n<script type=\"application\/ld+json\" class=\"yoast-schema-graph\">{\"@context\":\"https:\/\/schema.org\",\"@graph\":[{\"@type\":\"WebPage\",\"@id\":\"https:\/\/monita.es\/en\/toldos-madrid\/\",\"url\":\"https:\/\/monita.es\/en\/toldos-madrid\/\",\"name\":\"Experts in awnings in Madrid - Mo\u00f1ita Awnings, tents and canvas\",\"isPartOf\":{\"@id\":\"https:\/\/monita.es\/en\/#website\"},\"datePublished\":\"2016-12-26T19:14:01+00:00\",\"dateModified\":\"2019-06-06T15:08:24+00:00\",\"description\":\"In Mo\u00f1ita we advise the client to choose the awnings that best fit the conditions of your home or local in Madrid\",\"breadcrumb\":{\"@id\":\"https:\/\/monita.es\/en\/toldos-madrid\/#breadcrumb\"},\"inLanguage\":\"en-US\",\"potentialAction\":[{\"@type\":\"ReadAction\",\"target\":[\"https:\/\/monita.es\/en\/toldos-madrid\/\"]}]},{\"@type\":\"BreadcrumbList\",\"@id\":\"https:\/\/monita.es\/en\/toldos-madrid\/#breadcrumb\",\"itemListElement\":[{\"@type\":\"ListItem\",\"position\":1,\"name\":\"Mo\u00f1ita\",\"item\":\"https:\/\/monita.es\/en\/home-empresa\/\"},{\"@type\":\"ListItem\",\"position\":2,\"name\":\"Awnings Madrid\"}]},{\"@type\":\"WebSite\",\"@id\":\"https:\/\/monita.es\/en\/#website\",\"url\":\"https:\/\/monita.es\/en\/\",\"name\":\"Venta de carpas en Madrid - MO\u00d1ITA\",\"description\":\"MO\u00d1ITA es carpas, confecci\u00f3n de lonas para usos industriales, fachada textil, arquitectura textil y toldos. Dise\u00f1amos, proyectamos y creamos tu proyecto.\",\"publisher\":{\"@id\":\"https:\/\/monita.es\/en\/#organization\"},\"potentialAction\":[{\"@type\":\"SearchAction\",\"target\":{\"@type\":\"EntryPoint\",\"urlTemplate\":\"https:\/\/monita.es\/en\/?s={search_term_string}\"},\"query-input\":{\"@type\":\"PropertyValueSpecification\",\"valueRequired\":true,\"valueName\":\"search_term_string\"}}],\"inLanguage\":\"en-US\"},{\"@type\":\"Organization\",\"@id\":\"https:\/\/monita.es\/en\/#organization\",\"name\":\"Mo\u00f1ita\",\"url\":\"https:\/\/monita.es\/en\/\",\"logo\":{\"@type\":\"ImageObject\",\"inLanguage\":\"en-US\",\"@id\":\"https:\/\/monita.es\/en\/#\/schema\/logo\/image\/\",\"url\":\"https:\/\/monita.es\/wp-content\/uploads\/cropped-cropped-logo-monita-1-neg.png\",\"contentUrl\":\"https:\/\/monita.es\/wp-content\/uploads\/cropped-cropped-logo-monita-1-neg.png\",\"width\":785,\"height\":666,\"caption\":\"Mo\u00f1ita\"},\"image\":{\"@id\":\"https:\/\/monita.es\/en\/#\/schema\/logo\/image\/\"}}]}<\/script>\n<!-- \/ Yoast SEO plugin. -->","yoast_head_json":{"title":"Experts in awnings in Madrid - Mo\u00f1ita Awnings, tents and canvas","description":"In Mo\u00f1ita we advise the client to choose the awnings that best fit the conditions of your home or local in Madrid","robots":{"index":"index","follow":"follow","max-snippet":"max-snippet:-1","max-image-preview":"max-image-preview:large","max-video-preview":"max-video-preview:-1"},"canonical":"https:\/\/monita.es\/en\/toldos-madrid\/","og_locale":"en_US","og_type":"article","og_title":"Experts in awnings in Madrid - Mo\u00f1ita Awnings, tents and canvas","og_description":"In Mo\u00f1ita we advise the client to choose the awnings that best fit the conditions of your home or local in Madrid","og_url":"https:\/\/monita.es\/en\/toldos-madrid\/","og_site_name":"Venta de carpas en Madrid - MO\u00d1ITA","article_modified_time":"2019-06-06T15:08:24+00:00","twitter_misc":{"Est. reading time":"1 minute"},"schema":{"@context":"https:\/\/schema.org","@graph":[{"@type":"WebPage","@id":"https:\/\/monita.es\/en\/toldos-madrid\/","url":"https:\/\/monita.es\/en\/toldos-madrid\/","name":"Experts in awnings in Madrid - Mo\u00f1ita Awnings, tents and canvas","isPartOf":{"@id":"https:\/\/monita.es\/en\/#website"},"datePublished":"2016-12-26T19:14:01+00:00","dateModified":"2019-06-06T15:08:24+00:00","description":"In Mo\u00f1ita we advise the client to choose the awnings that best fit the conditions of your home or local in Madrid","breadcrumb":{"@id":"https:\/\/monita.es\/en\/toldos-madrid\/#breadcrumb"},"inLanguage":"en-US","potentialAction":[{"@type":"ReadAction","target":["https:\/\/monita.es\/en\/toldos-madrid\/"]}]},{"@type":"BreadcrumbList","@id":"https:\/\/monita.es\/en\/toldos-madrid\/#breadcrumb","itemListElement":[{"@type":"ListItem","position":1,"name":"Mo\u00f1ita","item":"https:\/\/monita.es\/en\/home-empresa\/"},{"@type":"ListItem","position":2,"name":"Awnings Madrid"}]},{"@type":"WebSite","@id":"https:\/\/monita.es\/en\/#website","url":"https:\/\/monita.es\/en\/","name":"Venta de carpas en Madrid - MO\u00d1ITA","description":"MO\u00d1ITA es carpas, confecci\u00f3n de lonas para usos industriales, fachada textil, arquitectura textil y toldos. Dise\u00f1amos, proyectamos y creamos tu proyecto.","publisher":{"@id":"https:\/\/monita.es\/en\/#organization"},"potentialAction":[{"@type":"SearchAction","target":{"@type":"EntryPoint","urlTemplate":"https:\/\/monita.es\/en\/?s={search_term_string}"},"query-input":{"@type":"PropertyValueSpecification","valueRequired":true,"valueName":"search_term_string"}}],"inLanguage":"en-US"},{"@type":"Organization","@id":"https:\/\/monita.es\/en\/#organization","name":"Mo\u00f1ita","url":"https:\/\/monita.es\/en\/","logo":{"@type":"ImageObject","inLanguage":"en-US","@id":"https:\/\/monita.es\/en\/#\/schema\/logo\/image\/","url":"https:\/\/monita.es\/wp-content\/uploads\/cropped-cropped-logo-monita-1-neg.png","contentUrl":"https:\/\/monita.es\/wp-content\/uploads\/cropped-cropped-logo-monita-1-neg.png","width":785,"height":666,"caption":"Mo\u00f1ita"},"image":{"@id":"https:\/\/monita.es\/en\/#\/schema\/logo\/image\/"}}]}},"_links":{"self":[{"href":"https:\/\/monita.es\/en\/wp-json\/wp\/v2\/pages\/2756","targetHints":{"allow":["GET"]}}],"collection":[{"href":"https:\/\/monita.es\/en\/wp-json\/wp\/v2\/pages"}],"about":[{"href":"https:\/\/monita.es\/en\/wp-json\/wp\/v2\/types\/page"}],"author":[{"embeddable":true,"href":"https:\/\/monita.es\/en\/wp-json\/wp\/v2\/users\/2"}],"replies":[{"embeddable":true,"href":"https:\/\/monita.es\/en\/wp-json\/wp\/v2\/comments?post=2756"}],"version-history":[{"count":0,"href":"https:\/\/monita.es\/en\/wp-json\/wp\/v2\/pages\/2756\/revisions"}],"wp:attachment":[{"href":"https:\/\/monita.es\/en\/wp-json\/wp\/v2\/media?parent=2756"}],"curies":[{"name":"wp","href":"https:\/\/api.w.org\/{rel}","templated":true}]}}