{"id":2728,"date":"2014-12-17T21:22:32","date_gmt":"2014-12-17T21:22:32","guid":{"rendered":"https:\/\/monita.es\/confeccion-industrial-lonas\/lonas-impermeables\/"},"modified":"2019-06-06T15:06:43","modified_gmt":"2019-06-06T15:06:43","slug":"lonas-impermeables","status":"publish","type":"page","link":"https:\/\/monita.es\/en\/confeccion-industrial-lonas\/lonas-impermeables\/","title":{"rendered":"Impermeable tarpaulins"},"content":{"rendered":"<div id=\"mosaico\">[fancygallery id=&#8221;7&#8243;]<\/div>\n<p>At <a href=\"https:\/\/monita.es\/monita\/?lang=en\"><strong>MO\u00d1ITA<\/strong><\/a> we make and sell <strong>impermeable PVC tarpaulins <\/strong>in a range of weights:<\/p>\n<ul>\n<li>Double-sided coating to ensure durability.<\/li>\n<li>Monarflex tarpaulins in reinforced polyethylene with inner polyester fibre mesh.<\/li>\n<\/ul>\n<p>We also <strong>industrially produce<\/strong> and install <strong>impermeable tarpaulins <\/strong>to protect delicate materials and machinery on building sites and refurbishments using <strong>textile covers<\/strong> manufactured by our company.<\/p>\n<p>This type of <a href=\"https:\/\/monita.es\/confeccion-industrial-lonas\/?lang=en\"><strong>tarpaulin<\/strong><\/a> is also useful for waterproofing and hiding areas exposed to severe weathering.<\/p>\n<p>We have a team of experts in making <strong>textile covers<\/strong> for sports facilities, offering the following advantages:<\/p>\n<ul>\n<li>Double-layer pressostatic membranes that enable a high degree of light transmission, making it possible to hold recreational activities with natural light.<\/li>\n<li>Expanded ceilings for greater heat and sound insulation, energy savings and low power consumption, preventing disruptive sound reverberation.<\/li>\n<li>These membranes are easily cleaned, perhaps even self-cleaned.<\/li>\n<li>These types of covers require little maintenance.<\/li>\n<\/ul>\n<p>At <strong>MO\u00d1ITA <\/strong>we have all of the necessary tensioning and fastening accessories required for a proper installation of the membranes or long-lasting <strong>impermeable tarpaulin<\/strong>.<\/p>\n","protected":false},"excerpt":{"rendered":"<p>[fancygallery id=&#8221;7&#8243;] At MO\u00d1ITA we make and sell impermeable PVC tarpaulins in a range of weights: Double-sided coating to ensure durability. Monarflex tarpaulins in reinforced polyethylene with inner polyester fibre mesh. We also industrially produce and install impermeable tarpaulins to protect delicate materials and machinery on building sites and refurbishments using textile covers manufactured by &#8230; <a title=\"Impermeable tarpaulins\" class=\"read-more\" href=\"https:\/\/monita.es\/en\/confeccion-industrial-lonas\/lonas-impermeables\/\" aria-label=\"Read more about Impermeable tarpaulins\">Leer m\u00e1s<\/a><\/p>\n","protected":false},"author":2,"featured_media":497,"parent":2704,"menu_order":9,"comment_status":"open","ping_status":"closed","template":"template-page-interna.php","meta":{"footnotes":""},"class_list":["post-2728","page","type-page","status-publish","has-post-thumbnail"],"yoast_head":"<!-- This site is optimized with the Yoast SEO plugin v24.7 - https:\/\/yoast.com\/wordpress\/plugins\/seo\/ -->\n<title>Waterproof tarpaulins - Industrial clothing \/ Canvas - MO\u00d1ITA<\/title>\n<meta name=\"description\" content=\"Does your community require the installation or industrial manufacture of waterproof tarpaulins? Do not hesitate to hire the services of MO\u00d1ITA\" \/>\n<meta name=\"robots\" content=\"index, follow, max-snippet:-1, max-image-preview:large, max-video-preview:-1\" \/>\n<link rel=\"canonical\" href=\"https:\/\/monita.es\/en\/confeccion-industrial-lonas\/lonas-impermeables\/\" \/>\n<meta property=\"og:locale\" content=\"en_US\" \/>\n<meta property=\"og:type\" content=\"article\" \/>\n<meta property=\"og:title\" content=\"Waterproof tarpaulins - Industrial clothing \/ Canvas - MO\u00d1ITA\" \/>\n<meta property=\"og:description\" content=\"Does your community require the installation or industrial manufacture of waterproof tarpaulins? Do not hesitate to hire the services of MO\u00d1ITA\" \/>\n<meta property=\"og:url\" content=\"https:\/\/monita.es\/en\/confeccion-industrial-lonas\/lonas-impermeables\/\" \/>\n<meta property=\"og:site_name\" content=\"Venta de carpas en Madrid - MO\u00d1ITA\" \/>\n<meta property=\"article:modified_time\" content=\"2019-06-06T15:06:43+00:00\" \/>\n<meta property=\"og:image\" content=\"https:\/\/monita.es\/wp-content\/uploads\/2014\/12\/toldos-monita-lonas-impermeables.jpg\" \/>\n\t<meta property=\"og:image:width\" content=\"260\" \/>\n\t<meta property=\"og:image:height\" content=\"270\" \/>\n\t<meta property=\"og:image:type\" content=\"image\/jpeg\" \/>\n<meta name=\"twitter:label1\" content=\"Est. reading time\" \/>\n\t<meta name=\"twitter:data1\" content=\"1 minute\" \/>\n<script type=\"application\/ld+json\" class=\"yoast-schema-graph\">{\"@context\":\"https:\/\/schema.org\",\"@graph\":[{\"@type\":\"WebPage\",\"@id\":\"https:\/\/monita.es\/en\/confeccion-industrial-lonas\/lonas-impermeables\/\",\"url\":\"https:\/\/monita.es\/en\/confeccion-industrial-lonas\/lonas-impermeables\/\",\"name\":\"Waterproof tarpaulins - Industrial clothing \/ Canvas - MO\u00d1ITA\",\"isPartOf\":{\"@id\":\"https:\/\/monita.es\/en\/#website\"},\"primaryImageOfPage\":{\"@id\":\"https:\/\/monita.es\/en\/confeccion-industrial-lonas\/lonas-impermeables\/#primaryimage\"},\"image\":{\"@id\":\"https:\/\/monita.es\/en\/confeccion-industrial-lonas\/lonas-impermeables\/#primaryimage\"},\"thumbnailUrl\":\"https:\/\/monita.es\/wp-content\/uploads\/2014\/12\/toldos-monita-lonas-impermeables.jpg\",\"datePublished\":\"2014-12-17T21:22:32+00:00\",\"dateModified\":\"2019-06-06T15:06:43+00:00\",\"description\":\"Does your community require the installation or industrial manufacture of waterproof tarpaulins? Do not hesitate to hire the services of MO\u00d1ITA\",\"breadcrumb\":{\"@id\":\"https:\/\/monita.es\/en\/confeccion-industrial-lonas\/lonas-impermeables\/#breadcrumb\"},\"inLanguage\":\"en-US\",\"potentialAction\":[{\"@type\":\"ReadAction\",\"target\":[\"https:\/\/monita.es\/en\/confeccion-industrial-lonas\/lonas-impermeables\/\"]}]},{\"@type\":\"ImageObject\",\"inLanguage\":\"en-US\",\"@id\":\"https:\/\/monita.es\/en\/confeccion-industrial-lonas\/lonas-impermeables\/#primaryimage\",\"url\":\"https:\/\/monita.es\/wp-content\/uploads\/2014\/12\/toldos-monita-lonas-impermeables.jpg\",\"contentUrl\":\"https:\/\/monita.es\/wp-content\/uploads\/2014\/12\/toldos-monita-lonas-impermeables.jpg\",\"width\":260,\"height\":270,\"caption\":\"MO\u00d1ITA lonas impermeables\"},{\"@type\":\"BreadcrumbList\",\"@id\":\"https:\/\/monita.es\/en\/confeccion-industrial-lonas\/lonas-impermeables\/#breadcrumb\",\"itemListElement\":[{\"@type\":\"ListItem\",\"position\":1,\"name\":\"Mo\u00f1ita\",\"item\":\"https:\/\/monita.es\/en\/home-empresa\/\"},{\"@type\":\"ListItem\",\"position\":2,\"name\":\"Industrial productions and tarpaulin\",\"item\":\"https:\/\/monita.es\/en\/confeccion-industrial-lonas\/\"},{\"@type\":\"ListItem\",\"position\":3,\"name\":\"Impermeable tarpaulins\"}]},{\"@type\":\"WebSite\",\"@id\":\"https:\/\/monita.es\/en\/#website\",\"url\":\"https:\/\/monita.es\/en\/\",\"name\":\"Venta de carpas en Madrid - MO\u00d1ITA\",\"description\":\"MO\u00d1ITA es carpas, confecci\u00f3n de lonas para usos industriales, fachada textil, arquitectura textil y toldos. Dise\u00f1amos, proyectamos y creamos tu proyecto.\",\"publisher\":{\"@id\":\"https:\/\/monita.es\/en\/#organization\"},\"potentialAction\":[{\"@type\":\"SearchAction\",\"target\":{\"@type\":\"EntryPoint\",\"urlTemplate\":\"https:\/\/monita.es\/en\/?s={search_term_string}\"},\"query-input\":{\"@type\":\"PropertyValueSpecification\",\"valueRequired\":true,\"valueName\":\"search_term_string\"}}],\"inLanguage\":\"en-US\"},{\"@type\":\"Organization\",\"@id\":\"https:\/\/monita.es\/en\/#organization\",\"name\":\"Mo\u00f1ita\",\"url\":\"https:\/\/monita.es\/en\/\",\"logo\":{\"@type\":\"ImageObject\",\"inLanguage\":\"en-US\",\"@id\":\"https:\/\/monita.es\/en\/#\/schema\/logo\/image\/\",\"url\":\"https:\/\/monita.es\/wp-content\/uploads\/cropped-cropped-logo-monita-1-neg.png\",\"contentUrl\":\"https:\/\/monita.es\/wp-content\/uploads\/cropped-cropped-logo-monita-1-neg.png\",\"width\":785,\"height\":666,\"caption\":\"Mo\u00f1ita\"},\"image\":{\"@id\":\"https:\/\/monita.es\/en\/#\/schema\/logo\/image\/\"}}]}<\/script>\n<!-- \/ Yoast SEO plugin. -->","yoast_head_json":{"title":"Waterproof tarpaulins - Industrial clothing \/ Canvas - MO\u00d1ITA","description":"Does your community require the installation or industrial manufacture of waterproof tarpaulins? Do not hesitate to hire the services of MO\u00d1ITA","robots":{"index":"index","follow":"follow","max-snippet":"max-snippet:-1","max-image-preview":"max-image-preview:large","max-video-preview":"max-video-preview:-1"},"canonical":"https:\/\/monita.es\/en\/confeccion-industrial-lonas\/lonas-impermeables\/","og_locale":"en_US","og_type":"article","og_title":"Waterproof tarpaulins - Industrial clothing \/ Canvas - MO\u00d1ITA","og_description":"Does your community require the installation or industrial manufacture of waterproof tarpaulins? Do not hesitate to hire the services of MO\u00d1ITA","og_url":"https:\/\/monita.es\/en\/confeccion-industrial-lonas\/lonas-impermeables\/","og_site_name":"Venta de carpas en Madrid - MO\u00d1ITA","article_modified_time":"2019-06-06T15:06:43+00:00","og_image":[{"width":260,"height":270,"url":"https:\/\/monita.es\/wp-content\/uploads\/2014\/12\/toldos-monita-lonas-impermeables.jpg","type":"image\/jpeg"}],"twitter_misc":{"Est. reading time":"1 minute"},"schema":{"@context":"https:\/\/schema.org","@graph":[{"@type":"WebPage","@id":"https:\/\/monita.es\/en\/confeccion-industrial-lonas\/lonas-impermeables\/","url":"https:\/\/monita.es\/en\/confeccion-industrial-lonas\/lonas-impermeables\/","name":"Waterproof tarpaulins - Industrial clothing \/ Canvas - MO\u00d1ITA","isPartOf":{"@id":"https:\/\/monita.es\/en\/#website"},"primaryImageOfPage":{"@id":"https:\/\/monita.es\/en\/confeccion-industrial-lonas\/lonas-impermeables\/#primaryimage"},"image":{"@id":"https:\/\/monita.es\/en\/confeccion-industrial-lonas\/lonas-impermeables\/#primaryimage"},"thumbnailUrl":"https:\/\/monita.es\/wp-content\/uploads\/2014\/12\/toldos-monita-lonas-impermeables.jpg","datePublished":"2014-12-17T21:22:32+00:00","dateModified":"2019-06-06T15:06:43+00:00","description":"Does your community require the installation or industrial manufacture of waterproof tarpaulins? Do not hesitate to hire the services of MO\u00d1ITA","breadcrumb":{"@id":"https:\/\/monita.es\/en\/confeccion-industrial-lonas\/lonas-impermeables\/#breadcrumb"},"inLanguage":"en-US","potentialAction":[{"@type":"ReadAction","target":["https:\/\/monita.es\/en\/confeccion-industrial-lonas\/lonas-impermeables\/"]}]},{"@type":"ImageObject","inLanguage":"en-US","@id":"https:\/\/monita.es\/en\/confeccion-industrial-lonas\/lonas-impermeables\/#primaryimage","url":"https:\/\/monita.es\/wp-content\/uploads\/2014\/12\/toldos-monita-lonas-impermeables.jpg","contentUrl":"https:\/\/monita.es\/wp-content\/uploads\/2014\/12\/toldos-monita-lonas-impermeables.jpg","width":260,"height":270,"caption":"MO\u00d1ITA lonas impermeables"},{"@type":"BreadcrumbList","@id":"https:\/\/monita.es\/en\/confeccion-industrial-lonas\/lonas-impermeables\/#breadcrumb","itemListElement":[{"@type":"ListItem","position":1,"name":"Mo\u00f1ita","item":"https:\/\/monita.es\/en\/home-empresa\/"},{"@type":"ListItem","position":2,"name":"Industrial productions and tarpaulin","item":"https:\/\/monita.es\/en\/confeccion-industrial-lonas\/"},{"@type":"ListItem","position":3,"name":"Impermeable tarpaulins"}]},{"@type":"WebSite","@id":"https:\/\/monita.es\/en\/#website","url":"https:\/\/monita.es\/en\/","name":"Venta de carpas en Madrid - MO\u00d1ITA","description":"MO\u00d1ITA es carpas, confecci\u00f3n de lonas para usos industriales, fachada textil, arquitectura textil y toldos. Dise\u00f1amos, proyectamos y creamos tu proyecto.","publisher":{"@id":"https:\/\/monita.es\/en\/#organization"},"potentialAction":[{"@type":"SearchAction","target":{"@type":"EntryPoint","urlTemplate":"https:\/\/monita.es\/en\/?s={search_term_string}"},"query-input":{"@type":"PropertyValueSpecification","valueRequired":true,"valueName":"search_term_string"}}],"inLanguage":"en-US"},{"@type":"Organization","@id":"https:\/\/monita.es\/en\/#organization","name":"Mo\u00f1ita","url":"https:\/\/monita.es\/en\/","logo":{"@type":"ImageObject","inLanguage":"en-US","@id":"https:\/\/monita.es\/en\/#\/schema\/logo\/image\/","url":"https:\/\/monita.es\/wp-content\/uploads\/cropped-cropped-logo-monita-1-neg.png","contentUrl":"https:\/\/monita.es\/wp-content\/uploads\/cropped-cropped-logo-monita-1-neg.png","width":785,"height":666,"caption":"Mo\u00f1ita"},"image":{"@id":"https:\/\/monita.es\/en\/#\/schema\/logo\/image\/"}}]}},"_links":{"self":[{"href":"https:\/\/monita.es\/en\/wp-json\/wp\/v2\/pages\/2728","targetHints":{"allow":["GET"]}}],"collection":[{"href":"https:\/\/monita.es\/en\/wp-json\/wp\/v2\/pages"}],"about":[{"href":"https:\/\/monita.es\/en\/wp-json\/wp\/v2\/types\/page"}],"author":[{"embeddable":true,"href":"https:\/\/monita.es\/en\/wp-json\/wp\/v2\/users\/2"}],"replies":[{"embeddable":true,"href":"https:\/\/monita.es\/en\/wp-json\/wp\/v2\/comments?post=2728"}],"version-history":[{"count":0,"href":"https:\/\/monita.es\/en\/wp-json\/wp\/v2\/pages\/2728\/revisions"}],"up":[{"embeddable":true,"href":"https:\/\/monita.es\/en\/wp-json\/wp\/v2\/pages\/2704"}],"wp:featuredmedia":[{"embeddable":true,"href":"https:\/\/monita.es\/en\/wp-json\/wp\/v2\/media\/497"}],"wp:attachment":[{"href":"https:\/\/monita.es\/en\/wp-json\/wp\/v2\/media?parent=2728"}],"curies":[{"name":"wp","href":"https:\/\/api.w.org\/{rel}","templated":true}]}}