{"id":2700,"date":"2014-12-17T21:21:02","date_gmt":"2014-12-17T21:21:02","guid":{"rendered":"https:\/\/monita.es\/arquitectura-textil\/tensoestructuras\/"},"modified":"2019-05-14T15:14:21","modified_gmt":"2019-05-14T15:14:21","slug":"tensoestructuras","status":"publish","type":"page","link":"https:\/\/monita.es\/en\/arquitectura-textil\/tensoestructuras\/","title":{"rendered":"Tensile structures"},"content":{"rendered":"<p>The team of experts in <strong>MO\u00d1ITA<\/strong> manufactures and installs all kinds of small <strong>tensile structures <\/strong>for hotel grounds, dance halls, schools, nurseries, parking lots, public parks, sports areas, gardens and exhibitions spaces, etc.<\/p>\n<p>We also manufacture medium-sized <strong>textile covers<\/strong> for connecting built-up areas, promoting or covering access to shopping and leisure centres, auditoriums and archaeological sites.<\/p>\n<p>Due to their simplicity, <strong>tensile structures<\/strong> or <strong>tensile shade sails <\/strong>can be quickly made and assembled, making it possible to adorn the space to be covered. We design and calculate them to ensure they comply with the <strong>Technical Building Code <\/strong>(<strong>CTE in Spanish<\/strong>), like any covered space.<\/p>\n<p>In\u00a0<a href=\"https:\/\/monita.es\/arquitectura-textil\/?lang=en\"><strong>textile architecture<\/strong><\/a> every project is different. This is why at <strong>MO\u00d1ITA<\/strong> we oversee the entire process, from the initial design to the final installation. <a href=\"https:\/\/monita.es\/nuestros-clientes\/?lang=en\">Our clients<\/a><strong>\u00a0<\/strong>can vouch for us. <strong>Call us and you won&#8217;t regret it.<\/strong><\/p>\n","protected":false},"excerpt":{"rendered":"<p>The team of experts in MO\u00d1ITA manufactures and installs all kinds of small tensile structures for hotel grounds, dance halls, schools, nurseries, parking lots, public parks, sports areas, gardens and exhibitions spaces, etc. We also manufacture medium-sized textile covers for connecting built-up areas, promoting or covering access to shopping and leisure centres, auditoriums and archaeological &#8230; <a title=\"Tensile structures\" class=\"read-more\" href=\"https:\/\/monita.es\/en\/arquitectura-textil\/tensoestructuras\/\" aria-label=\"Read more about Tensile structures\">Leer m\u00e1s<\/a><\/p>\n","protected":false},"author":2,"featured_media":0,"parent":2684,"menu_order":7,"comment_status":"open","ping_status":"closed","template":"","meta":{"footnotes":""},"class_list":["post-2700","page","type-page","status-publish"],"yoast_head":"<!-- This site is optimized with the Yoast SEO plugin v24.7 - https:\/\/yoast.com\/wordpress\/plugins\/seo\/ -->\n<title>Tenstructures - Textile architecture - MO\u00d1ITA<\/title>\n<meta name=\"description\" content=\"In MO\u00d1ITA we have a variety of tensostructures that adapt to the textile architecture solutions your company needs. Ask us for a quote\" \/>\n<meta name=\"robots\" content=\"index, follow, max-snippet:-1, max-image-preview:large, max-video-preview:-1\" \/>\n<link rel=\"canonical\" href=\"https:\/\/monita.es\/en\/arquitectura-textil\/tensoestructuras\/\" \/>\n<meta property=\"og:locale\" content=\"en_US\" \/>\n<meta property=\"og:type\" content=\"article\" \/>\n<meta property=\"og:title\" content=\"Tenstructures - Textile architecture - MO\u00d1ITA\" \/>\n<meta property=\"og:description\" content=\"In MO\u00d1ITA we have a variety of tensostructures that adapt to the textile architecture solutions your company needs. Ask us for a quote\" \/>\n<meta property=\"og:url\" content=\"https:\/\/monita.es\/en\/arquitectura-textil\/tensoestructuras\/\" \/>\n<meta property=\"og:site_name\" content=\"Venta de carpas en Madrid - MO\u00d1ITA\" \/>\n<meta property=\"article:modified_time\" content=\"2019-05-14T15:14:21+00:00\" \/>\n<meta property=\"og:image\" content=\"https:\/\/monita.es\/wp-content\/uploads\/2014\/12\/toldo-monita-carpa-segunda-mano.jpg\" \/>\n\t<meta property=\"og:image:width\" content=\"260\" \/>\n\t<meta property=\"og:image:height\" content=\"270\" \/>\n\t<meta property=\"og:image:type\" content=\"image\/jpeg\" \/>\n<meta name=\"twitter:label1\" content=\"Est. reading time\" \/>\n\t<meta name=\"twitter:data1\" content=\"1 minute\" \/>\n<script type=\"application\/ld+json\" class=\"yoast-schema-graph\">{\"@context\":\"https:\/\/schema.org\",\"@graph\":[{\"@type\":\"WebPage\",\"@id\":\"https:\/\/monita.es\/en\/arquitectura-textil\/tensoestructuras\/\",\"url\":\"https:\/\/monita.es\/en\/arquitectura-textil\/tensoestructuras\/\",\"name\":\"Tenstructures - Textile architecture - MO\u00d1ITA\",\"isPartOf\":{\"@id\":\"https:\/\/monita.es\/en\/#website\"},\"datePublished\":\"2014-12-17T21:21:02+00:00\",\"dateModified\":\"2019-05-14T15:14:21+00:00\",\"description\":\"In MO\u00d1ITA we have a variety of tensostructures that adapt to the textile architecture solutions your company needs. Ask us for a quote\",\"breadcrumb\":{\"@id\":\"https:\/\/monita.es\/en\/arquitectura-textil\/tensoestructuras\/#breadcrumb\"},\"inLanguage\":\"en-US\",\"potentialAction\":[{\"@type\":\"ReadAction\",\"target\":[\"https:\/\/monita.es\/en\/arquitectura-textil\/tensoestructuras\/\"]}]},{\"@type\":\"BreadcrumbList\",\"@id\":\"https:\/\/monita.es\/en\/arquitectura-textil\/tensoestructuras\/#breadcrumb\",\"itemListElement\":[{\"@type\":\"ListItem\",\"position\":1,\"name\":\"Mo\u00f1ita\",\"item\":\"https:\/\/monita.es\/en\/home-empresa\/\"},{\"@type\":\"ListItem\",\"position\":2,\"name\":\"Experts in textile architecture\",\"item\":\"https:\/\/monita.es\/en\/arquitectura-textil\/\"},{\"@type\":\"ListItem\",\"position\":3,\"name\":\"Tensile structures\"}]},{\"@type\":\"WebSite\",\"@id\":\"https:\/\/monita.es\/en\/#website\",\"url\":\"https:\/\/monita.es\/en\/\",\"name\":\"Venta de carpas en Madrid - MO\u00d1ITA\",\"description\":\"MO\u00d1ITA es carpas, confecci\u00f3n de lonas para usos industriales, fachada textil, arquitectura textil y toldos. Dise\u00f1amos, proyectamos y creamos tu proyecto.\",\"publisher\":{\"@id\":\"https:\/\/monita.es\/en\/#organization\"},\"potentialAction\":[{\"@type\":\"SearchAction\",\"target\":{\"@type\":\"EntryPoint\",\"urlTemplate\":\"https:\/\/monita.es\/en\/?s={search_term_string}\"},\"query-input\":{\"@type\":\"PropertyValueSpecification\",\"valueRequired\":true,\"valueName\":\"search_term_string\"}}],\"inLanguage\":\"en-US\"},{\"@type\":\"Organization\",\"@id\":\"https:\/\/monita.es\/en\/#organization\",\"name\":\"Mo\u00f1ita\",\"url\":\"https:\/\/monita.es\/en\/\",\"logo\":{\"@type\":\"ImageObject\",\"inLanguage\":\"en-US\",\"@id\":\"https:\/\/monita.es\/en\/#\/schema\/logo\/image\/\",\"url\":\"https:\/\/monita.es\/wp-content\/uploads\/cropped-cropped-logo-monita-1-neg.png\",\"contentUrl\":\"https:\/\/monita.es\/wp-content\/uploads\/cropped-cropped-logo-monita-1-neg.png\",\"width\":785,\"height\":666,\"caption\":\"Mo\u00f1ita\"},\"image\":{\"@id\":\"https:\/\/monita.es\/en\/#\/schema\/logo\/image\/\"}}]}<\/script>\n<!-- \/ Yoast SEO plugin. -->","yoast_head_json":{"title":"Tenstructures - Textile architecture - MO\u00d1ITA","description":"In MO\u00d1ITA we have a variety of tensostructures that adapt to the textile architecture solutions your company needs. Ask us for a quote","robots":{"index":"index","follow":"follow","max-snippet":"max-snippet:-1","max-image-preview":"max-image-preview:large","max-video-preview":"max-video-preview:-1"},"canonical":"https:\/\/monita.es\/en\/arquitectura-textil\/tensoestructuras\/","og_locale":"en_US","og_type":"article","og_title":"Tenstructures - Textile architecture - MO\u00d1ITA","og_description":"In MO\u00d1ITA we have a variety of tensostructures that adapt to the textile architecture solutions your company needs. Ask us for a quote","og_url":"https:\/\/monita.es\/en\/arquitectura-textil\/tensoestructuras\/","og_site_name":"Venta de carpas en Madrid - MO\u00d1ITA","article_modified_time":"2019-05-14T15:14:21+00:00","og_image":[{"width":260,"height":270,"url":"https:\/\/monita.es\/wp-content\/uploads\/2014\/12\/toldo-monita-carpa-segunda-mano.jpg","type":"image\/jpeg"}],"twitter_misc":{"Est. reading time":"1 minute"},"schema":{"@context":"https:\/\/schema.org","@graph":[{"@type":"WebPage","@id":"https:\/\/monita.es\/en\/arquitectura-textil\/tensoestructuras\/","url":"https:\/\/monita.es\/en\/arquitectura-textil\/tensoestructuras\/","name":"Tenstructures - Textile architecture - MO\u00d1ITA","isPartOf":{"@id":"https:\/\/monita.es\/en\/#website"},"datePublished":"2014-12-17T21:21:02+00:00","dateModified":"2019-05-14T15:14:21+00:00","description":"In MO\u00d1ITA we have a variety of tensostructures that adapt to the textile architecture solutions your company needs. Ask us for a quote","breadcrumb":{"@id":"https:\/\/monita.es\/en\/arquitectura-textil\/tensoestructuras\/#breadcrumb"},"inLanguage":"en-US","potentialAction":[{"@type":"ReadAction","target":["https:\/\/monita.es\/en\/arquitectura-textil\/tensoestructuras\/"]}]},{"@type":"BreadcrumbList","@id":"https:\/\/monita.es\/en\/arquitectura-textil\/tensoestructuras\/#breadcrumb","itemListElement":[{"@type":"ListItem","position":1,"name":"Mo\u00f1ita","item":"https:\/\/monita.es\/en\/home-empresa\/"},{"@type":"ListItem","position":2,"name":"Experts in textile architecture","item":"https:\/\/monita.es\/en\/arquitectura-textil\/"},{"@type":"ListItem","position":3,"name":"Tensile structures"}]},{"@type":"WebSite","@id":"https:\/\/monita.es\/en\/#website","url":"https:\/\/monita.es\/en\/","name":"Venta de carpas en Madrid - MO\u00d1ITA","description":"MO\u00d1ITA es carpas, confecci\u00f3n de lonas para usos industriales, fachada textil, arquitectura textil y toldos. Dise\u00f1amos, proyectamos y creamos tu proyecto.","publisher":{"@id":"https:\/\/monita.es\/en\/#organization"},"potentialAction":[{"@type":"SearchAction","target":{"@type":"EntryPoint","urlTemplate":"https:\/\/monita.es\/en\/?s={search_term_string}"},"query-input":{"@type":"PropertyValueSpecification","valueRequired":true,"valueName":"search_term_string"}}],"inLanguage":"en-US"},{"@type":"Organization","@id":"https:\/\/monita.es\/en\/#organization","name":"Mo\u00f1ita","url":"https:\/\/monita.es\/en\/","logo":{"@type":"ImageObject","inLanguage":"en-US","@id":"https:\/\/monita.es\/en\/#\/schema\/logo\/image\/","url":"https:\/\/monita.es\/wp-content\/uploads\/cropped-cropped-logo-monita-1-neg.png","contentUrl":"https:\/\/monita.es\/wp-content\/uploads\/cropped-cropped-logo-monita-1-neg.png","width":785,"height":666,"caption":"Mo\u00f1ita"},"image":{"@id":"https:\/\/monita.es\/en\/#\/schema\/logo\/image\/"}}]}},"_links":{"self":[{"href":"https:\/\/monita.es\/en\/wp-json\/wp\/v2\/pages\/2700","targetHints":{"allow":["GET"]}}],"collection":[{"href":"https:\/\/monita.es\/en\/wp-json\/wp\/v2\/pages"}],"about":[{"href":"https:\/\/monita.es\/en\/wp-json\/wp\/v2\/types\/page"}],"author":[{"embeddable":true,"href":"https:\/\/monita.es\/en\/wp-json\/wp\/v2\/users\/2"}],"replies":[{"embeddable":true,"href":"https:\/\/monita.es\/en\/wp-json\/wp\/v2\/comments?post=2700"}],"version-history":[{"count":0,"href":"https:\/\/monita.es\/en\/wp-json\/wp\/v2\/pages\/2700\/revisions"}],"up":[{"embeddable":true,"href":"https:\/\/monita.es\/en\/wp-json\/wp\/v2\/pages\/2684"}],"wp:attachment":[{"href":"https:\/\/monita.es\/en\/wp-json\/wp\/v2\/media?parent=2700"}],"curies":[{"name":"wp","href":"https:\/\/api.w.org\/{rel}","templated":true}]}}