{"id":2698,"date":"2014-12-17T21:20:45","date_gmt":"2014-12-17T21:20:45","guid":{"rendered":"https:\/\/monita.es\/arquitectura-textil\/estructuras-tensadas\/"},"modified":"2019-06-06T14:54:47","modified_gmt":"2019-06-06T14:54:47","slug":"estructuras-tensadas","status":"publish","type":"page","link":"https:\/\/monita.es\/en\/arquitectura-textil\/estructuras-tensadas\/","title":{"rendered":"Tensile structures"},"content":{"rendered":"<p>Some of the most common construction elements in modern buildings are <strong>tensile structures.<\/strong> Due to the lightweight properties of their materials, the wide range of innovative shapes they can make, the beautiful aesthetics they provide and the bright conditions they create, these kinds of solutions inherent to the <strong>textile architecture<\/strong> we offer at <strong>MO\u00d1ITA<\/strong> make the following venues more eye-catching:<\/p>\n<ul>\n<li>Sports venues.<\/li>\n<li>Theme parks.<\/li>\n<li>Gardens.<\/li>\n<li>Restaurants.<\/li>\n<li>Educational institutions.<\/li>\n<li>Shopping centres.<\/li>\n<li>Meeting points in cities.<\/li>\n<li>All types of open spaces.<\/li>\n<\/ul>\n<p>The simplicity in their shapes and structure allows <strong>tensile structures<\/strong> to be easily and quickly installed. In addition, they offer advantages including: refreshing shade, protection against the rain and materials of a range of textures and hugely versatile colours.<\/p>\n<p>If you need further information on these types of structures, <a href=\"https:\/\/monita.es\/contacto-ubicacion\/?lang=en\">get in touch<\/a> with our team of advisers. We will be delighted to answer all your queries.<\/p>\n","protected":false},"excerpt":{"rendered":"<p>Some of the most common construction elements in modern buildings are tensile structures. Due to the lightweight properties of their materials, the wide range of innovative shapes they can make, the beautiful aesthetics they provide and the bright conditions they create, these kinds of solutions inherent to the textile architecture we offer at MO\u00d1ITA make &#8230; <a title=\"Tensile structures\" class=\"read-more\" href=\"https:\/\/monita.es\/en\/arquitectura-textil\/estructuras-tensadas\/\" aria-label=\"Read more about Tensile structures\">Leer m\u00e1s<\/a><\/p>\n","protected":false},"author":2,"featured_media":217,"parent":2684,"menu_order":6,"comment_status":"open","ping_status":"closed","template":"template-page-categorias-2.php","meta":{"footnotes":""},"class_list":["post-2698","page","type-page","status-publish","has-post-thumbnail"],"yoast_head":"<!-- This site is optimized with the Yoast SEO plugin v24.7 - https:\/\/yoast.com\/wordpress\/plugins\/seo\/ -->\n<title>Tenstructured structures - Textile architecture - MO\u00d1ITA<\/title>\n<meta name=\"description\" content=\"In MO\u00d1ITA we have the stretched structures that best adapt to the conditions of your establishment. Ask us for a budget without commitment\" \/>\n<meta name=\"robots\" content=\"noindex, follow\" \/>\n<meta property=\"og:locale\" content=\"en_US\" \/>\n<meta property=\"og:type\" content=\"article\" \/>\n<meta property=\"og:title\" content=\"Tenstructured structures - Textile architecture - MO\u00d1ITA\" \/>\n<meta property=\"og:description\" content=\"In MO\u00d1ITA we have the stretched structures that best adapt to the conditions of your establishment. Ask us for a budget without commitment\" \/>\n<meta property=\"og:url\" content=\"https:\/\/monita.es\/en\/arquitectura-textil\/estructuras-tensadas\/\" \/>\n<meta property=\"og:site_name\" content=\"Venta de carpas en Madrid - MO\u00d1ITA\" \/>\n<meta property=\"article:modified_time\" content=\"2019-06-06T14:54:47+00:00\" \/>\n<meta property=\"og:image\" content=\"https:\/\/monita.es\/wp-content\/uploads\/2014\/12\/toldos-monita-contacto.jpg\" \/>\n\t<meta property=\"og:image:width\" content=\"256\" \/>\n\t<meta property=\"og:image:height\" content=\"271\" \/>\n\t<meta property=\"og:image:type\" content=\"image\/jpeg\" \/>\n<meta name=\"twitter:label1\" content=\"Est. reading time\" \/>\n\t<meta name=\"twitter:data1\" content=\"1 minute\" \/>\n<script type=\"application\/ld+json\" class=\"yoast-schema-graph\">{\"@context\":\"https:\/\/schema.org\",\"@graph\":[{\"@type\":\"WebPage\",\"@id\":\"https:\/\/monita.es\/en\/arquitectura-textil\/estructuras-tensadas\/\",\"url\":\"https:\/\/monita.es\/en\/arquitectura-textil\/estructuras-tensadas\/\",\"name\":\"Tenstructured structures - Textile architecture - MO\u00d1ITA\",\"isPartOf\":{\"@id\":\"https:\/\/monita.es\/en\/#website\"},\"primaryImageOfPage\":{\"@id\":\"https:\/\/monita.es\/en\/arquitectura-textil\/estructuras-tensadas\/#primaryimage\"},\"image\":{\"@id\":\"https:\/\/monita.es\/en\/arquitectura-textil\/estructuras-tensadas\/#primaryimage\"},\"thumbnailUrl\":\"https:\/\/monita.es\/wp-content\/uploads\/2014\/12\/toldos-monita-contacto.jpg\",\"datePublished\":\"2014-12-17T21:20:45+00:00\",\"dateModified\":\"2019-06-06T14:54:47+00:00\",\"description\":\"In MO\u00d1ITA we have the stretched structures that best adapt to the conditions of your establishment. Ask us for a budget without commitment\",\"breadcrumb\":{\"@id\":\"https:\/\/monita.es\/en\/arquitectura-textil\/estructuras-tensadas\/#breadcrumb\"},\"inLanguage\":\"en-US\",\"potentialAction\":[{\"@type\":\"ReadAction\",\"target\":[\"https:\/\/monita.es\/en\/arquitectura-textil\/estructuras-tensadas\/\"]}]},{\"@type\":\"ImageObject\",\"inLanguage\":\"en-US\",\"@id\":\"https:\/\/monita.es\/en\/arquitectura-textil\/estructuras-tensadas\/#primaryimage\",\"url\":\"https:\/\/monita.es\/wp-content\/uploads\/2014\/12\/toldos-monita-contacto.jpg\",\"contentUrl\":\"https:\/\/monita.es\/wp-content\/uploads\/2014\/12\/toldos-monita-contacto.jpg\",\"width\":256,\"height\":271,\"caption\":\"MO\u00d1ITA estructuras para eventos\"},{\"@type\":\"BreadcrumbList\",\"@id\":\"https:\/\/monita.es\/en\/arquitectura-textil\/estructuras-tensadas\/#breadcrumb\",\"itemListElement\":[{\"@type\":\"ListItem\",\"position\":1,\"name\":\"Mo\u00f1ita\",\"item\":\"https:\/\/monita.es\/en\/home-empresa\/\"},{\"@type\":\"ListItem\",\"position\":2,\"name\":\"Experts in textile architecture\",\"item\":\"https:\/\/monita.es\/en\/arquitectura-textil\/\"},{\"@type\":\"ListItem\",\"position\":3,\"name\":\"Tensile structures\"}]},{\"@type\":\"WebSite\",\"@id\":\"https:\/\/monita.es\/en\/#website\",\"url\":\"https:\/\/monita.es\/en\/\",\"name\":\"Venta de carpas en Madrid - MO\u00d1ITA\",\"description\":\"MO\u00d1ITA es carpas, confecci\u00f3n de lonas para usos industriales, fachada textil, arquitectura textil y toldos. Dise\u00f1amos, proyectamos y creamos tu proyecto.\",\"publisher\":{\"@id\":\"https:\/\/monita.es\/en\/#organization\"},\"potentialAction\":[{\"@type\":\"SearchAction\",\"target\":{\"@type\":\"EntryPoint\",\"urlTemplate\":\"https:\/\/monita.es\/en\/?s={search_term_string}\"},\"query-input\":{\"@type\":\"PropertyValueSpecification\",\"valueRequired\":true,\"valueName\":\"search_term_string\"}}],\"inLanguage\":\"en-US\"},{\"@type\":\"Organization\",\"@id\":\"https:\/\/monita.es\/en\/#organization\",\"name\":\"Mo\u00f1ita\",\"url\":\"https:\/\/monita.es\/en\/\",\"logo\":{\"@type\":\"ImageObject\",\"inLanguage\":\"en-US\",\"@id\":\"https:\/\/monita.es\/en\/#\/schema\/logo\/image\/\",\"url\":\"https:\/\/monita.es\/wp-content\/uploads\/cropped-cropped-logo-monita-1-neg.png\",\"contentUrl\":\"https:\/\/monita.es\/wp-content\/uploads\/cropped-cropped-logo-monita-1-neg.png\",\"width\":785,\"height\":666,\"caption\":\"Mo\u00f1ita\"},\"image\":{\"@id\":\"https:\/\/monita.es\/en\/#\/schema\/logo\/image\/\"}}]}<\/script>\n<!-- \/ Yoast SEO plugin. -->","yoast_head_json":{"title":"Tenstructured structures - Textile architecture - MO\u00d1ITA","description":"In MO\u00d1ITA we have the stretched structures that best adapt to the conditions of your establishment. Ask us for a budget without commitment","robots":{"index":"noindex","follow":"follow"},"og_locale":"en_US","og_type":"article","og_title":"Tenstructured structures - Textile architecture - MO\u00d1ITA","og_description":"In MO\u00d1ITA we have the stretched structures that best adapt to the conditions of your establishment. Ask us for a budget without commitment","og_url":"https:\/\/monita.es\/en\/arquitectura-textil\/estructuras-tensadas\/","og_site_name":"Venta de carpas en Madrid - MO\u00d1ITA","article_modified_time":"2019-06-06T14:54:47+00:00","og_image":[{"width":256,"height":271,"url":"https:\/\/monita.es\/wp-content\/uploads\/2014\/12\/toldos-monita-contacto.jpg","type":"image\/jpeg"}],"twitter_misc":{"Est. reading time":"1 minute"},"schema":{"@context":"https:\/\/schema.org","@graph":[{"@type":"WebPage","@id":"https:\/\/monita.es\/en\/arquitectura-textil\/estructuras-tensadas\/","url":"https:\/\/monita.es\/en\/arquitectura-textil\/estructuras-tensadas\/","name":"Tenstructured structures - Textile architecture - MO\u00d1ITA","isPartOf":{"@id":"https:\/\/monita.es\/en\/#website"},"primaryImageOfPage":{"@id":"https:\/\/monita.es\/en\/arquitectura-textil\/estructuras-tensadas\/#primaryimage"},"image":{"@id":"https:\/\/monita.es\/en\/arquitectura-textil\/estructuras-tensadas\/#primaryimage"},"thumbnailUrl":"https:\/\/monita.es\/wp-content\/uploads\/2014\/12\/toldos-monita-contacto.jpg","datePublished":"2014-12-17T21:20:45+00:00","dateModified":"2019-06-06T14:54:47+00:00","description":"In MO\u00d1ITA we have the stretched structures that best adapt to the conditions of your establishment. Ask us for a budget without commitment","breadcrumb":{"@id":"https:\/\/monita.es\/en\/arquitectura-textil\/estructuras-tensadas\/#breadcrumb"},"inLanguage":"en-US","potentialAction":[{"@type":"ReadAction","target":["https:\/\/monita.es\/en\/arquitectura-textil\/estructuras-tensadas\/"]}]},{"@type":"ImageObject","inLanguage":"en-US","@id":"https:\/\/monita.es\/en\/arquitectura-textil\/estructuras-tensadas\/#primaryimage","url":"https:\/\/monita.es\/wp-content\/uploads\/2014\/12\/toldos-monita-contacto.jpg","contentUrl":"https:\/\/monita.es\/wp-content\/uploads\/2014\/12\/toldos-monita-contacto.jpg","width":256,"height":271,"caption":"MO\u00d1ITA estructuras para eventos"},{"@type":"BreadcrumbList","@id":"https:\/\/monita.es\/en\/arquitectura-textil\/estructuras-tensadas\/#breadcrumb","itemListElement":[{"@type":"ListItem","position":1,"name":"Mo\u00f1ita","item":"https:\/\/monita.es\/en\/home-empresa\/"},{"@type":"ListItem","position":2,"name":"Experts in textile architecture","item":"https:\/\/monita.es\/en\/arquitectura-textil\/"},{"@type":"ListItem","position":3,"name":"Tensile structures"}]},{"@type":"WebSite","@id":"https:\/\/monita.es\/en\/#website","url":"https:\/\/monita.es\/en\/","name":"Venta de carpas en Madrid - MO\u00d1ITA","description":"MO\u00d1ITA es carpas, confecci\u00f3n de lonas para usos industriales, fachada textil, arquitectura textil y toldos. Dise\u00f1amos, proyectamos y creamos tu proyecto.","publisher":{"@id":"https:\/\/monita.es\/en\/#organization"},"potentialAction":[{"@type":"SearchAction","target":{"@type":"EntryPoint","urlTemplate":"https:\/\/monita.es\/en\/?s={search_term_string}"},"query-input":{"@type":"PropertyValueSpecification","valueRequired":true,"valueName":"search_term_string"}}],"inLanguage":"en-US"},{"@type":"Organization","@id":"https:\/\/monita.es\/en\/#organization","name":"Mo\u00f1ita","url":"https:\/\/monita.es\/en\/","logo":{"@type":"ImageObject","inLanguage":"en-US","@id":"https:\/\/monita.es\/en\/#\/schema\/logo\/image\/","url":"https:\/\/monita.es\/wp-content\/uploads\/cropped-cropped-logo-monita-1-neg.png","contentUrl":"https:\/\/monita.es\/wp-content\/uploads\/cropped-cropped-logo-monita-1-neg.png","width":785,"height":666,"caption":"Mo\u00f1ita"},"image":{"@id":"https:\/\/monita.es\/en\/#\/schema\/logo\/image\/"}}]}},"_links":{"self":[{"href":"https:\/\/monita.es\/en\/wp-json\/wp\/v2\/pages\/2698","targetHints":{"allow":["GET"]}}],"collection":[{"href":"https:\/\/monita.es\/en\/wp-json\/wp\/v2\/pages"}],"about":[{"href":"https:\/\/monita.es\/en\/wp-json\/wp\/v2\/types\/page"}],"author":[{"embeddable":true,"href":"https:\/\/monita.es\/en\/wp-json\/wp\/v2\/users\/2"}],"replies":[{"embeddable":true,"href":"https:\/\/monita.es\/en\/wp-json\/wp\/v2\/comments?post=2698"}],"version-history":[{"count":0,"href":"https:\/\/monita.es\/en\/wp-json\/wp\/v2\/pages\/2698\/revisions"}],"up":[{"embeddable":true,"href":"https:\/\/monita.es\/en\/wp-json\/wp\/v2\/pages\/2684"}],"wp:featuredmedia":[{"embeddable":true,"href":"https:\/\/monita.es\/en\/wp-json\/wp\/v2\/media\/217"}],"wp:attachment":[{"href":"https:\/\/monita.es\/en\/wp-json\/wp\/v2\/media?parent=2698"}],"curies":[{"name":"wp","href":"https:\/\/api.w.org\/{rel}","templated":true}]}}