{"id":2696,"date":"2014-12-17T21:20:30","date_gmt":"2014-12-17T21:20:30","guid":{"rendered":"https:\/\/monita.es\/arquitectura-textil\/arquitectura-efimera\/"},"modified":"2019-06-06T14:58:31","modified_gmt":"2019-06-06T14:58:31","slug":"arquitectura-efimera","status":"publish","type":"page","link":"https:\/\/monita.es\/en\/arquitectura-textil\/arquitectura-efimera\/","title":{"rendered":"Temporary architecture"},"content":{"rendered":"<p>The <strong>temporary architecture<\/strong> service we offer at <strong>MO\u00d1ITA<\/strong> entails the manufacturing, design and assembly of products for fairs, conventions, congresses, exhibitions, concerts and markets, etc., including:<\/p>\n<ul>\n<li><em>Stands<\/em>.<\/li>\n<li><em>Show rooms.<\/em><\/li>\n<li>Pre-fabricated modular constructions.<\/li>\n<li>Special lightweight lattice structures.<\/li>\n<li>Signposts.<\/li>\n<\/ul>\n<p>We make high-quality <a href=\"https:\/\/monita.es\/arquitectura-textil\/arquitectura-ligera\/?lang=en\"><strong>lightweight architecture<\/strong><\/a> and <a href=\"https:\/\/monita.es\/arquitectura-textil\/estructuras-tensadas\/?lang=en\"><strong>tensile structures<\/strong><\/a> that are ideal for their simple installation, low costs and other benefits including:<\/p>\n<ul>\n<li>Quickly manufactured and assembled.<\/li>\n<li>Recyclable materials that are easy to disassemble.<\/li>\n<li>Great capacity to adapt to the image that wants to be conveyed.<\/li>\n<li>Brighten up and make the event or activity more eye-catching.<\/li>\n<li>Refurbishment or remodelling of interior spaces.<\/li>\n<li>Installation of permanent and temporary structures or displays.<\/li>\n<li>Variety of options for the design and manufacturing of commercial fittings.<\/li>\n<li>Unique touch to the fair, workshop or activity organised by your company.<\/li>\n<\/ul>\n<p>Send us an email to: <a href=\"mailto:info@toldosmonita.com\"><strong>info@toldosmonita.com<\/strong><\/a>, requesting information and a quote for the <strong>temporary architecture<\/strong> that best suits your needs.<\/p>\n","protected":false},"excerpt":{"rendered":"<p>The temporary architecture service we offer at MO\u00d1ITA entails the manufacturing, design and assembly of products for fairs, conventions, congresses, exhibitions, concerts and markets, etc., including: Stands. Show rooms. Pre-fabricated modular constructions. Special lightweight lattice structures. Signposts. We make high-quality lightweight architecture and tensile structures that are ideal for their simple installation, low costs and &#8230; <a title=\"Temporary architecture\" class=\"read-more\" href=\"https:\/\/monita.es\/en\/arquitectura-textil\/arquitectura-efimera\/\" aria-label=\"Read more about Temporary architecture\">Leer m\u00e1s<\/a><\/p>\n","protected":false},"author":2,"featured_media":491,"parent":2684,"menu_order":5,"comment_status":"open","ping_status":"closed","template":"template-page-categorias-2.php","meta":{"footnotes":""},"class_list":["post-2696","page","type-page","status-publish","has-post-thumbnail"],"yoast_head":"<!-- This site is optimized with the Yoast SEO plugin v24.7 - https:\/\/yoast.com\/wordpress\/plugins\/seo\/ -->\n<title>Ephemeral architecture - Textile architecture - MO\u00d1ITA<\/title>\n<meta name=\"description\" content=\"Find in MO\u00d1ITA an ephemeral architecture service at the height of your imagination. Write us to request more information\" \/>\n<meta name=\"robots\" content=\"index, follow, max-snippet:-1, max-image-preview:large, max-video-preview:-1\" \/>\n<link rel=\"canonical\" href=\"https:\/\/monita.es\/en\/arquitectura-textil\/arquitectura-efimera\/\" \/>\n<meta property=\"og:locale\" content=\"en_US\" \/>\n<meta property=\"og:type\" content=\"article\" \/>\n<meta property=\"og:title\" content=\"Ephemeral architecture - Textile architecture - MO\u00d1ITA\" \/>\n<meta property=\"og:description\" content=\"Find in MO\u00d1ITA an ephemeral architecture service at the height of your imagination. Write us to request more information\" \/>\n<meta property=\"og:url\" content=\"https:\/\/monita.es\/en\/arquitectura-textil\/arquitectura-efimera\/\" \/>\n<meta property=\"og:site_name\" content=\"Venta de carpas en Madrid - MO\u00d1ITA\" \/>\n<meta property=\"article:modified_time\" content=\"2019-06-06T14:58:31+00:00\" \/>\n<meta property=\"og:image\" content=\"https:\/\/monita.es\/wp-content\/uploads\/2014\/12\/toldos-monita-aside-accesorios-temporales.jpg\" \/>\n\t<meta property=\"og:image:width\" content=\"260\" \/>\n\t<meta property=\"og:image:height\" content=\"270\" \/>\n\t<meta property=\"og:image:type\" content=\"image\/jpeg\" \/>\n<meta name=\"twitter:label1\" content=\"Est. reading time\" \/>\n\t<meta name=\"twitter:data1\" content=\"1 minute\" \/>\n<script type=\"application\/ld+json\" class=\"yoast-schema-graph\">{\"@context\":\"https:\/\/schema.org\",\"@graph\":[{\"@type\":\"WebPage\",\"@id\":\"https:\/\/monita.es\/en\/arquitectura-textil\/arquitectura-efimera\/\",\"url\":\"https:\/\/monita.es\/en\/arquitectura-textil\/arquitectura-efimera\/\",\"name\":\"Ephemeral architecture - Textile architecture - MO\u00d1ITA\",\"isPartOf\":{\"@id\":\"https:\/\/monita.es\/en\/#website\"},\"primaryImageOfPage\":{\"@id\":\"https:\/\/monita.es\/en\/arquitectura-textil\/arquitectura-efimera\/#primaryimage\"},\"image\":{\"@id\":\"https:\/\/monita.es\/en\/arquitectura-textil\/arquitectura-efimera\/#primaryimage\"},\"thumbnailUrl\":\"https:\/\/monita.es\/wp-content\/uploads\/2014\/12\/toldos-monita-aside-accesorios-temporales.jpg\",\"datePublished\":\"2014-12-17T21:20:30+00:00\",\"dateModified\":\"2019-06-06T14:58:31+00:00\",\"description\":\"Find in MO\u00d1ITA an ephemeral architecture service at the height of your imagination. Write us to request more information\",\"breadcrumb\":{\"@id\":\"https:\/\/monita.es\/en\/arquitectura-textil\/arquitectura-efimera\/#breadcrumb\"},\"inLanguage\":\"en-US\",\"potentialAction\":[{\"@type\":\"ReadAction\",\"target\":[\"https:\/\/monita.es\/en\/arquitectura-textil\/arquitectura-efimera\/\"]}]},{\"@type\":\"ImageObject\",\"inLanguage\":\"en-US\",\"@id\":\"https:\/\/monita.es\/en\/arquitectura-textil\/arquitectura-efimera\/#primaryimage\",\"url\":\"https:\/\/monita.es\/wp-content\/uploads\/2014\/12\/toldos-monita-aside-accesorios-temporales.jpg\",\"contentUrl\":\"https:\/\/monita.es\/wp-content\/uploads\/2014\/12\/toldos-monita-aside-accesorios-temporales.jpg\",\"width\":260,\"height\":270,\"caption\":\"MO\u00d1ITA accesorios para carpas\"},{\"@type\":\"BreadcrumbList\",\"@id\":\"https:\/\/monita.es\/en\/arquitectura-textil\/arquitectura-efimera\/#breadcrumb\",\"itemListElement\":[{\"@type\":\"ListItem\",\"position\":1,\"name\":\"Mo\u00f1ita\",\"item\":\"https:\/\/monita.es\/en\/home-empresa\/\"},{\"@type\":\"ListItem\",\"position\":2,\"name\":\"Experts in textile architecture\",\"item\":\"https:\/\/monita.es\/en\/arquitectura-textil\/\"},{\"@type\":\"ListItem\",\"position\":3,\"name\":\"Temporary architecture\"}]},{\"@type\":\"WebSite\",\"@id\":\"https:\/\/monita.es\/en\/#website\",\"url\":\"https:\/\/monita.es\/en\/\",\"name\":\"Venta de carpas en Madrid - MO\u00d1ITA\",\"description\":\"MO\u00d1ITA es carpas, confecci\u00f3n de lonas para usos industriales, fachada textil, arquitectura textil y toldos. Dise\u00f1amos, proyectamos y creamos tu proyecto.\",\"publisher\":{\"@id\":\"https:\/\/monita.es\/en\/#organization\"},\"potentialAction\":[{\"@type\":\"SearchAction\",\"target\":{\"@type\":\"EntryPoint\",\"urlTemplate\":\"https:\/\/monita.es\/en\/?s={search_term_string}\"},\"query-input\":{\"@type\":\"PropertyValueSpecification\",\"valueRequired\":true,\"valueName\":\"search_term_string\"}}],\"inLanguage\":\"en-US\"},{\"@type\":\"Organization\",\"@id\":\"https:\/\/monita.es\/en\/#organization\",\"name\":\"Mo\u00f1ita\",\"url\":\"https:\/\/monita.es\/en\/\",\"logo\":{\"@type\":\"ImageObject\",\"inLanguage\":\"en-US\",\"@id\":\"https:\/\/monita.es\/en\/#\/schema\/logo\/image\/\",\"url\":\"https:\/\/monita.es\/wp-content\/uploads\/cropped-cropped-logo-monita-1-neg.png\",\"contentUrl\":\"https:\/\/monita.es\/wp-content\/uploads\/cropped-cropped-logo-monita-1-neg.png\",\"width\":785,\"height\":666,\"caption\":\"Mo\u00f1ita\"},\"image\":{\"@id\":\"https:\/\/monita.es\/en\/#\/schema\/logo\/image\/\"}}]}<\/script>\n<!-- \/ Yoast SEO plugin. -->","yoast_head_json":{"title":"Ephemeral architecture - Textile architecture - MO\u00d1ITA","description":"Find in MO\u00d1ITA an ephemeral architecture service at the height of your imagination. Write us to request more information","robots":{"index":"index","follow":"follow","max-snippet":"max-snippet:-1","max-image-preview":"max-image-preview:large","max-video-preview":"max-video-preview:-1"},"canonical":"https:\/\/monita.es\/en\/arquitectura-textil\/arquitectura-efimera\/","og_locale":"en_US","og_type":"article","og_title":"Ephemeral architecture - Textile architecture - MO\u00d1ITA","og_description":"Find in MO\u00d1ITA an ephemeral architecture service at the height of your imagination. Write us to request more information","og_url":"https:\/\/monita.es\/en\/arquitectura-textil\/arquitectura-efimera\/","og_site_name":"Venta de carpas en Madrid - MO\u00d1ITA","article_modified_time":"2019-06-06T14:58:31+00:00","og_image":[{"width":260,"height":270,"url":"https:\/\/monita.es\/wp-content\/uploads\/2014\/12\/toldos-monita-aside-accesorios-temporales.jpg","type":"image\/jpeg"}],"twitter_misc":{"Est. reading time":"1 minute"},"schema":{"@context":"https:\/\/schema.org","@graph":[{"@type":"WebPage","@id":"https:\/\/monita.es\/en\/arquitectura-textil\/arquitectura-efimera\/","url":"https:\/\/monita.es\/en\/arquitectura-textil\/arquitectura-efimera\/","name":"Ephemeral architecture - Textile architecture - MO\u00d1ITA","isPartOf":{"@id":"https:\/\/monita.es\/en\/#website"},"primaryImageOfPage":{"@id":"https:\/\/monita.es\/en\/arquitectura-textil\/arquitectura-efimera\/#primaryimage"},"image":{"@id":"https:\/\/monita.es\/en\/arquitectura-textil\/arquitectura-efimera\/#primaryimage"},"thumbnailUrl":"https:\/\/monita.es\/wp-content\/uploads\/2014\/12\/toldos-monita-aside-accesorios-temporales.jpg","datePublished":"2014-12-17T21:20:30+00:00","dateModified":"2019-06-06T14:58:31+00:00","description":"Find in MO\u00d1ITA an ephemeral architecture service at the height of your imagination. Write us to request more information","breadcrumb":{"@id":"https:\/\/monita.es\/en\/arquitectura-textil\/arquitectura-efimera\/#breadcrumb"},"inLanguage":"en-US","potentialAction":[{"@type":"ReadAction","target":["https:\/\/monita.es\/en\/arquitectura-textil\/arquitectura-efimera\/"]}]},{"@type":"ImageObject","inLanguage":"en-US","@id":"https:\/\/monita.es\/en\/arquitectura-textil\/arquitectura-efimera\/#primaryimage","url":"https:\/\/monita.es\/wp-content\/uploads\/2014\/12\/toldos-monita-aside-accesorios-temporales.jpg","contentUrl":"https:\/\/monita.es\/wp-content\/uploads\/2014\/12\/toldos-monita-aside-accesorios-temporales.jpg","width":260,"height":270,"caption":"MO\u00d1ITA accesorios para carpas"},{"@type":"BreadcrumbList","@id":"https:\/\/monita.es\/en\/arquitectura-textil\/arquitectura-efimera\/#breadcrumb","itemListElement":[{"@type":"ListItem","position":1,"name":"Mo\u00f1ita","item":"https:\/\/monita.es\/en\/home-empresa\/"},{"@type":"ListItem","position":2,"name":"Experts in textile architecture","item":"https:\/\/monita.es\/en\/arquitectura-textil\/"},{"@type":"ListItem","position":3,"name":"Temporary architecture"}]},{"@type":"WebSite","@id":"https:\/\/monita.es\/en\/#website","url":"https:\/\/monita.es\/en\/","name":"Venta de carpas en Madrid - MO\u00d1ITA","description":"MO\u00d1ITA es carpas, confecci\u00f3n de lonas para usos industriales, fachada textil, arquitectura textil y toldos. Dise\u00f1amos, proyectamos y creamos tu proyecto.","publisher":{"@id":"https:\/\/monita.es\/en\/#organization"},"potentialAction":[{"@type":"SearchAction","target":{"@type":"EntryPoint","urlTemplate":"https:\/\/monita.es\/en\/?s={search_term_string}"},"query-input":{"@type":"PropertyValueSpecification","valueRequired":true,"valueName":"search_term_string"}}],"inLanguage":"en-US"},{"@type":"Organization","@id":"https:\/\/monita.es\/en\/#organization","name":"Mo\u00f1ita","url":"https:\/\/monita.es\/en\/","logo":{"@type":"ImageObject","inLanguage":"en-US","@id":"https:\/\/monita.es\/en\/#\/schema\/logo\/image\/","url":"https:\/\/monita.es\/wp-content\/uploads\/cropped-cropped-logo-monita-1-neg.png","contentUrl":"https:\/\/monita.es\/wp-content\/uploads\/cropped-cropped-logo-monita-1-neg.png","width":785,"height":666,"caption":"Mo\u00f1ita"},"image":{"@id":"https:\/\/monita.es\/en\/#\/schema\/logo\/image\/"}}]}},"_links":{"self":[{"href":"https:\/\/monita.es\/en\/wp-json\/wp\/v2\/pages\/2696","targetHints":{"allow":["GET"]}}],"collection":[{"href":"https:\/\/monita.es\/en\/wp-json\/wp\/v2\/pages"}],"about":[{"href":"https:\/\/monita.es\/en\/wp-json\/wp\/v2\/types\/page"}],"author":[{"embeddable":true,"href":"https:\/\/monita.es\/en\/wp-json\/wp\/v2\/users\/2"}],"replies":[{"embeddable":true,"href":"https:\/\/monita.es\/en\/wp-json\/wp\/v2\/comments?post=2696"}],"version-history":[{"count":0,"href":"https:\/\/monita.es\/en\/wp-json\/wp\/v2\/pages\/2696\/revisions"}],"up":[{"embeddable":true,"href":"https:\/\/monita.es\/en\/wp-json\/wp\/v2\/pages\/2684"}],"wp:featuredmedia":[{"embeddable":true,"href":"https:\/\/monita.es\/en\/wp-json\/wp\/v2\/media\/491"}],"wp:attachment":[{"href":"https:\/\/monita.es\/en\/wp-json\/wp\/v2\/media?parent=2696"}],"curies":[{"name":"wp","href":"https:\/\/api.w.org\/{rel}","templated":true}]}}