{"id":2678,"date":"2014-12-17T20:50:54","date_gmt":"2014-12-17T20:50:54","guid":{"rendered":"https:\/\/monita.es\/carpas\/comprar-carpas\/"},"modified":"2019-06-20T13:49:21","modified_gmt":"2019-06-20T13:49:21","slug":"comprar-carpas","status":"publish","type":"page","link":"https:\/\/monita.es\/en\/carpas\/comprar-carpas\/","title":{"rendered":"Buying marquees"},"content":{"rendered":"<p>Visit <strong>MO\u00d1ITA <\/strong>to <strong>buy top quality marquees<\/strong>. Our shop displays a wide variety of products that stand out for their versatility, lightweight design and materials.<\/p>\n<h2>Why buy marquees<\/h2>\n<p>Our <a href=\"https:\/\/monita.es\/carpas\/carpas-industriales\/?lang=en\"><strong>industrial marquees<\/strong><\/a> are a fast and affordable option for creating spaces in events such as: social gatherings, graduations, weddings, parties, communions, etc. You can expect solid and secure structures, with maximum performance, flawless finishes, striking colours, appealing shapes and fantastic quality. Choose from our products:<\/p>\n<ul>\n<li><a href=\"https:\/\/monita.es\/carpas\/almacenes-temporales\/?lang=en\">Temporary warehouses<\/a>.<\/li>\n<li><a href=\"https:\/\/monita.es\/carpas\/carpas-para-actividades-deportivas\/?lang=en\">Marquees for sporting activities<\/a>.<\/li>\n<li><a href=\"https:\/\/monita.es\/carpas\/carpas-de-segunda-mano\/?lang=en\">Second-hand marquees<\/a>.<\/li>\n<li><a href=\"https:\/\/monita.es\/carpas\/accesorios-para-carpas\/?lang=en\">Accessories for marquees<\/a>.<\/li>\n<li><a href=\"https:\/\/monita.es\/carpas\/carpas-para-eventos\/?lang=en\">Marquees for events<\/a>.<\/li>\n<li><a href=\"https:\/\/monita.es\/carpas\/jaimas\/?lang=en\">Bedouin tents<\/a>.<\/li>\n<\/ul>\n<p><strong>Buying marquees<\/strong> is the best solution for long-term and even permanent use, with the benefit of an easy and fast disassembly if needed. What&#8217;s more, owning a <strong>marquee<\/strong> gives you free reign when it comes to personalising it, not only in terms of measurements and models, but also combinations such as colours, lettering and accessories.<\/p>\n<p>Are you thinking about <strong>buying a marquee<\/strong>? Call us on <strong>916 708 182 <\/strong>to find out more about the <strong>marquees<\/strong> we sell at <strong>MO\u00d1ITA<\/strong>.<\/p>\n","protected":false},"excerpt":{"rendered":"<p>Visit MO\u00d1ITA to buy top quality marquees. Our shop displays a wide variety of products that stand out for their versatility, lightweight design and materials. Why buy marquees Our industrial marquees are a fast and affordable option for creating spaces in events such as: social gatherings, graduations, weddings, parties, communions, etc. You can expect solid &#8230; <a title=\"Buying marquees\" class=\"read-more\" href=\"https:\/\/monita.es\/en\/carpas\/comprar-carpas\/\" aria-label=\"Read more about Buying marquees\">Leer m\u00e1s<\/a><\/p>\n","protected":false},"author":2,"featured_media":489,"parent":2641,"menu_order":13,"comment_status":"open","ping_status":"closed","template":"template-page-interna.php","meta":{"footnotes":""},"class_list":["post-2678","page","type-page","status-publish","has-post-thumbnail"],"yoast_head":"<!-- This site is optimized with the Yoast SEO plugin v24.7 - https:\/\/yoast.com\/wordpress\/plugins\/seo\/ -->\n<title>Buy tents - Tents - MO\u00d1ITA Visit us<\/title>\n<meta name=\"description\" content=\"At MO\u00d1ITA we are positioned as leaders in our sector. Visit us to buy tents at a good price and with full guarantee\" \/>\n<meta name=\"robots\" content=\"index, follow, max-snippet:-1, max-image-preview:large, max-video-preview:-1\" \/>\n<link rel=\"canonical\" href=\"https:\/\/monita.es\/en\/carpas\/comprar-carpas\/\" \/>\n<meta property=\"og:locale\" content=\"en_US\" \/>\n<meta property=\"og:type\" content=\"article\" \/>\n<meta property=\"og:title\" content=\"Buy tents - Tents - MO\u00d1ITA Visit us\" \/>\n<meta property=\"og:description\" content=\"At MO\u00d1ITA we are positioned as leaders in our sector. Visit us to buy tents at a good price and with full guarantee\" \/>\n<meta property=\"og:url\" content=\"https:\/\/monita.es\/en\/carpas\/comprar-carpas\/\" \/>\n<meta property=\"og:site_name\" content=\"Venta de carpas en Madrid - MO\u00d1ITA\" \/>\n<meta property=\"article:modified_time\" content=\"2019-06-20T13:49:21+00:00\" \/>\n<meta property=\"og:image\" content=\"https:\/\/monita.es\/wp-content\/uploads\/2014\/12\/toldos-monita-almacenes-temporales.jpg\" \/>\n\t<meta property=\"og:image:width\" content=\"260\" \/>\n\t<meta property=\"og:image:height\" content=\"270\" \/>\n\t<meta property=\"og:image:type\" content=\"image\/jpeg\" \/>\n<meta name=\"twitter:label1\" content=\"Est. reading time\" \/>\n\t<meta name=\"twitter:data1\" content=\"1 minute\" \/>\n<script type=\"application\/ld+json\" class=\"yoast-schema-graph\">{\"@context\":\"https:\/\/schema.org\",\"@graph\":[{\"@type\":\"WebPage\",\"@id\":\"https:\/\/monita.es\/en\/carpas\/comprar-carpas\/\",\"url\":\"https:\/\/monita.es\/en\/carpas\/comprar-carpas\/\",\"name\":\"Buy tents - Tents - MO\u00d1ITA Visit us\",\"isPartOf\":{\"@id\":\"https:\/\/monita.es\/en\/#website\"},\"primaryImageOfPage\":{\"@id\":\"https:\/\/monita.es\/en\/carpas\/comprar-carpas\/#primaryimage\"},\"image\":{\"@id\":\"https:\/\/monita.es\/en\/carpas\/comprar-carpas\/#primaryimage\"},\"thumbnailUrl\":\"https:\/\/monita.es\/wp-content\/uploads\/2014\/12\/toldos-monita-almacenes-temporales.jpg\",\"datePublished\":\"2014-12-17T20:50:54+00:00\",\"dateModified\":\"2019-06-20T13:49:21+00:00\",\"description\":\"At MO\u00d1ITA we are positioned as leaders in our sector. Visit us to buy tents at a good price and with full guarantee\",\"breadcrumb\":{\"@id\":\"https:\/\/monita.es\/en\/carpas\/comprar-carpas\/#breadcrumb\"},\"inLanguage\":\"en-US\",\"potentialAction\":[{\"@type\":\"ReadAction\",\"target\":[\"https:\/\/monita.es\/en\/carpas\/comprar-carpas\/\"]}]},{\"@type\":\"ImageObject\",\"inLanguage\":\"en-US\",\"@id\":\"https:\/\/monita.es\/en\/carpas\/comprar-carpas\/#primaryimage\",\"url\":\"https:\/\/monita.es\/wp-content\/uploads\/2014\/12\/toldos-monita-almacenes-temporales.jpg\",\"contentUrl\":\"https:\/\/monita.es\/wp-content\/uploads\/2014\/12\/toldos-monita-almacenes-temporales.jpg\",\"width\":260,\"height\":270,\"caption\":\"MO\u00d1ITA almacenes temporales\"},{\"@type\":\"BreadcrumbList\",\"@id\":\"https:\/\/monita.es\/en\/carpas\/comprar-carpas\/#breadcrumb\",\"itemListElement\":[{\"@type\":\"ListItem\",\"position\":1,\"name\":\"Mo\u00f1ita\",\"item\":\"https:\/\/monita.es\/en\/home-empresa\/\"},{\"@type\":\"ListItem\",\"position\":2,\"name\":\"Marquees\",\"item\":\"https:\/\/monita.es\/en\/carpas\/\"},{\"@type\":\"ListItem\",\"position\":3,\"name\":\"Buying marquees\"}]},{\"@type\":\"WebSite\",\"@id\":\"https:\/\/monita.es\/en\/#website\",\"url\":\"https:\/\/monita.es\/en\/\",\"name\":\"Venta de carpas en Madrid - MO\u00d1ITA\",\"description\":\"MO\u00d1ITA es carpas, confecci\u00f3n de lonas para usos industriales, fachada textil, arquitectura textil y toldos. Dise\u00f1amos, proyectamos y creamos tu proyecto.\",\"publisher\":{\"@id\":\"https:\/\/monita.es\/en\/#organization\"},\"potentialAction\":[{\"@type\":\"SearchAction\",\"target\":{\"@type\":\"EntryPoint\",\"urlTemplate\":\"https:\/\/monita.es\/en\/?s={search_term_string}\"},\"query-input\":{\"@type\":\"PropertyValueSpecification\",\"valueRequired\":true,\"valueName\":\"search_term_string\"}}],\"inLanguage\":\"en-US\"},{\"@type\":\"Organization\",\"@id\":\"https:\/\/monita.es\/en\/#organization\",\"name\":\"Mo\u00f1ita\",\"url\":\"https:\/\/monita.es\/en\/\",\"logo\":{\"@type\":\"ImageObject\",\"inLanguage\":\"en-US\",\"@id\":\"https:\/\/monita.es\/en\/#\/schema\/logo\/image\/\",\"url\":\"https:\/\/monita.es\/wp-content\/uploads\/cropped-cropped-logo-monita-1-neg.png\",\"contentUrl\":\"https:\/\/monita.es\/wp-content\/uploads\/cropped-cropped-logo-monita-1-neg.png\",\"width\":785,\"height\":666,\"caption\":\"Mo\u00f1ita\"},\"image\":{\"@id\":\"https:\/\/monita.es\/en\/#\/schema\/logo\/image\/\"}}]}<\/script>\n<!-- \/ Yoast SEO plugin. -->","yoast_head_json":{"title":"Buy tents - Tents - MO\u00d1ITA Visit us","description":"At MO\u00d1ITA we are positioned as leaders in our sector. Visit us to buy tents at a good price and with full guarantee","robots":{"index":"index","follow":"follow","max-snippet":"max-snippet:-1","max-image-preview":"max-image-preview:large","max-video-preview":"max-video-preview:-1"},"canonical":"https:\/\/monita.es\/en\/carpas\/comprar-carpas\/","og_locale":"en_US","og_type":"article","og_title":"Buy tents - Tents - MO\u00d1ITA Visit us","og_description":"At MO\u00d1ITA we are positioned as leaders in our sector. Visit us to buy tents at a good price and with full guarantee","og_url":"https:\/\/monita.es\/en\/carpas\/comprar-carpas\/","og_site_name":"Venta de carpas en Madrid - MO\u00d1ITA","article_modified_time":"2019-06-20T13:49:21+00:00","og_image":[{"width":260,"height":270,"url":"https:\/\/monita.es\/wp-content\/uploads\/2014\/12\/toldos-monita-almacenes-temporales.jpg","type":"image\/jpeg"}],"twitter_misc":{"Est. reading time":"1 minute"},"schema":{"@context":"https:\/\/schema.org","@graph":[{"@type":"WebPage","@id":"https:\/\/monita.es\/en\/carpas\/comprar-carpas\/","url":"https:\/\/monita.es\/en\/carpas\/comprar-carpas\/","name":"Buy tents - Tents - MO\u00d1ITA Visit us","isPartOf":{"@id":"https:\/\/monita.es\/en\/#website"},"primaryImageOfPage":{"@id":"https:\/\/monita.es\/en\/carpas\/comprar-carpas\/#primaryimage"},"image":{"@id":"https:\/\/monita.es\/en\/carpas\/comprar-carpas\/#primaryimage"},"thumbnailUrl":"https:\/\/monita.es\/wp-content\/uploads\/2014\/12\/toldos-monita-almacenes-temporales.jpg","datePublished":"2014-12-17T20:50:54+00:00","dateModified":"2019-06-20T13:49:21+00:00","description":"At MO\u00d1ITA we are positioned as leaders in our sector. Visit us to buy tents at a good price and with full guarantee","breadcrumb":{"@id":"https:\/\/monita.es\/en\/carpas\/comprar-carpas\/#breadcrumb"},"inLanguage":"en-US","potentialAction":[{"@type":"ReadAction","target":["https:\/\/monita.es\/en\/carpas\/comprar-carpas\/"]}]},{"@type":"ImageObject","inLanguage":"en-US","@id":"https:\/\/monita.es\/en\/carpas\/comprar-carpas\/#primaryimage","url":"https:\/\/monita.es\/wp-content\/uploads\/2014\/12\/toldos-monita-almacenes-temporales.jpg","contentUrl":"https:\/\/monita.es\/wp-content\/uploads\/2014\/12\/toldos-monita-almacenes-temporales.jpg","width":260,"height":270,"caption":"MO\u00d1ITA almacenes temporales"},{"@type":"BreadcrumbList","@id":"https:\/\/monita.es\/en\/carpas\/comprar-carpas\/#breadcrumb","itemListElement":[{"@type":"ListItem","position":1,"name":"Mo\u00f1ita","item":"https:\/\/monita.es\/en\/home-empresa\/"},{"@type":"ListItem","position":2,"name":"Marquees","item":"https:\/\/monita.es\/en\/carpas\/"},{"@type":"ListItem","position":3,"name":"Buying marquees"}]},{"@type":"WebSite","@id":"https:\/\/monita.es\/en\/#website","url":"https:\/\/monita.es\/en\/","name":"Venta de carpas en Madrid - MO\u00d1ITA","description":"MO\u00d1ITA es carpas, confecci\u00f3n de lonas para usos industriales, fachada textil, arquitectura textil y toldos. Dise\u00f1amos, proyectamos y creamos tu proyecto.","publisher":{"@id":"https:\/\/monita.es\/en\/#organization"},"potentialAction":[{"@type":"SearchAction","target":{"@type":"EntryPoint","urlTemplate":"https:\/\/monita.es\/en\/?s={search_term_string}"},"query-input":{"@type":"PropertyValueSpecification","valueRequired":true,"valueName":"search_term_string"}}],"inLanguage":"en-US"},{"@type":"Organization","@id":"https:\/\/monita.es\/en\/#organization","name":"Mo\u00f1ita","url":"https:\/\/monita.es\/en\/","logo":{"@type":"ImageObject","inLanguage":"en-US","@id":"https:\/\/monita.es\/en\/#\/schema\/logo\/image\/","url":"https:\/\/monita.es\/wp-content\/uploads\/cropped-cropped-logo-monita-1-neg.png","contentUrl":"https:\/\/monita.es\/wp-content\/uploads\/cropped-cropped-logo-monita-1-neg.png","width":785,"height":666,"caption":"Mo\u00f1ita"},"image":{"@id":"https:\/\/monita.es\/en\/#\/schema\/logo\/image\/"}}]}},"_links":{"self":[{"href":"https:\/\/monita.es\/en\/wp-json\/wp\/v2\/pages\/2678","targetHints":{"allow":["GET"]}}],"collection":[{"href":"https:\/\/monita.es\/en\/wp-json\/wp\/v2\/pages"}],"about":[{"href":"https:\/\/monita.es\/en\/wp-json\/wp\/v2\/types\/page"}],"author":[{"embeddable":true,"href":"https:\/\/monita.es\/en\/wp-json\/wp\/v2\/users\/2"}],"replies":[{"embeddable":true,"href":"https:\/\/monita.es\/en\/wp-json\/wp\/v2\/comments?post=2678"}],"version-history":[{"count":0,"href":"https:\/\/monita.es\/en\/wp-json\/wp\/v2\/pages\/2678\/revisions"}],"up":[{"embeddable":true,"href":"https:\/\/monita.es\/en\/wp-json\/wp\/v2\/pages\/2641"}],"wp:featuredmedia":[{"embeddable":true,"href":"https:\/\/monita.es\/en\/wp-json\/wp\/v2\/media\/489"}],"wp:attachment":[{"href":"https:\/\/monita.es\/en\/wp-json\/wp\/v2\/media?parent=2678"}],"curies":[{"name":"wp","href":"https:\/\/api.w.org\/{rel}","templated":true}]}}