{"id":2674,"date":"2014-12-17T20:50:09","date_gmt":"2014-12-17T20:50:09","guid":{"rendered":"https:\/\/monita.es\/carpas\/venta-de-carpas-en-madrid\/"},"modified":"2019-06-06T15:05:04","modified_gmt":"2019-06-06T15:05:04","slug":"venta-de-carpas-en-madrid","status":"publish","type":"page","link":"https:\/\/monita.es\/en\/venta-de-carpas-en-madrid\/","title":{"rendered":"Marquees for sale in Madrid"},"content":{"rendered":"<p><strong>TECTUM\u00ae<\/strong> manufactures, assembles and installs the marquee that fits your needs.\u00a0The <strong>sale of TECTUM\u00ae marquees in Madrid<\/strong> offers top quality and market warranty.<\/p>\n<p>Request a quote, sale of marquees in Madrid: cost and quality. Visit <strong>MO\u00d1ITA<\/strong> and check out our 5,000 m2-space for selling marquees.\u00a0Our company currently has sites in Madrid and Salamanca. We have a team of specialists available to offer advice to each and every client that pays us a visit.<\/p>\n<h2><strong>Experts in selling marquees in Madrid<\/strong><\/h2>\n<p>At<strong> MO\u00d1ITA<\/strong> we offer:<\/p>\n<ul>\n<li><a href=\"https:\/\/monita.es\/carpas\/carpas-tectum\/?lang=en\">New <strong>TECTUM<sup>\u00ae<\/sup> marquees<\/strong><\/a>.<\/li>\n<li><a href=\"https:\/\/monita.es\/carpas\/carpas-de-segunda-mano\/?lang=en\">Second-hand marquees<\/a>.<\/li>\n<\/ul>\n<p>Since we first set out on our business venture we have been acknowledged for the quality, resistance and durability of the marquees we sell, as well as for the support and guarantee that our brand offers.<\/p>\n<p><strong>TECTUM\u00ae<\/strong> is the point of reference for the sale of marquees in Madrid and across the country, offering our clients all measurements.<\/p>\n","protected":false},"excerpt":{"rendered":"<p>TECTUM\u00ae manufactures, assembles and installs the marquee that fits your needs.\u00a0The sale of TECTUM\u00ae marquees in Madrid offers top quality and market warranty. Request a quote, sale of marquees in Madrid: cost and quality. Visit MO\u00d1ITA and check out our 5,000 m2-space for selling marquees.\u00a0Our company currently has sites in Madrid and Salamanca. We have &#8230; <a title=\"Marquees for sale in Madrid\" class=\"read-more\" href=\"https:\/\/monita.es\/en\/venta-de-carpas-en-madrid\/\" aria-label=\"Read more about Marquees for sale in Madrid\">Leer m\u00e1s<\/a><\/p>\n","protected":false},"author":2,"featured_media":490,"parent":0,"menu_order":11,"comment_status":"open","ping_status":"closed","template":"template-page-interna.php","meta":{"footnotes":""},"class_list":["post-2674","page","type-page","status-publish","has-post-thumbnail"],"yoast_head":"<!-- This site is optimized with the Yoast SEO plugin v24.7 - https:\/\/yoast.com\/wordpress\/plugins\/seo\/ -->\n<title>Sale tents in Madrid - MO\u00d1ITA rent and sale of tents<\/title>\n<meta name=\"description\" content=\"In MO\u00d1ITA we have a large catalog of sale of tents in Madrid. Visit us and check the quality of our products\" \/>\n<meta name=\"robots\" content=\"index, follow, max-snippet:-1, max-image-preview:large, max-video-preview:-1\" \/>\n<link rel=\"canonical\" href=\"https:\/\/monita.es\/en\/venta-de-carpas-en-madrid\/\" \/>\n<meta property=\"og:locale\" content=\"en_US\" \/>\n<meta property=\"og:type\" content=\"article\" \/>\n<meta property=\"og:title\" content=\"Sale tents in Madrid - MO\u00d1ITA rent and sale of tents\" \/>\n<meta property=\"og:description\" content=\"In MO\u00d1ITA we have a large catalog of sale of tents in Madrid. Visit us and check the quality of our products\" \/>\n<meta property=\"og:url\" content=\"https:\/\/monita.es\/en\/venta-de-carpas-en-madrid\/\" \/>\n<meta property=\"og:site_name\" content=\"Venta de carpas en Madrid - MO\u00d1ITA\" \/>\n<meta property=\"article:modified_time\" content=\"2019-06-06T15:05:04+00:00\" \/>\n<meta property=\"og:image\" content=\"https:\/\/monita.es\/wp-content\/uploads\/2014\/12\/toldos-monita-aside-actividad-deportiva.jpg\" \/>\n\t<meta property=\"og:image:width\" content=\"260\" \/>\n\t<meta property=\"og:image:height\" content=\"270\" \/>\n\t<meta property=\"og:image:type\" content=\"image\/jpeg\" \/>\n<meta name=\"twitter:label1\" content=\"Est. reading time\" \/>\n\t<meta name=\"twitter:data1\" content=\"1 minute\" \/>\n<script type=\"application\/ld+json\" class=\"yoast-schema-graph\">{\"@context\":\"https:\/\/schema.org\",\"@graph\":[{\"@type\":\"WebPage\",\"@id\":\"https:\/\/monita.es\/en\/venta-de-carpas-en-madrid\/\",\"url\":\"https:\/\/monita.es\/en\/venta-de-carpas-en-madrid\/\",\"name\":\"Sale tents in Madrid - MO\u00d1ITA rent and sale of tents\",\"isPartOf\":{\"@id\":\"https:\/\/monita.es\/en\/#website\"},\"primaryImageOfPage\":{\"@id\":\"https:\/\/monita.es\/en\/venta-de-carpas-en-madrid\/#primaryimage\"},\"image\":{\"@id\":\"https:\/\/monita.es\/en\/venta-de-carpas-en-madrid\/#primaryimage\"},\"thumbnailUrl\":\"https:\/\/monita.es\/wp-content\/uploads\/2014\/12\/toldos-monita-aside-actividad-deportiva.jpg\",\"datePublished\":\"2014-12-17T20:50:09+00:00\",\"dateModified\":\"2019-06-06T15:05:04+00:00\",\"description\":\"In MO\u00d1ITA we have a large catalog of sale of tents in Madrid. Visit us and check the quality of our products\",\"breadcrumb\":{\"@id\":\"https:\/\/monita.es\/en\/venta-de-carpas-en-madrid\/#breadcrumb\"},\"inLanguage\":\"en-US\",\"potentialAction\":[{\"@type\":\"ReadAction\",\"target\":[\"https:\/\/monita.es\/en\/venta-de-carpas-en-madrid\/\"]}]},{\"@type\":\"ImageObject\",\"inLanguage\":\"en-US\",\"@id\":\"https:\/\/monita.es\/en\/venta-de-carpas-en-madrid\/#primaryimage\",\"url\":\"https:\/\/monita.es\/wp-content\/uploads\/2014\/12\/toldos-monita-aside-actividad-deportiva.jpg\",\"contentUrl\":\"https:\/\/monita.es\/wp-content\/uploads\/2014\/12\/toldos-monita-aside-actividad-deportiva.jpg\",\"width\":260,\"height\":270,\"caption\":\"MO\u00d1ITA carpas para actividades deportivas\"},{\"@type\":\"BreadcrumbList\",\"@id\":\"https:\/\/monita.es\/en\/venta-de-carpas-en-madrid\/#breadcrumb\",\"itemListElement\":[{\"@type\":\"ListItem\",\"position\":1,\"name\":\"Mo\u00f1ita\",\"item\":\"https:\/\/monita.es\/en\/home-empresa\/\"},{\"@type\":\"ListItem\",\"position\":2,\"name\":\"Marquees for sale in Madrid\"}]},{\"@type\":\"WebSite\",\"@id\":\"https:\/\/monita.es\/en\/#website\",\"url\":\"https:\/\/monita.es\/en\/\",\"name\":\"Venta de carpas en Madrid - MO\u00d1ITA\",\"description\":\"MO\u00d1ITA es carpas, confecci\u00f3n de lonas para usos industriales, fachada textil, arquitectura textil y toldos. Dise\u00f1amos, proyectamos y creamos tu proyecto.\",\"publisher\":{\"@id\":\"https:\/\/monita.es\/en\/#organization\"},\"potentialAction\":[{\"@type\":\"SearchAction\",\"target\":{\"@type\":\"EntryPoint\",\"urlTemplate\":\"https:\/\/monita.es\/en\/?s={search_term_string}\"},\"query-input\":{\"@type\":\"PropertyValueSpecification\",\"valueRequired\":true,\"valueName\":\"search_term_string\"}}],\"inLanguage\":\"en-US\"},{\"@type\":\"Organization\",\"@id\":\"https:\/\/monita.es\/en\/#organization\",\"name\":\"Mo\u00f1ita\",\"url\":\"https:\/\/monita.es\/en\/\",\"logo\":{\"@type\":\"ImageObject\",\"inLanguage\":\"en-US\",\"@id\":\"https:\/\/monita.es\/en\/#\/schema\/logo\/image\/\",\"url\":\"https:\/\/monita.es\/wp-content\/uploads\/cropped-cropped-logo-monita-1-neg.png\",\"contentUrl\":\"https:\/\/monita.es\/wp-content\/uploads\/cropped-cropped-logo-monita-1-neg.png\",\"width\":785,\"height\":666,\"caption\":\"Mo\u00f1ita\"},\"image\":{\"@id\":\"https:\/\/monita.es\/en\/#\/schema\/logo\/image\/\"}}]}<\/script>\n<!-- \/ Yoast SEO plugin. -->","yoast_head_json":{"title":"Sale tents in Madrid - MO\u00d1ITA rent and sale of tents","description":"In MO\u00d1ITA we have a large catalog of sale of tents in Madrid. Visit us and check the quality of our products","robots":{"index":"index","follow":"follow","max-snippet":"max-snippet:-1","max-image-preview":"max-image-preview:large","max-video-preview":"max-video-preview:-1"},"canonical":"https:\/\/monita.es\/en\/venta-de-carpas-en-madrid\/","og_locale":"en_US","og_type":"article","og_title":"Sale tents in Madrid - MO\u00d1ITA rent and sale of tents","og_description":"In MO\u00d1ITA we have a large catalog of sale of tents in Madrid. Visit us and check the quality of our products","og_url":"https:\/\/monita.es\/en\/venta-de-carpas-en-madrid\/","og_site_name":"Venta de carpas en Madrid - MO\u00d1ITA","article_modified_time":"2019-06-06T15:05:04+00:00","og_image":[{"width":260,"height":270,"url":"https:\/\/monita.es\/wp-content\/uploads\/2014\/12\/toldos-monita-aside-actividad-deportiva.jpg","type":"image\/jpeg"}],"twitter_misc":{"Est. reading time":"1 minute"},"schema":{"@context":"https:\/\/schema.org","@graph":[{"@type":"WebPage","@id":"https:\/\/monita.es\/en\/venta-de-carpas-en-madrid\/","url":"https:\/\/monita.es\/en\/venta-de-carpas-en-madrid\/","name":"Sale tents in Madrid - MO\u00d1ITA rent and sale of tents","isPartOf":{"@id":"https:\/\/monita.es\/en\/#website"},"primaryImageOfPage":{"@id":"https:\/\/monita.es\/en\/venta-de-carpas-en-madrid\/#primaryimage"},"image":{"@id":"https:\/\/monita.es\/en\/venta-de-carpas-en-madrid\/#primaryimage"},"thumbnailUrl":"https:\/\/monita.es\/wp-content\/uploads\/2014\/12\/toldos-monita-aside-actividad-deportiva.jpg","datePublished":"2014-12-17T20:50:09+00:00","dateModified":"2019-06-06T15:05:04+00:00","description":"In MO\u00d1ITA we have a large catalog of sale of tents in Madrid. Visit us and check the quality of our products","breadcrumb":{"@id":"https:\/\/monita.es\/en\/venta-de-carpas-en-madrid\/#breadcrumb"},"inLanguage":"en-US","potentialAction":[{"@type":"ReadAction","target":["https:\/\/monita.es\/en\/venta-de-carpas-en-madrid\/"]}]},{"@type":"ImageObject","inLanguage":"en-US","@id":"https:\/\/monita.es\/en\/venta-de-carpas-en-madrid\/#primaryimage","url":"https:\/\/monita.es\/wp-content\/uploads\/2014\/12\/toldos-monita-aside-actividad-deportiva.jpg","contentUrl":"https:\/\/monita.es\/wp-content\/uploads\/2014\/12\/toldos-monita-aside-actividad-deportiva.jpg","width":260,"height":270,"caption":"MO\u00d1ITA carpas para actividades deportivas"},{"@type":"BreadcrumbList","@id":"https:\/\/monita.es\/en\/venta-de-carpas-en-madrid\/#breadcrumb","itemListElement":[{"@type":"ListItem","position":1,"name":"Mo\u00f1ita","item":"https:\/\/monita.es\/en\/home-empresa\/"},{"@type":"ListItem","position":2,"name":"Marquees for sale in Madrid"}]},{"@type":"WebSite","@id":"https:\/\/monita.es\/en\/#website","url":"https:\/\/monita.es\/en\/","name":"Venta de carpas en Madrid - MO\u00d1ITA","description":"MO\u00d1ITA es carpas, confecci\u00f3n de lonas para usos industriales, fachada textil, arquitectura textil y toldos. Dise\u00f1amos, proyectamos y creamos tu proyecto.","publisher":{"@id":"https:\/\/monita.es\/en\/#organization"},"potentialAction":[{"@type":"SearchAction","target":{"@type":"EntryPoint","urlTemplate":"https:\/\/monita.es\/en\/?s={search_term_string}"},"query-input":{"@type":"PropertyValueSpecification","valueRequired":true,"valueName":"search_term_string"}}],"inLanguage":"en-US"},{"@type":"Organization","@id":"https:\/\/monita.es\/en\/#organization","name":"Mo\u00f1ita","url":"https:\/\/monita.es\/en\/","logo":{"@type":"ImageObject","inLanguage":"en-US","@id":"https:\/\/monita.es\/en\/#\/schema\/logo\/image\/","url":"https:\/\/monita.es\/wp-content\/uploads\/cropped-cropped-logo-monita-1-neg.png","contentUrl":"https:\/\/monita.es\/wp-content\/uploads\/cropped-cropped-logo-monita-1-neg.png","width":785,"height":666,"caption":"Mo\u00f1ita"},"image":{"@id":"https:\/\/monita.es\/en\/#\/schema\/logo\/image\/"}}]}},"_links":{"self":[{"href":"https:\/\/monita.es\/en\/wp-json\/wp\/v2\/pages\/2674","targetHints":{"allow":["GET"]}}],"collection":[{"href":"https:\/\/monita.es\/en\/wp-json\/wp\/v2\/pages"}],"about":[{"href":"https:\/\/monita.es\/en\/wp-json\/wp\/v2\/types\/page"}],"author":[{"embeddable":true,"href":"https:\/\/monita.es\/en\/wp-json\/wp\/v2\/users\/2"}],"replies":[{"embeddable":true,"href":"https:\/\/monita.es\/en\/wp-json\/wp\/v2\/comments?post=2674"}],"version-history":[{"count":0,"href":"https:\/\/monita.es\/en\/wp-json\/wp\/v2\/pages\/2674\/revisions"}],"wp:featuredmedia":[{"embeddable":true,"href":"https:\/\/monita.es\/en\/wp-json\/wp\/v2\/media\/490"}],"wp:attachment":[{"href":"https:\/\/monita.es\/en\/wp-json\/wp\/v2\/media?parent=2674"}],"curies":[{"name":"wp","href":"https:\/\/api.w.org\/{rel}","templated":true}]}}