{"id":2634,"date":"2014-12-17T19:55:08","date_gmt":"2014-12-17T19:55:08","guid":{"rendered":"https:\/\/monita.es\/monita\/"},"modified":"2019-05-13T13:52:07","modified_gmt":"2019-05-13T13:52:07","slug":"monita","status":"publish","type":"page","link":"https:\/\/monita.es\/en\/monita\/","title":{"rendered":"MO\u00d1ITA &#8211; Sale of marquees and tarpaulins"},"content":{"rendered":"<p>We are <strong>MO\u00d1ITA<\/strong>, <strong>a Spanish company specialising in the sale of marquees and tarpaulins that was founded in 1941<\/strong>. Since then, three generations have worked tirelessly to secure the continuous improvement and evolution of our products and services.<\/p>\n<p>Our company specialises in the <strong>manufacturing<\/strong>, <strong>installation<\/strong>, <strong>hire<\/strong> and <strong>sale<\/strong> of:<\/p>\n<ul>\n<li><a href=\"https:\/\/monita.es\/carpas\/\">Marquees<\/a>.<\/li>\n<li><a href=\"https:\/\/monita.es\/arquitectura-textil\/?lang=en\">Textile architecture<\/a>.<\/li>\n<li><a href=\"https:\/\/monita.es\/confeccion-industrial-lonas\/?lang=en\">Industrial production \/ Tarpaulins<\/a>.<\/li>\n<li><a href=\"https:\/\/monita.es\/toldos\/?lang=en\">Awnings<\/a>.<\/li>\n<\/ul>\n<p>We currently have two work centres in <strong>Salamanca<\/strong> and <strong>Madrid<\/strong>. The first one is used for <strong>manufacturing TECTUM\u00ae Marquees<\/strong> and <a href=\"https:\/\/monita.es\/confeccion-industrial-lonas\/?lang=en\">producing tarpaulins<\/a>, whilst the second houses our production workshop and material warehouses for <strong>marquee hire<\/strong> and assembly equipment. Our two work centres are equipped with the best machinery and technology. This allows us to consolidate all our services in the same site. This boosts our efficiency and the quality of our products.<\/p>\n<h2>Marquees and awnings<\/h2>\n<p><strong>MO\u00d1ITA<\/strong> is a company specialised in the manufacturing of <strong>modular structures<\/strong> (abris, marquees, etc.); the design and implementation of <strong>textile architecture <\/strong>\u00a0projects and large advertising banners; the production of membranes for the aviation and military sector;\u00a0<strong>tarpaulins<\/strong> for transport; <strong>awnings<\/strong> and automated systems; <a href=\"https:\/\/monita.es\/confeccion-industrial-lonas\/lonas-para-piscinas\/?lang=en\">tarpaulins for swimming pools<\/a>; inflatable advertising; construction covers.<\/p>\n","protected":false},"excerpt":{"rendered":"<p>We are MO\u00d1ITA, a Spanish company specialising in the sale of marquees and tarpaulins that was founded in 1941. Since then, three generations have worked tirelessly to secure the continuous improvement and evolution of our products and services. Our company specialises in the manufacturing, installation, hire and sale of: Marquees. Textile architecture. Industrial production \/ &#8230; <a title=\"MO\u00d1ITA &#8211; Sale of marquees and tarpaulins\" class=\"read-more\" href=\"https:\/\/monita.es\/en\/monita\/\" aria-label=\"Read more about MO\u00d1ITA &#8211; Sale of marquees and tarpaulins\">Leer m\u00e1s<\/a><\/p>\n","protected":false},"author":2,"featured_media":482,"parent":0,"menu_order":1,"comment_status":"open","ping_status":"closed","template":"template-page-interna.php","meta":{"footnotes":""},"class_list":["post-2634","page","type-page","status-publish","has-post-thumbnail"],"yoast_head":"<!-- This site is optimized with the Yoast SEO plugin v24.7 - https:\/\/yoast.com\/wordpress\/plugins\/seo\/ -->\n<title>Mo\u00f1ita: Tents and awnings in Salamanca and Madrid - MO\u00d1ITA<\/title>\n<meta name=\"description\" content=\"At MO\u00d1ITA we have been manufacturing tents and awnings since 1941. The competitiveness of our prices and the quality of our products will convince you. Call us\" \/>\n<meta name=\"robots\" content=\"noindex, follow\" \/>\n<meta property=\"og:locale\" content=\"en_US\" \/>\n<meta property=\"og:type\" content=\"article\" \/>\n<meta property=\"og:title\" content=\"Mo\u00f1ita: Tents and awnings in Salamanca and Madrid - MO\u00d1ITA\" \/>\n<meta property=\"og:description\" content=\"At MO\u00d1ITA we have been manufacturing tents and awnings since 1941. The competitiveness of our prices and the quality of our products will convince you. Call us\" \/>\n<meta property=\"og:url\" content=\"https:\/\/monita.es\/en\/monita\/\" \/>\n<meta property=\"og:site_name\" content=\"Venta de carpas en Madrid - MO\u00d1ITA\" \/>\n<meta property=\"article:modified_time\" content=\"2019-05-13T13:52:07+00:00\" \/>\n<meta property=\"og:image\" content=\"https:\/\/monita.es\/wp-content\/uploads\/2014\/12\/toldos-monita-aside-monita.jpg\" \/>\n\t<meta property=\"og:image:width\" content=\"260\" \/>\n\t<meta property=\"og:image:height\" content=\"270\" \/>\n\t<meta property=\"og:image:type\" content=\"image\/jpeg\" \/>\n<meta name=\"twitter:label1\" content=\"Est. reading time\" \/>\n\t<meta name=\"twitter:data1\" content=\"1 minute\" \/>\n<script type=\"application\/ld+json\" class=\"yoast-schema-graph\">{\"@context\":\"https:\/\/schema.org\",\"@graph\":[{\"@type\":\"WebPage\",\"@id\":\"https:\/\/monita.es\/en\/monita\/\",\"url\":\"https:\/\/monita.es\/en\/monita\/\",\"name\":\"Mo\u00f1ita: Tents and awnings in Salamanca and Madrid - MO\u00d1ITA\",\"isPartOf\":{\"@id\":\"https:\/\/monita.es\/en\/#website\"},\"primaryImageOfPage\":{\"@id\":\"https:\/\/monita.es\/en\/monita\/#primaryimage\"},\"image\":{\"@id\":\"https:\/\/monita.es\/en\/monita\/#primaryimage\"},\"thumbnailUrl\":\"https:\/\/monita.es\/wp-content\/uploads\/2014\/12\/toldos-monita-aside-monita.jpg\",\"datePublished\":\"2014-12-17T19:55:08+00:00\",\"dateModified\":\"2019-05-13T13:52:07+00:00\",\"description\":\"At MO\u00d1ITA we have been manufacturing tents and awnings since 1941. The competitiveness of our prices and the quality of our products will convince you. Call us\",\"breadcrumb\":{\"@id\":\"https:\/\/monita.es\/en\/monita\/#breadcrumb\"},\"inLanguage\":\"en-US\",\"potentialAction\":[{\"@type\":\"ReadAction\",\"target\":[\"https:\/\/monita.es\/en\/monita\/\"]}]},{\"@type\":\"ImageObject\",\"inLanguage\":\"en-US\",\"@id\":\"https:\/\/monita.es\/en\/monita\/#primaryimage\",\"url\":\"https:\/\/monita.es\/wp-content\/uploads\/2014\/12\/toldos-monita-aside-monita.jpg\",\"contentUrl\":\"https:\/\/monita.es\/wp-content\/uploads\/2014\/12\/toldos-monita-aside-monita.jpg\",\"width\":260,\"height\":270,\"caption\":\"MO\u00d1ITA carpas y toldos\"},{\"@type\":\"BreadcrumbList\",\"@id\":\"https:\/\/monita.es\/en\/monita\/#breadcrumb\",\"itemListElement\":[{\"@type\":\"ListItem\",\"position\":1,\"name\":\"Mo\u00f1ita\",\"item\":\"https:\/\/monita.es\/en\/home-empresa\/\"},{\"@type\":\"ListItem\",\"position\":2,\"name\":\"MO\u00d1ITA &#8211; Sale of marquees and tarpaulins\"}]},{\"@type\":\"WebSite\",\"@id\":\"https:\/\/monita.es\/en\/#website\",\"url\":\"https:\/\/monita.es\/en\/\",\"name\":\"Venta de carpas en Madrid - MO\u00d1ITA\",\"description\":\"MO\u00d1ITA es carpas, confecci\u00f3n de lonas para usos industriales, fachada textil, arquitectura textil y toldos. Dise\u00f1amos, proyectamos y creamos tu proyecto.\",\"publisher\":{\"@id\":\"https:\/\/monita.es\/en\/#organization\"},\"potentialAction\":[{\"@type\":\"SearchAction\",\"target\":{\"@type\":\"EntryPoint\",\"urlTemplate\":\"https:\/\/monita.es\/en\/?s={search_term_string}\"},\"query-input\":{\"@type\":\"PropertyValueSpecification\",\"valueRequired\":true,\"valueName\":\"search_term_string\"}}],\"inLanguage\":\"en-US\"},{\"@type\":\"Organization\",\"@id\":\"https:\/\/monita.es\/en\/#organization\",\"name\":\"Mo\u00f1ita\",\"url\":\"https:\/\/monita.es\/en\/\",\"logo\":{\"@type\":\"ImageObject\",\"inLanguage\":\"en-US\",\"@id\":\"https:\/\/monita.es\/en\/#\/schema\/logo\/image\/\",\"url\":\"https:\/\/monita.es\/wp-content\/uploads\/cropped-cropped-logo-monita-1-neg.png\",\"contentUrl\":\"https:\/\/monita.es\/wp-content\/uploads\/cropped-cropped-logo-monita-1-neg.png\",\"width\":785,\"height\":666,\"caption\":\"Mo\u00f1ita\"},\"image\":{\"@id\":\"https:\/\/monita.es\/en\/#\/schema\/logo\/image\/\"}}]}<\/script>\n<!-- \/ Yoast SEO plugin. -->","yoast_head_json":{"title":"Mo\u00f1ita: Tents and awnings in Salamanca and Madrid - MO\u00d1ITA","description":"At MO\u00d1ITA we have been manufacturing tents and awnings since 1941. The competitiveness of our prices and the quality of our products will convince you. Call us","robots":{"index":"noindex","follow":"follow"},"og_locale":"en_US","og_type":"article","og_title":"Mo\u00f1ita: Tents and awnings in Salamanca and Madrid - MO\u00d1ITA","og_description":"At MO\u00d1ITA we have been manufacturing tents and awnings since 1941. The competitiveness of our prices and the quality of our products will convince you. Call us","og_url":"https:\/\/monita.es\/en\/monita\/","og_site_name":"Venta de carpas en Madrid - MO\u00d1ITA","article_modified_time":"2019-05-13T13:52:07+00:00","og_image":[{"width":260,"height":270,"url":"https:\/\/monita.es\/wp-content\/uploads\/2014\/12\/toldos-monita-aside-monita.jpg","type":"image\/jpeg"}],"twitter_misc":{"Est. reading time":"1 minute"},"schema":{"@context":"https:\/\/schema.org","@graph":[{"@type":"WebPage","@id":"https:\/\/monita.es\/en\/monita\/","url":"https:\/\/monita.es\/en\/monita\/","name":"Mo\u00f1ita: Tents and awnings in Salamanca and Madrid - MO\u00d1ITA","isPartOf":{"@id":"https:\/\/monita.es\/en\/#website"},"primaryImageOfPage":{"@id":"https:\/\/monita.es\/en\/monita\/#primaryimage"},"image":{"@id":"https:\/\/monita.es\/en\/monita\/#primaryimage"},"thumbnailUrl":"https:\/\/monita.es\/wp-content\/uploads\/2014\/12\/toldos-monita-aside-monita.jpg","datePublished":"2014-12-17T19:55:08+00:00","dateModified":"2019-05-13T13:52:07+00:00","description":"At MO\u00d1ITA we have been manufacturing tents and awnings since 1941. The competitiveness of our prices and the quality of our products will convince you. Call us","breadcrumb":{"@id":"https:\/\/monita.es\/en\/monita\/#breadcrumb"},"inLanguage":"en-US","potentialAction":[{"@type":"ReadAction","target":["https:\/\/monita.es\/en\/monita\/"]}]},{"@type":"ImageObject","inLanguage":"en-US","@id":"https:\/\/monita.es\/en\/monita\/#primaryimage","url":"https:\/\/monita.es\/wp-content\/uploads\/2014\/12\/toldos-monita-aside-monita.jpg","contentUrl":"https:\/\/monita.es\/wp-content\/uploads\/2014\/12\/toldos-monita-aside-monita.jpg","width":260,"height":270,"caption":"MO\u00d1ITA carpas y toldos"},{"@type":"BreadcrumbList","@id":"https:\/\/monita.es\/en\/monita\/#breadcrumb","itemListElement":[{"@type":"ListItem","position":1,"name":"Mo\u00f1ita","item":"https:\/\/monita.es\/en\/home-empresa\/"},{"@type":"ListItem","position":2,"name":"MO\u00d1ITA &#8211; Sale of marquees and tarpaulins"}]},{"@type":"WebSite","@id":"https:\/\/monita.es\/en\/#website","url":"https:\/\/monita.es\/en\/","name":"Venta de carpas en Madrid - MO\u00d1ITA","description":"MO\u00d1ITA es carpas, confecci\u00f3n de lonas para usos industriales, fachada textil, arquitectura textil y toldos. Dise\u00f1amos, proyectamos y creamos tu proyecto.","publisher":{"@id":"https:\/\/monita.es\/en\/#organization"},"potentialAction":[{"@type":"SearchAction","target":{"@type":"EntryPoint","urlTemplate":"https:\/\/monita.es\/en\/?s={search_term_string}"},"query-input":{"@type":"PropertyValueSpecification","valueRequired":true,"valueName":"search_term_string"}}],"inLanguage":"en-US"},{"@type":"Organization","@id":"https:\/\/monita.es\/en\/#organization","name":"Mo\u00f1ita","url":"https:\/\/monita.es\/en\/","logo":{"@type":"ImageObject","inLanguage":"en-US","@id":"https:\/\/monita.es\/en\/#\/schema\/logo\/image\/","url":"https:\/\/monita.es\/wp-content\/uploads\/cropped-cropped-logo-monita-1-neg.png","contentUrl":"https:\/\/monita.es\/wp-content\/uploads\/cropped-cropped-logo-monita-1-neg.png","width":785,"height":666,"caption":"Mo\u00f1ita"},"image":{"@id":"https:\/\/monita.es\/en\/#\/schema\/logo\/image\/"}}]}},"_links":{"self":[{"href":"https:\/\/monita.es\/en\/wp-json\/wp\/v2\/pages\/2634","targetHints":{"allow":["GET"]}}],"collection":[{"href":"https:\/\/monita.es\/en\/wp-json\/wp\/v2\/pages"}],"about":[{"href":"https:\/\/monita.es\/en\/wp-json\/wp\/v2\/types\/page"}],"author":[{"embeddable":true,"href":"https:\/\/monita.es\/en\/wp-json\/wp\/v2\/users\/2"}],"replies":[{"embeddable":true,"href":"https:\/\/monita.es\/en\/wp-json\/wp\/v2\/comments?post=2634"}],"version-history":[{"count":0,"href":"https:\/\/monita.es\/en\/wp-json\/wp\/v2\/pages\/2634\/revisions"}],"wp:featuredmedia":[{"embeddable":true,"href":"https:\/\/monita.es\/en\/wp-json\/wp\/v2\/media\/482"}],"wp:attachment":[{"href":"https:\/\/monita.es\/en\/wp-json\/wp\/v2\/media?parent=2634"}],"curies":[{"name":"wp","href":"https:\/\/api.w.org\/{rel}","templated":true}]}}